{"id":581588,"date":"2023-09-06T16:45:26","date_gmt":"2023-09-06T14:45:26","guid":{"rendered":"https:\/\/www.claret.cat\/llibre\/corazon-de-acero-9788418431074\/"},"modified":"2023-10-11T01:04:51","modified_gmt":"2023-10-10T23:04:51","slug":"corazon-de-acero-9788418431074","status":"publish","type":"product","link":"https:\/\/www.claret.cat\/es\/libro\/corazon-de-acero-9788418431074\/","title":{"rendered":"CORAZ\u00d3N DE ACERO"},"content":{"rendered":"<p>\u00abInfiel en vida, fiel tras la muerte.\u00bb<\/p>\n<p>Halla es una viuda que acaba de heredar una fortuna y, en consecuencia, tiene que decidir cu\u00e1l es la mejor forma de suicidarse. No tendr\u00eda por qu\u00e9 hacerlo si no fuera porque la familia del difunto la ha secuestrado para quedarse con el dinero y, antes que ceder a su chantaje, Halla prefiere quitarse la vida y, por suerte, tiene a mano una espada.<\/p>\n<p>Sarkis es un guerrero inmortal atrapado en una espada encantada. Cuando Halla desenvaina la hoja a la que est\u00e1 encadenado, Sarkis jura protegerla y ayudarla a asegurar su herencia\u2026 aunque Halla, con su bondad y su inexperiencia, no se lo pondr\u00e1 nada f\u00e1cil. Se enfrentar\u00e1n a salteadores de caminos, sacerdotes fan\u00e1ticos y colinas maliciosas y, a lo largo del trayecto, el v\u00ednculo que los une se hace cada vez m\u00e1s fuerte. Pero es posible que la verdadera amenaza sea la propia espada y el secreto que Sarkis no quiere revelar\u2026<\/p>\n<p>La esperada novela de fantas\u00eda de T. Kingfisher, autora ganadora de los premios Hugo, Locus y N\u00e9bula<\/p>\n<p>\u00abLo que hace inolvidable esta historia es el humor y la bondad de Kingfisher, y ambos recorren esta historia. Su forma de narrar parece ligera, pero es una ligereza con una profundidad sorprendente.\u00bb<\/p>\n<p>Adrienne Martini, Locus Magazine<\/p>\n","protected":false},"excerpt":{"rendered":"<p>KINGFISHER, T.<\/p>\n","protected":false},"featured_media":581589,"template":"","meta":{"_acf_changed":false,"om_disable_all_campaigns":false,"rs_blank_template":"","rs_page_bg_color":"","slide_template_v7":"","inline_featured_image":false,"_monsterinsights_skip_tracking":false,"_monsterinsights_sitenote_active":false,"_monsterinsights_sitenote_note":"","_monsterinsights_sitenote_category":0},"product_brand":[],"product_cat":[127,357],"product_tag":[],"class_list":{"0":"post-581588","1":"product","2":"type-product","3":"status-publish","4":"has-post-thumbnail","6":"product_cat-novella-contemporania","7":"product_cat-novela-contemporanea","9":"first","10":"instock","11":"taxable","12":"shipping-taxable","13":"purchasable","14":"product-type-simple"},"acf":{"autor":"KINGFISHER, T.","codart":"841843107","libros-coleccion":"FORA DE COL.LECCI\u00d3","ediciones":"1","encuadernacion":"R\u00fastica","fecha_de_publicacion":"01\/09\/2023","novedad":"1","paginas":"424","subtitulo":"","orden":"0","portada":"0","idioma":"spa","editorial":[{"ID":148615,"post_author":"3","post_date":"2022-10-14 11:59:38","post_date_gmt":"2022-10-14 09:59:38","post_content":"","post_title":"OZ EDITORIAL","post_excerpt":"","post_status":"publish","comment_status":"closed","ping_status":"closed","post_password":"","post_name":"oz-editorial","to_ping":"","pinged":"","post_modified":"2022-10-14 11:59:38","post_modified_gmt":"2022-10-14 09:59:38","post_content_filtered":"","post_parent":0,"guid":"http:\/\/dev.claret.cat\/editorial\/oz-editorial\/","menu_order":0,"post_type":"editorial","post_mime_type":"","comment_count":"0","filter":"raw"}],"autores-libros":[{"ID":390504,"post_author":"3","post_date":"2023-02-15 17:19:18","post_date_gmt":"2023-02-15 16:19:18","post_content":"","post_title":"T. KINGFISHER","post_excerpt":"","post_status":"publish","comment_status":"closed","ping_status":"closed","post_password":"","post_name":"t-kingfisher","to_ping":"","pinged":"","post_modified":"2023-02-15 17:19:18","post_modified_gmt":"2023-02-15 16:19:18","post_content_filtered":"","post_parent":0,"guid":"https:\/\/www.claret.cat\/autor\/t-kingfisher\/","menu_order":0,"post_type":"autor","post_mime_type":"","comment_count":"0","filter":"raw"}]},"aioseo_notices":[],"_links":{"self":[{"href":"https:\/\/www.claret.cat\/es\/wp-json\/wp\/v2\/product\/581588","targetHints":{"allow":["GET"]}}],"collection":[{"href":"https:\/\/www.claret.cat\/es\/wp-json\/wp\/v2\/product"}],"about":[{"href":"https:\/\/www.claret.cat\/es\/wp-json\/wp\/v2\/types\/product"}],"wp:featuredmedia":[{"embeddable":true,"href":"https:\/\/www.claret.cat\/es\/wp-json\/wp\/v2\/media\/581589"}],"wp:attachment":[{"href":"https:\/\/www.claret.cat\/es\/wp-json\/wp\/v2\/media?parent=581588"}],"wp:term":[{"taxonomy":"product_brand","embeddable":true,"href":"https:\/\/www.claret.cat\/es\/wp-json\/wp\/v2\/product_brand?post=581588"},{"taxonomy":"product_cat","embeddable":true,"href":"https:\/\/www.claret.cat\/es\/wp-json\/wp\/v2\/product_cat?post=581588"},{"taxonomy":"product_tag","embeddable":true,"href":"https:\/\/www.claret.cat\/es\/wp-json\/wp\/v2\/product_tag?post=581588"}],"curies":[{"name":"wp","href":"https:\/\/api.w.org\/{rel}","templated":true}]}}