{"id":581597,"date":"2023-09-06T16:46:00","date_gmt":"2023-09-06T14:46:00","guid":{"rendered":"https:\/\/www.claret.cat\/llibre\/les-dames-de-grace-adieu-9788417918934\/"},"modified":"2025-01-31T13:42:30","modified_gmt":"2025-01-31T12:42:30","slug":"les-dames-de-grace-adieu-9788417918934","status":"publish","type":"product","link":"https:\/\/www.claret.cat\/es\/libro\/les-dames-de-grace-adieu-9788417918934\/","title":{"rendered":"LES DAMES DE GRACE ADIEU"},"content":{"rendered":"<p>Un llibre imprescindible per als fans de Susanna Clarke i una introducci\u00f3 seductora a les seves obres per als seus nous lectors.La Terra dels Follets no est\u00e0 tan lluny com ens imaginem. A vegades, nom\u00e9s cal creuar una l\u00ednia invisible per descobrir que haurem d&#8217;enfrontar-nos amb princeses cregudes, mussols rancorosos i dames que broden maleficis; o amb fosques sendes interminables i mansions que mai se&#8217;ns apareixen amb el mateix aspecte.&nbsp;Barrejant la fina com\u00e8dia social victoriana amb temes cl\u00e0ssics del folklore brit\u00e0nic, i el rigor hist\u00f2ric amb una desbordant i f\u00e8rtil imaginaci\u00f3, Susanna Clarke ens transporta a un m\u00f3n singular i inesperat, l?atmosfera del qual posseeix el sabor fascinant i alhora vera\u00e7 dels somnis.&nbsp;Una col\u00b7lecci\u00f3 fascinant de deu hist\u00f2ries situades al m\u00f3n fant\u00e0stic de l&#8217;Anglaterra del segle XIX de Jonathan Strange i el senyor Norrell.<\/p>\n","protected":false},"excerpt":{"rendered":"<p>CLARKE, SUSANNA<\/p>\n","protected":false},"featured_media":581798,"template":"","meta":{"_acf_changed":false,"om_disable_all_campaigns":false,"rs_blank_template":"","rs_page_bg_color":"","slide_template_v7":"","inline_featured_image":false,"_monsterinsights_skip_tracking":false,"_monsterinsights_sitenote_active":false,"_monsterinsights_sitenote_note":"","_monsterinsights_sitenote_category":0},"product_brand":[],"product_cat":[127,357],"product_tag":[],"class_list":{"0":"post-581597","1":"product","2":"type-product","3":"status-publish","4":"has-post-thumbnail","6":"product_cat-novella-contemporania","7":"product_cat-novela-contemporanea","9":"first","10":"instock","11":"taxable","12":"shipping-taxable","13":"purchasable","14":"product-type-simple"},"acf":{"autor":"CLARKE, SUSANNA","codart":"841791893","libros-coleccion":"","ediciones":"1","encuadernacion":"R\u00fastica","fecha_de_publicacion":"01\/07\/2023","novedad":"1","paginas":"289","subtitulo":"","orden":"0","portada":"0","idioma":"cat","editorial":[{"ID":147425,"post_author":"3","post_date":"2022-10-14 11:50:28","post_date_gmt":"2022-10-14 09:50:28","post_content":"","post_title":"Amsterdam","post_excerpt":"","post_status":"publish","comment_status":"closed","ping_status":"closed","post_password":"","post_name":"amsterdam","to_ping":"","pinged":"","post_modified":"2022-10-14 11:50:28","post_modified_gmt":"2022-10-14 09:50:28","post_content_filtered":"","post_parent":0,"guid":"http:\/\/dev.claret.cat\/editorial\/amsterdam\/","menu_order":0,"post_type":"editorial","post_mime_type":"","comment_count":"0","filter":"raw"}],"autores-libros":[{"ID":169972,"post_author":"3","post_date":"2022-10-14 22:31:30","post_date_gmt":"2022-10-14 20:31:30","post_content":"","post_title":"SUSANNA CLARKE","post_excerpt":"","post_status":"publish","comment_status":"closed","ping_status":"closed","post_password":"","post_name":"susanna-clarke","to_ping":"","pinged":"","post_modified":"2022-10-14 22:31:30","post_modified_gmt":"2022-10-14 20:31:30","post_content_filtered":"","post_parent":0,"guid":"http:\/\/dev.claret.cat\/autor\/susanna-clarke\/","menu_order":0,"post_type":"autor","post_mime_type":"","comment_count":"0","filter":"raw"}]},"aioseo_notices":[],"_links":{"self":[{"href":"https:\/\/www.claret.cat\/es\/wp-json\/wp\/v2\/product\/581597","targetHints":{"allow":["GET"]}}],"collection":[{"href":"https:\/\/www.claret.cat\/es\/wp-json\/wp\/v2\/product"}],"about":[{"href":"https:\/\/www.claret.cat\/es\/wp-json\/wp\/v2\/types\/product"}],"wp:featuredmedia":[{"embeddable":true,"href":"https:\/\/www.claret.cat\/es\/wp-json\/wp\/v2\/media\/581798"}],"wp:attachment":[{"href":"https:\/\/www.claret.cat\/es\/wp-json\/wp\/v2\/media?parent=581597"}],"wp:term":[{"taxonomy":"product_brand","embeddable":true,"href":"https:\/\/www.claret.cat\/es\/wp-json\/wp\/v2\/product_brand?post=581597"},{"taxonomy":"product_cat","embeddable":true,"href":"https:\/\/www.claret.cat\/es\/wp-json\/wp\/v2\/product_cat?post=581597"},{"taxonomy":"product_tag","embeddable":true,"href":"https:\/\/www.claret.cat\/es\/wp-json\/wp\/v2\/product_tag?post=581597"}],"curies":[{"name":"wp","href":"https:\/\/api.w.org\/{rel}","templated":true}]}}