{"id":581726,"date":"2023-09-06T18:20:20","date_gmt":"2023-09-06T16:20:20","guid":{"rendered":"https:\/\/www.claret.cat\/llibre\/la-leyenda-de-las-mareas-mansas-9788419744760\/"},"modified":"2023-10-11T01:03:38","modified_gmt":"2023-10-10T23:03:38","slug":"la-leyenda-de-las-mareas-mansas-9788419744760","status":"publish","type":"product","link":"https:\/\/www.claret.cat\/es\/libro\/la-leyenda-de-las-mareas-mansas-9788419744760\/","title":{"rendered":"LA LEYENDA DE LAS MAREAS MANSAS"},"content":{"rendered":"<p>\u00bfConoces la leyenda de las mareas mansas?<br \/>Irene Vallejo recupera esta historia de las Metamorfosis de Ovidio, para ofrecernos una luminosa versi\u00f3n, llena de poes\u00eda, ilustrada por Lina Vila.<\/p>\n<p>Una historia para lectores valientes de cualquier edad que se atrevan a embarcarse hacia lo desconocido. Para quienes han guardado secretos y han a\u00f1orado a alguien a orillas del mar. Para aquellos que han visitado el pa\u00eds de los sue\u00f1os y han permanecido ah\u00ed incluso tras despertar. Para padres y madres que se alegran con el regreso de las aves migratorias. Para abuelas que olvidan lo que hicieron ayer, pero recuerdan los cuentos de su infancia. Para apasionados de los mitos cl\u00e1sicos y para amantes del arte que quieran sumergirse en las acuarelas de una ilustradora m\u00e1gica. Para todos los que han visto con sus propios ojos el plumaje azul y anaranjado de un mart\u00edn pescador.<\/p>\n","protected":false},"excerpt":{"rendered":"<p>VALLEJO, IRENE<\/p>\n","protected":false},"featured_media":585678,"template":"","meta":{"_acf_changed":false,"om_disable_all_campaigns":false,"rs_blank_template":"","rs_page_bg_color":"","slide_template_v7":"","inline_featured_image":false,"_monsterinsights_skip_tracking":false,"_monsterinsights_sitenote_active":false,"_monsterinsights_sitenote_note":"","_monsterinsights_sitenote_category":0},"product_brand":[],"product_cat":[105,555],"product_tag":[],"class_list":{"0":"post-581726","1":"product","2":"type-product","3":"status-publish","4":"has-post-thumbnail","6":"product_cat-regal","7":"product_cat-regalo","9":"first","10":"instock","11":"taxable","12":"shipping-taxable","13":"purchasable","14":"product-type-simple"},"acf":{"autor":"VALLEJO, IRENE","codart":"841974476","libros-coleccion":"Las tres edades","ediciones":"1","encuadernacion":"Carton\u00e9","fecha_de_publicacion":"01\/09\/2023","novedad":"1","paginas":"59","subtitulo":"","orden":"0","portada":"0","idioma":"spa","editorial":[{"ID":6365,"post_author":"3","post_date":"2022-07-28 17:50:37","post_date_gmt":"2022-07-28 15:50:37","post_content":"","post_title":"Siruela","post_excerpt":"","post_status":"publish","comment_status":"closed","ping_status":"closed","post_password":"","post_name":"siruela","to_ping":"","pinged":"","post_modified":"2022-07-28 17:50:37","post_modified_gmt":"2022-07-28 15:50:37","post_content_filtered":"","post_parent":0,"guid":"http:\/\/dev.claret.cat\/editorial\/siruela\/","menu_order":0,"post_type":"editorial","post_mime_type":"","comment_count":"0","filter":"raw"}],"autores-libros":[{"ID":5553,"post_author":"3","post_date":"2022-07-28 17:26:27","post_date_gmt":"2022-07-28 15:26:27","post_content":"","post_title":"IRENE VALLEJO","post_excerpt":"","post_status":"publish","comment_status":"closed","ping_status":"closed","post_password":"","post_name":"irene-vallejo","to_ping":"","pinged":"","post_modified":"2022-07-28 17:26:27","post_modified_gmt":"2022-07-28 15:26:27","post_content_filtered":"","post_parent":0,"guid":"http:\/\/dev.claret.cat\/autor\/irene-vallejo\/","menu_order":0,"post_type":"autor","post_mime_type":"","comment_count":"0","filter":"raw"}]},"aioseo_notices":[],"_links":{"self":[{"href":"https:\/\/www.claret.cat\/es\/wp-json\/wp\/v2\/product\/581726","targetHints":{"allow":["GET"]}}],"collection":[{"href":"https:\/\/www.claret.cat\/es\/wp-json\/wp\/v2\/product"}],"about":[{"href":"https:\/\/www.claret.cat\/es\/wp-json\/wp\/v2\/types\/product"}],"wp:featuredmedia":[{"embeddable":true,"href":"https:\/\/www.claret.cat\/es\/wp-json\/wp\/v2\/media\/585678"}],"wp:attachment":[{"href":"https:\/\/www.claret.cat\/es\/wp-json\/wp\/v2\/media?parent=581726"}],"wp:term":[{"taxonomy":"product_brand","embeddable":true,"href":"https:\/\/www.claret.cat\/es\/wp-json\/wp\/v2\/product_brand?post=581726"},{"taxonomy":"product_cat","embeddable":true,"href":"https:\/\/www.claret.cat\/es\/wp-json\/wp\/v2\/product_cat?post=581726"},{"taxonomy":"product_tag","embeddable":true,"href":"https:\/\/www.claret.cat\/es\/wp-json\/wp\/v2\/product_tag?post=581726"}],"curies":[{"name":"wp","href":"https:\/\/api.w.org\/{rel}","templated":true}]}}