{"id":581840,"date":"2023-09-07T11:40:52","date_gmt":"2023-09-07T09:40:52","guid":{"rendered":"https:\/\/www.claret.cat\/llibre\/la-piel-del-tambor-9788484506485\/"},"modified":"2023-10-11T02:02:29","modified_gmt":"2023-10-11T00:02:29","slug":"la-piel-del-tambor-9788484506485","status":"publish","type":"product","link":"https:\/\/www.claret.cat\/es\/libro\/la-piel-del-tambor-9788484506485\/","title":{"rendered":"LA PIEL DEL TAMBOR"},"content":{"rendered":"<p>\u00abUna atractiva historia de amor, codicia, fe, traici\u00f3n y asesinato. La Sevilla de P\u00e9rez-Reverte seduce a su protagonista y a sus lectores de la misma forma.\u00bb<br \/>Publishers Weekly Un pirata inform\u00e1tico que se infiltra en el Vaticano. Una iglesia barroca, en Sevilla, que mata para defenderse. Tres pintorescos malvados que aspiran a mantener viva la copla espa\u00f1ola. Una bella arist\u00f3crata andaluza. Un apuesto sacerdote-agente especialista en asuntos sucios. Un banquero celoso y su secretario lud\u00f3pata. Una septuagenaria que bebe Coca-cola. La tarjeta postal de una mujer muerta un siglo atr\u00e1s. Y el misterioso legado del capit\u00e1n Xaloc, \u00faltimo corsario espa\u00f1ol, desaparecido frente a las costas de Cuba en 1898. Con esos ingredientes, Arturo P\u00e9rez-Reverte construye en La piel del tambor una ingeniosa, compleja y fascinante trama novelesca. Con su imaginaci\u00f3n desbordante, su espectacular dominio de la ingenier\u00eda narrativa y de los diversos g\u00e9neros superpuestos -misterio, polic\u00edaco, historia, romanticismo, aventura, follet\u00edn- el autor nos sumerge sin aliento en una historia que corta al lector cualquier posible retirada, arrastr\u00e1ndolo a un enigma cuya clave se esconde a la sombra de los viejos muelles del Guadalquivir; donde todav\u00eda hoy, en las noches de luna llena, sombras de mujer agitan sus pa\u00f1uelos y goletas tripuladas por fantasmas siguen zarpando rumbo a las Antillas.La cr\u00edtica ha dicho&#8230;<br \/>\u00abP\u00e9rez-Reverte maneja todos los hilos del oficio. Los seguidores de la novela de suspense quedar\u00e1n satisfechos y tambi\u00e9n los lectores que no desde\u00f1an la profundidad.\u00bb<br \/>Le Figaro Litteraire \u00abLa piel del tambor es una de esas inusuales novelas de suspense que trascienden el g\u00e9nero.\u00bb<br \/>Time Magazine \u00abUn intrincado misterio literario&#8230; arrebatador.\u00bb<br \/>The New Yorker\u00abUna absorbente literatura sin defectos&#8230; Leer a P\u00e9rez-Reverte es uno de los mayores placeres que la ficci\u00f3n contempor\u00e1nea ofrece.\u00bb<br \/>Kirkus Reviews \u00abIngenier\u00eda perfecta.\u00bb<br \/>La Jornada de M\u00e9xico<\/p>\n","protected":false},"excerpt":{"rendered":"<p>P\u00c9REZ-REVERTE, ARTURO<\/p>\n","protected":false},"featured_media":581841,"template":"","meta":{"_acf_changed":false,"om_disable_all_campaigns":false,"rs_blank_template":"","rs_page_bg_color":"","slide_template_v7":"","inline_featured_image":false,"_monsterinsights_skip_tracking":false,"_monsterinsights_sitenote_active":false,"_monsterinsights_sitenote_note":"","_monsterinsights_sitenote_category":0},"product_brand":[],"product_cat":[127,357],"product_tag":[],"class_list":{"0":"post-581840","1":"product","2":"type-product","3":"status-publish","4":"has-post-thumbnail","6":"product_cat-novella-contemporania","7":"product_cat-novela-contemporanea","9":"first","10":"instock","11":"taxable","12":"shipping-taxable","13":"purchasable","14":"product-type-simple"},"acf":{"autor":"P\u00c9REZ-REVERTE, ARTURO","codart":"848450648","libros-coleccion":"BEST SELLER","ediciones":"1","encuadernacion":"R\u00fastica","fecha_de_publicacion":"01\/07\/2009","novedad":"1","paginas":"528","subtitulo":"","orden":"0","portada":"0","idioma":"spa","editorial":[{"ID":6178,"post_author":"3","post_date":"2022-07-28 17:46:34","post_date_gmt":"2022-07-28 15:46:34","post_content":"","post_title":"DEBOLSILLO","post_excerpt":"","post_status":"publish","comment_status":"closed","ping_status":"closed","post_password":"","post_name":"debolsillo","to_ping":"","pinged":"","post_modified":"2022-07-28 17:46:34","post_modified_gmt":"2022-07-28 15:46:34","post_content_filtered":"","post_parent":0,"guid":"http:\/\/dev.claret.cat\/editorial\/debolsillo\/","menu_order":0,"post_type":"editorial","post_mime_type":"","comment_count":"0","filter":"raw"}],"autores-libros":[{"ID":151165,"post_author":"3","post_date":"2022-10-14 14:38:43","post_date_gmt":"2022-10-14 12:38:43","post_content":"","post_title":"ARTURO PEREZ-REVERTE","post_excerpt":"","post_status":"publish","comment_status":"closed","ping_status":"closed","post_password":"","post_name":"arturo-perez-reverte-2","to_ping":"","pinged":"","post_modified":"2022-10-14 14:38:43","post_modified_gmt":"2022-10-14 12:38:43","post_content_filtered":"","post_parent":0,"guid":"http:\/\/dev.claret.cat\/autor\/arturo-perez-reverte-2\/","menu_order":0,"post_type":"autor","post_mime_type":"","comment_count":"0","filter":"raw"}]},"aioseo_notices":[],"_links":{"self":[{"href":"https:\/\/www.claret.cat\/es\/wp-json\/wp\/v2\/product\/581840","targetHints":{"allow":["GET"]}}],"collection":[{"href":"https:\/\/www.claret.cat\/es\/wp-json\/wp\/v2\/product"}],"about":[{"href":"https:\/\/www.claret.cat\/es\/wp-json\/wp\/v2\/types\/product"}],"wp:featuredmedia":[{"embeddable":true,"href":"https:\/\/www.claret.cat\/es\/wp-json\/wp\/v2\/media\/581841"}],"wp:attachment":[{"href":"https:\/\/www.claret.cat\/es\/wp-json\/wp\/v2\/media?parent=581840"}],"wp:term":[{"taxonomy":"product_brand","embeddable":true,"href":"https:\/\/www.claret.cat\/es\/wp-json\/wp\/v2\/product_brand?post=581840"},{"taxonomy":"product_cat","embeddable":true,"href":"https:\/\/www.claret.cat\/es\/wp-json\/wp\/v2\/product_cat?post=581840"},{"taxonomy":"product_tag","embeddable":true,"href":"https:\/\/www.claret.cat\/es\/wp-json\/wp\/v2\/product_tag?post=581840"}],"curies":[{"name":"wp","href":"https:\/\/api.w.org\/{rel}","templated":true}]}}