{"id":581843,"date":"2023-09-07T11:41:04","date_gmt":"2023-09-07T09:41:04","guid":{"rendered":"https:\/\/www.claret.cat\/llibre\/sidi-9788466360920\/"},"modified":"2024-02-10T11:20:09","modified_gmt":"2024-02-10T10:20:09","slug":"sidi-9788466360920","status":"publish","type":"product","link":"https:\/\/www.claret.cat\/es\/libro\/sidi-9788466360920\/","title":{"rendered":"SIDI"},"content":{"rendered":"<p>EL MEJOR LIBRO DEL A\u00d1O 2019 PARA LA CR\u00cdTICA Y LOS LECTORES  No ten\u00eda patria ni rey, s\u00f3lo un pu\u00f1ado dehombres fieles.<br \/>No ten\u00edan hambre de gloria, s\u00f3lo hambre.<br \/>As\u00ed nace un mito.<br \/>As\u00ed se cuenta una leyenda. \u00abEn \u00e9l se funden de un modo fascinante la aventura, la historia y la leyenda. Hay muchos Cid en la tradici\u00f3n espa\u00f1ola, y \u00e9ste es el m\u00edo.\u00bb<br \/>Arturo P\u00e9rez-Reverte  \u00abEl arte del mando era tratar con la naturaleza humana, y \u00e9l hab\u00eda dedicado su vida a aprenderlo. Colg\u00f3 la espada del arz\u00f3n, palme\u00f3 el cuello c\u00e1lido del animal y ech\u00f3 un vistazo alrededor: sonidos met\u00e1licos, resollar de monturas, conversaciones en voz baja. Aquellos hombres ol\u00edan a esti\u00e9rcol de caballo, cuero, aceite de armas, sudor y humo de le\u00f1a. \u00bbRudos en las formas, extraordinariamente complejos en instintos e intuiciones, eran guerreros y nunca hab\u00edan pretendido ser otra cosa. Resignados ante el azar, fatalistas sobre la vida y la muerte, obedec\u00edan de modo natural sin que la imaginaci\u00f3n les jugara malas pasadas. Rostros curtidos de viento, fr\u00edo y sol, arrugas en torno a los ojos incluso entre los m\u00e1s j\u00f3venes, manos encallecidas de empu\u00f1ar armas y pelear. Jinetes que se persignaban antes de entrar en combate y vend\u00edan su vida o muerte por ganarse el pan. Profesionales de la frontera, sab\u00edan luchar con crueldad y morir con sencillez. \u00bbNo eran malos hombres, concluy\u00f3. Ni tampoco ajenos a la compasi\u00f3n. S\u00f3lo gente dura en un mundo duro.\u00bbCr\u00edticas:<br \/>\u00abP\u00e9rez-Reverte ha dado en Sidi una obra maestra.\u00bb<br \/>Jos\u00e9 Mar\u00eda Pozuelo Yvancos, ABC Cultural \u00abUno de esos libros que te secuestran durante el tiempo que tardas en leerlos y que cuando los terminas, te dejan conmocionado hasta que las emociones que te provocaron se van disipando y te permiten regresar a tu vidarutinaria y anodina. [&#8230;] No es solo una eficaz novela hist\u00f3rica sino simplemente una excelente novela, sin m\u00e1s apellidos.\u00bb<br \/>Juan Eslava Gal\u00e1n, ABC \u00abUn magn\u00edficorelato, del todo revertiano, placentero y nada inocente.\u00bb<br \/>Santos Sanz Villanueva, El Cultural de El Mundo \u00abUn libro apasionante que, adem\u00e1s de un viaje por la historia de Espa\u00f1a, es todo un manual de liderazgo.\u00bb<br \/>Carlos Manuel S\u00e1nchez, XL Semanal \u00abSiquieren una muy buena novela sobre el siglo XI y una peque\u00f1a hueste, lean Sidi, que eso es lo importante. H\u00e1ganme caso&#8230;\u00bb<br \/>Daniel Fern\u00e1ndez, La Vanguardia \u00abSu Cid no es el matamoros hecho estatua de la hagiograf\u00eda hist\u00f3rica, sino un personaje que casi podr\u00eda confundirse con el Ethan Edwards de John Ford.\u00bb<br \/>David Gistau, El Mundo\u00abEn un tiempo en que pocos j\u00f3venes, o ninguno, habr\u00e1n le\u00eddo el Cantar de Mio Cid, esta novela puede recuperar su inter\u00e9s por el personaje. Y por la Historia de este pa\u00eds.\u00bb<br \/>Pedro Vicario, El Correo Espa\u00f1ol \u00abP\u00e9rez-Reverte nos narra, talentosa y emocionalmente, ese inicial momento de destierro cidiano en clave de \u00e9pica de western, sinpastiches ni mimetismo, sin hacer perder el entorno medieval del relato.\u00bb<br \/>Eduardo Torres-Dulce Lifante, Expansi\u00f3n \u00abSu estilo elegante se combina con un gran manejo de la lengua espa\u00f1ola. P\u00e9rez-Reverte es un maestro.\u00bb<br \/>La Stampa \u00abArturo P\u00e9rez-Reverte sabe c\u00f3mo retener al lector a cada vuelta de p\u00e1gina.\u00bb<br \/>The New York Times Book Review \u00abArturo P\u00e9rez-Reverte consigue mantener sin aliento al lector.\u00bb<br \/>Corriere della Sera\u00abP\u00e9rez-Reverte tiene un talento endiablado y un s\u00f3lido oficio.\u00bb<br \/>Avant-Critique<\/p>\n","protected":false},"excerpt":{"rendered":"<p>P\u00c9REZ-REVERTE, ARTURO<\/p>\n","protected":false},"featured_media":581844,"template":"","meta":{"_acf_changed":false,"om_disable_all_campaigns":false,"rs_blank_template":"","rs_page_bg_color":"","slide_template_v7":"","inline_featured_image":false,"_monsterinsights_skip_tracking":false,"_monsterinsights_sitenote_active":false,"_monsterinsights_sitenote_note":"","_monsterinsights_sitenote_category":0},"product_brand":[],"product_cat":[130,360],"product_tag":[],"class_list":{"0":"post-581843","1":"product","2":"type-product","3":"status-publish","4":"has-post-thumbnail","6":"product_cat-novella-historica-i-ficcio","7":"product_cat-novela-historica-y-ficcion","9":"first","10":"instock","11":"taxable","12":"shipping-taxable","13":"purchasable","14":"product-type-simple"},"acf":{"autor":"P\u00c9REZ-REVERTE, ARTURO","codart":"846636092","libros-coleccion":"BEST SELLER","ediciones":"1","encuadernacion":"R\u00fastica","fecha_de_publicacion":"01\/09\/2022","novedad":"1","paginas":"374","subtitulo":"","orden":"0","portada":"0","idioma":"spa","editorial":[{"ID":6178,"post_author":"3","post_date":"2022-07-28 17:46:34","post_date_gmt":"2022-07-28 15:46:34","post_content":"","post_title":"DEBOLSILLO","post_excerpt":"","post_status":"publish","comment_status":"closed","ping_status":"closed","post_password":"","post_name":"debolsillo","to_ping":"","pinged":"","post_modified":"2022-07-28 17:46:34","post_modified_gmt":"2022-07-28 15:46:34","post_content_filtered":"","post_parent":0,"guid":"http:\/\/dev.claret.cat\/editorial\/debolsillo\/","menu_order":0,"post_type":"editorial","post_mime_type":"","comment_count":"0","filter":"raw"}],"autores-libros":[{"ID":151165,"post_author":"3","post_date":"2022-10-14 14:38:43","post_date_gmt":"2022-10-14 12:38:43","post_content":"","post_title":"ARTURO PEREZ-REVERTE","post_excerpt":"","post_status":"publish","comment_status":"closed","ping_status":"closed","post_password":"","post_name":"arturo-perez-reverte-2","to_ping":"","pinged":"","post_modified":"2022-10-14 14:38:43","post_modified_gmt":"2022-10-14 12:38:43","post_content_filtered":"","post_parent":0,"guid":"http:\/\/dev.claret.cat\/autor\/arturo-perez-reverte-2\/","menu_order":0,"post_type":"autor","post_mime_type":"","comment_count":"0","filter":"raw"}]},"aioseo_notices":[],"_links":{"self":[{"href":"https:\/\/www.claret.cat\/es\/wp-json\/wp\/v2\/product\/581843","targetHints":{"allow":["GET"]}}],"collection":[{"href":"https:\/\/www.claret.cat\/es\/wp-json\/wp\/v2\/product"}],"about":[{"href":"https:\/\/www.claret.cat\/es\/wp-json\/wp\/v2\/types\/product"}],"wp:featuredmedia":[{"embeddable":true,"href":"https:\/\/www.claret.cat\/es\/wp-json\/wp\/v2\/media\/581844"}],"wp:attachment":[{"href":"https:\/\/www.claret.cat\/es\/wp-json\/wp\/v2\/media?parent=581843"}],"wp:term":[{"taxonomy":"product_brand","embeddable":true,"href":"https:\/\/www.claret.cat\/es\/wp-json\/wp\/v2\/product_brand?post=581843"},{"taxonomy":"product_cat","embeddable":true,"href":"https:\/\/www.claret.cat\/es\/wp-json\/wp\/v2\/product_cat?post=581843"},{"taxonomy":"product_tag","embeddable":true,"href":"https:\/\/www.claret.cat\/es\/wp-json\/wp\/v2\/product_tag?post=581843"}],"curies":[{"name":"wp","href":"https:\/\/api.w.org\/{rel}","templated":true}]}}