{"id":581955,"date":"2023-09-07T14:15:52","date_gmt":"2023-09-07T12:15:52","guid":{"rendered":"https:\/\/www.claret.cat\/llibre\/amb-els-diners-no-shi-juga-9788419341983\/"},"modified":"2023-10-11T01:02:23","modified_gmt":"2023-10-10T23:02:23","slug":"amb-els-diners-no-shi-juga-9788419341983","status":"publish","type":"product","link":"https:\/\/www.claret.cat\/es\/libro\/amb-els-diners-no-shi-juga-9788419341983\/","title":{"rendered":"AMB ELS DINERS NO S&#8217;HI JUGA!"},"content":{"rendered":"<p>T&#8221;AGRADARIA QUE ELS TEUS FILLS TINGUESSIN UNA BONA RELACI\u00d3 AMB ELS DINERS I QUE ES CONVERTISSIN EN ADULTS QUE PRENEN DECISIONS RESPONSABLES I INTEL\u00b7LIGENTS EN LA SEVA VIDA I EN LES SEVES FINANCES?<\/p>\n<p> A &#8216;Amb els diners no s&#8221;hi juga!&#8217; Sara Vicent presenta un m\u00e8tode dirigit a nens de 6 a 12 anys per a donar-los una educaci\u00f3 financera clara, estructurada i adaptable, perqu\u00e8 aprenguin a gestionar els seus diners de manera aut\u00f2noma, responsable i eficient.<br \/> Basat en diferents principis de la neuroci\u00e8ncia i de la pedagogia, i validat emp\u00edricament, l&#8221;element diferencial del m\u00e8tode de l&#8221;autora \u00e9s l&#8221;estructuraci\u00f3 i l&#8221;adaptaci\u00f3 de tot el contingut segons l&#8221;edat del teu fill, de manera que s&#8221;estableix un pas a pas esglaonat que fomenta un aprenentatge f\u00e0cil i el desenvolupament integral del nen. El teu fill adquirir\u00e0 bons h\u00e0bits financers i de mentalitat, i aprendr\u00e0 conceptes i eines essencials que li permetran no nom\u00e9s gestionar els seus diners de manera intel\u00b7ligent, sin\u00f3 que tamb\u00e9 ser\u00e0 capa\u00e7 de portar aquests aprenentatges a altres \u00e0rees de la seva vida.<\/p>\n<p> \u00abEt confessar\u00e9 una cosa: aquest llibre \u00e9s el que jo hauria volgut llegir quan em va sorgir el repte d&#8221;educar financerament els meus fills. En aquell moment, ni vaig trobar tota la informaci\u00f3 que hauria desitjat, ni la informaci\u00f3 que vaig trobar estava estructurada de la manera que jo considerava m\u00e9s adequada per als meus fills. [\u2026] Aleshores vaig emprendre la tasca de llegir, subratllar, resumir, agrupar, estructurar, contrastar, aplicar, avaluar, rellegir i millorar. He trigat uns quants anys, per\u00f2 et garanteixo que el que trobar\u00e0s en aquest llibre \u00e9s una proposta rigorosa i alhora flexible, i a m\u00e9s funciona!\u00bb.<\/p>\n","protected":false},"excerpt":{"rendered":"<p>VICENT SANTAMARIA, SARA<\/p>\n","protected":false},"featured_media":582047,"template":"","meta":{"_acf_changed":false,"om_disable_all_campaigns":false,"rs_blank_template":"","rs_page_bg_color":"","slide_template_v7":"","inline_featured_image":false,"_monsterinsights_skip_tracking":false,"_monsterinsights_sitenote_active":false,"_monsterinsights_sitenote_note":"","_monsterinsights_sitenote_category":0},"product_brand":[],"product_cat":[191,454,188,381],"product_tag":[],"class_list":{"0":"post-581955","1":"product","2":"type-product","3":"status-publish","4":"has-post-thumbnail","6":"product_cat-educacio-en-valors-pedagogia-2_humanitats","7":"product_cat-educacion-en-valores","8":"product_cat-psicopedagogia","9":"product_cat-psicopedagogia-pedagogia-2_humanidades","11":"first","12":"instock","13":"taxable","14":"shipping-taxable","15":"purchasable","16":"product-type-simple"},"acf":{"autor":"VICENT SANTAMARIA, SARA","codart":"841934198","libros-coleccion":"","ediciones":"1","encuadernacion":"R\u00fastica","fecha_de_publicacion":"01\/09\/2023","novedad":"1","paginas":"189","subtitulo":"ENSENYA ALS TEUS FILLS A GESTIONAR ELS DINERS DE MANERA AUT\u00d2NOMA, RESPONSABLE I","orden":"0","portada":"0","idioma":"cat","editorial":[{"ID":147420,"post_author":"3","post_date":"2022-10-14 11:50:26","post_date_gmt":"2022-10-14 09:50:26","post_content":"","post_title":"AMAT EDITORIAL","post_excerpt":"","post_status":"publish","comment_status":"closed","ping_status":"closed","post_password":"","post_name":"amat-editorial","to_ping":"","pinged":"","post_modified":"2022-10-14 11:50:26","post_modified_gmt":"2022-10-14 09:50:26","post_content_filtered":"","post_parent":0,"guid":"http:\/\/dev.claret.cat\/editorial\/amat-editorial\/","menu_order":0,"post_type":"editorial","post_mime_type":"","comment_count":"0","filter":"raw"}],"autores-libros":[{"ID":582032,"post_author":"3","post_date":"2023-09-07 16:12:09","post_date_gmt":"2023-09-07 14:12:09","post_content":"","post_title":"SARA VICENT SANTAMARIA","post_excerpt":"","post_status":"publish","comment_status":"closed","ping_status":"closed","post_password":"","post_name":"sara-vicent-santamaria","to_ping":"","pinged":"","post_modified":"2023-09-07 16:12:09","post_modified_gmt":"2023-09-07 14:12:09","post_content_filtered":"","post_parent":0,"guid":"https:\/\/www.claret.cat\/autor\/sara-vicent-santamaria\/","menu_order":0,"post_type":"autor","post_mime_type":"","comment_count":"0","filter":"raw"}]},"aioseo_notices":[],"_links":{"self":[{"href":"https:\/\/www.claret.cat\/es\/wp-json\/wp\/v2\/product\/581955","targetHints":{"allow":["GET"]}}],"collection":[{"href":"https:\/\/www.claret.cat\/es\/wp-json\/wp\/v2\/product"}],"about":[{"href":"https:\/\/www.claret.cat\/es\/wp-json\/wp\/v2\/types\/product"}],"wp:featuredmedia":[{"embeddable":true,"href":"https:\/\/www.claret.cat\/es\/wp-json\/wp\/v2\/media\/582047"}],"wp:attachment":[{"href":"https:\/\/www.claret.cat\/es\/wp-json\/wp\/v2\/media?parent=581955"}],"wp:term":[{"taxonomy":"product_brand","embeddable":true,"href":"https:\/\/www.claret.cat\/es\/wp-json\/wp\/v2\/product_brand?post=581955"},{"taxonomy":"product_cat","embeddable":true,"href":"https:\/\/www.claret.cat\/es\/wp-json\/wp\/v2\/product_cat?post=581955"},{"taxonomy":"product_tag","embeddable":true,"href":"https:\/\/www.claret.cat\/es\/wp-json\/wp\/v2\/product_tag?post=581955"}],"curies":[{"name":"wp","href":"https:\/\/api.w.org\/{rel}","templated":true}]}}