{"id":581987,"date":"2023-09-07T15:45:16","date_gmt":"2023-09-07T13:45:16","guid":{"rendered":"https:\/\/www.claret.cat\/llibre\/budapest-tragedia-en-el-danubio-194445-imagenes-de-guerra-57-9788412690248\/"},"modified":"2023-10-11T01:02:04","modified_gmt":"2023-10-10T23:02:04","slug":"budapest-tragedia-en-el-danubio-194445-imagenes-de-guerra-57-9788412690248","status":"publish","type":"product","link":"https:\/\/www.claret.cat\/es\/libro\/budapest-tragedia-en-el-danubio-194445-imagenes-de-guerra-57-9788412690248\/","title":{"rendered":"BUDAPEST, TRAGEDIA EN EL DANUBIO 1944-45- IMAGENES DE GUERRA 57"},"content":{"rendered":"<p>El \u00faltimo a\u00f1o de combates durante la Segunda Guerra Mundial fue tr\u00e1gico para Alemania, su aliado h\u00fangaro y posiblemente la culminaci\u00f3n de esta situaci\u00f3n se materializ\u00f3 en el asedio de Budapest, entre diciembre de 1944 y febrero de 1945.     En este texto se narran los acontecimientos que llevaron al cerco de Budapest y su posterior asedio, hasta la victoria final de las tropas sovi\u00e9ticas. A pesar de la enorme superioridad de los atacantes, Adolf Hitler consider\u00f3 de importancia vital el mantener Budapest en su poder para poder utilizarla como punto de inicio de un posterior avance germano a la vez que permitir\u00eda mantener los pozos petrol\u00edferos h\u00fangaros y el acceso a las refiner\u00edas de petr\u00f3leo en las proximidades de Viena.     En el presente libro narraremos los combates acontecidos en torno y en la propia ciudad de Budapest, para lo que nos hemos basado en numerosas fuentes principales entre las que destacamos las obras de K. Ungvary, B. Mih\u00e1lyi, M. Afiero, R. Landwerh, P. Mujzer, A. Tucker-Jones, P.Mc Taggart, P. Guillemoto y diversos foros militares; as\u00ed como otras muchas fuentes secundarias que nos permit<\/p>\n","protected":false},"excerpt":{"rendered":"<p>GIL MART\u00cdNEZ, EDUARDO MANUEL<\/p>\n","protected":false},"featured_media":581988,"template":"","meta":{"_acf_changed":false,"om_disable_all_campaigns":false,"rs_blank_template":"","rs_page_bg_color":"","slide_template_v7":"","inline_featured_image":false,"_monsterinsights_skip_tracking":false,"_monsterinsights_sitenote_active":false,"_monsterinsights_sitenote_note":"","_monsterinsights_sitenote_category":0},"product_brand":[],"product_cat":[90,540],"product_tag":[],"class_list":{"0":"post-581987","1":"product","2":"type-product","3":"status-publish","4":"has-post-thumbnail","6":"product_cat-altres","7":"product_cat-otros","9":"first","10":"instock","11":"taxable","12":"shipping-taxable","13":"purchasable","14":"product-type-simple"},"acf":{"autor":"GIL MART\u00cdNEZ, EDUARDO MANUEL","codart":"841269024","libros-coleccion":"Im\u00e1genes de Guerra","ediciones":"1","encuadernacion":"Carpeta","fecha_de_publicacion":"01\/07\/2023","novedad":"1","paginas":"190","subtitulo":"","orden":"0","portada":"0","idioma":"spa","editorial":[{"ID":147407,"post_author":"3","post_date":"2022-10-14 11:50:20","post_date_gmt":"2022-10-14 09:50:20","post_content":"","post_title":"Almena Ediciones","post_excerpt":"","post_status":"publish","comment_status":"closed","ping_status":"closed","post_password":"","post_name":"almena-ediciones","to_ping":"","pinged":"","post_modified":"2022-10-14 11:50:20","post_modified_gmt":"2022-10-14 09:50:20","post_content_filtered":"","post_parent":0,"guid":"http:\/\/dev.claret.cat\/editorial\/almena-ediciones\/","menu_order":0,"post_type":"editorial","post_mime_type":"","comment_count":"0","filter":"raw"}],"autores-libros":[{"ID":154599,"post_author":"3","post_date":"2022-10-14 15:06:06","post_date_gmt":"2022-10-14 13:06:06","post_content":"","post_title":"EDUARDO MANUEL GIL MART\u00cdNEZ","post_excerpt":"","post_status":"publish","comment_status":"closed","ping_status":"closed","post_password":"","post_name":"eduardo-manuel-gil-martinez","to_ping":"","pinged":"","post_modified":"2022-10-14 15:06:06","post_modified_gmt":"2022-10-14 13:06:06","post_content_filtered":"","post_parent":0,"guid":"http:\/\/dev.claret.cat\/autor\/eduardo-manuel-gil-martinez\/","menu_order":0,"post_type":"autor","post_mime_type":"","comment_count":"0","filter":"raw"}]},"aioseo_notices":[],"_links":{"self":[{"href":"https:\/\/www.claret.cat\/es\/wp-json\/wp\/v2\/product\/581987","targetHints":{"allow":["GET"]}}],"collection":[{"href":"https:\/\/www.claret.cat\/es\/wp-json\/wp\/v2\/product"}],"about":[{"href":"https:\/\/www.claret.cat\/es\/wp-json\/wp\/v2\/types\/product"}],"wp:featuredmedia":[{"embeddable":true,"href":"https:\/\/www.claret.cat\/es\/wp-json\/wp\/v2\/media\/581988"}],"wp:attachment":[{"href":"https:\/\/www.claret.cat\/es\/wp-json\/wp\/v2\/media?parent=581987"}],"wp:term":[{"taxonomy":"product_brand","embeddable":true,"href":"https:\/\/www.claret.cat\/es\/wp-json\/wp\/v2\/product_brand?post=581987"},{"taxonomy":"product_cat","embeddable":true,"href":"https:\/\/www.claret.cat\/es\/wp-json\/wp\/v2\/product_cat?post=581987"},{"taxonomy":"product_tag","embeddable":true,"href":"https:\/\/www.claret.cat\/es\/wp-json\/wp\/v2\/product_tag?post=581987"}],"curies":[{"name":"wp","href":"https:\/\/api.w.org\/{rel}","templated":true}]}}