{"id":581996,"date":"2023-09-07T15:45:57","date_gmt":"2023-09-07T13:45:57","guid":{"rendered":"https:\/\/www.claret.cat\/llibre\/con-el-dinero-no-se-juega-9788419341969\/"},"modified":"2023-10-11T01:01:56","modified_gmt":"2023-10-10T23:01:56","slug":"con-el-dinero-no-se-juega-9788419341969","status":"publish","type":"product","link":"https:\/\/www.claret.cat\/es\/libro\/con-el-dinero-no-se-juega-9788419341969\/","title":{"rendered":"\u00a1CON EL DINERO NO SE JUEGA!"},"content":{"rendered":"<p>\u00bfTE GUSTAR\u00cdA QUE TUS HIJOS TUVIERAN UNA BUENA RELACI\u00d3N CON EL DINERO Y QUE SE CONVIRTIERAN EN ADULTOS QUE TOMAN DECISIONES RESPONSABLES E INTELIGENTES EN SU VIDA Y EN SUS FINANZAS?<br \/> En &#8216;\u00a1Con el dinero no se juega!&#8217; Sara Vicent presenta un m\u00e9todo dirigido a ni\u00f1os de 6 a 12 a\u00f1os para darles una educaci\u00f3n financiera clara, estructurada y adaptable, para que aprendan a gestionar su dinero de manera aut\u00f3noma, responsable y eficiente.<br \/> Basado en distintos principios de la neurociencia y de la pedagog\u00eda, y validado emp\u00edricamente, el elemento diferencial del m\u00e9todo de la autora es la estructuraci\u00f3n y adaptaci\u00f3n de todo el contenido seg\u00fan la edad de tu hijo, de modo que se establece un paso a paso escalonado que fomenta un f\u00e1cil aprendizaje y el desarrollo integral del ni\u00f1o. Tu hijo adquirir\u00e1 buenos h\u00e1bitos financieros y de mentalidad, y aprender\u00e1 conceptos y herramientas esenciales que le permitir\u00e1n no solo gestionar su dinero de manera inteligente, sino que tambi\u00e9n ser\u00e1 capaz de extender estos aprendizajes a otras \u00e1reas de su vida.<\/p>\n<p> \u00abTe confesar\u00e9 una cosa: este libro es el que yo hubiera querido leer cuando me surgi\u00f3 el reto de educar financieramente a mis hijos. En aquel momento, ni encontr\u00e9 toda la informaci\u00f3n que hubiera deseado, ni la informaci\u00f3n que encontr\u00e9 estaba estructurada de la manera que yo consideraba m\u00e1s adecuada para mis hijos. [\u2026] Entonces emprend\u00ed la tarea de leer, subrayar, resumir, agrupar, estructurar, contrastar, aplicar, evaluar, releer y mejorar. He tardado unos cuantos a\u00f1os, pero te garantizo que lo que encontrar\u00e1s en este libro es una propuesta rigurosa y a la vez flexible, \u00a1y adem\u00e1s funciona!\u00bb.<\/p>\n","protected":false},"excerpt":{"rendered":"<p>VICENT SANTAMARIA, SARA<\/p>\n","protected":false},"featured_media":582043,"template":"","meta":{"_acf_changed":false,"om_disable_all_campaigns":false,"rs_blank_template":"","rs_page_bg_color":"","slide_template_v7":"","inline_featured_image":false,"_monsterinsights_skip_tracking":false,"_monsterinsights_sitenote_active":false,"_monsterinsights_sitenote_note":"","_monsterinsights_sitenote_category":0},"product_brand":[],"product_cat":[191,454,188,381],"product_tag":[],"class_list":{"0":"post-581996","1":"product","2":"type-product","3":"status-publish","4":"has-post-thumbnail","6":"product_cat-educacio-en-valors-pedagogia-2_humanitats","7":"product_cat-educacion-en-valores","8":"product_cat-psicopedagogia","9":"product_cat-psicopedagogia-pedagogia-2_humanidades","11":"first","12":"instock","13":"taxable","14":"shipping-taxable","15":"purchasable","16":"product-type-simple"},"acf":{"autor":"VICENT SANTAMARIA, SARA","codart":"841934196","libros-coleccion":"Familia y Educaci\u00f3n","ediciones":"1","encuadernacion":"R\u00fastica","fecha_de_publicacion":"01\/09\/2023","novedad":"1","paginas":"189","subtitulo":"ENSE\u00d1A A TUS HIJOS A GESTIONAR EL DINERO DE MANERA AUT\u00d3NOMA, RESPONSABLE Y EFICI","orden":"0","portada":"0","idioma":"spa","editorial":[{"ID":147420,"post_author":"3","post_date":"2022-10-14 11:50:26","post_date_gmt":"2022-10-14 09:50:26","post_content":"","post_title":"AMAT EDITORIAL","post_excerpt":"","post_status":"publish","comment_status":"closed","ping_status":"closed","post_password":"","post_name":"amat-editorial","to_ping":"","pinged":"","post_modified":"2022-10-14 11:50:26","post_modified_gmt":"2022-10-14 09:50:26","post_content_filtered":"","post_parent":0,"guid":"http:\/\/dev.claret.cat\/editorial\/amat-editorial\/","menu_order":0,"post_type":"editorial","post_mime_type":"","comment_count":"0","filter":"raw"}],"autores-libros":[{"ID":582032,"post_author":"3","post_date":"2023-09-07 16:12:09","post_date_gmt":"2023-09-07 14:12:09","post_content":"","post_title":"SARA VICENT SANTAMARIA","post_excerpt":"","post_status":"publish","comment_status":"closed","ping_status":"closed","post_password":"","post_name":"sara-vicent-santamaria","to_ping":"","pinged":"","post_modified":"2023-09-07 16:12:09","post_modified_gmt":"2023-09-07 14:12:09","post_content_filtered":"","post_parent":0,"guid":"https:\/\/www.claret.cat\/autor\/sara-vicent-santamaria\/","menu_order":0,"post_type":"autor","post_mime_type":"","comment_count":"0","filter":"raw"}]},"aioseo_notices":[],"_links":{"self":[{"href":"https:\/\/www.claret.cat\/es\/wp-json\/wp\/v2\/product\/581996","targetHints":{"allow":["GET"]}}],"collection":[{"href":"https:\/\/www.claret.cat\/es\/wp-json\/wp\/v2\/product"}],"about":[{"href":"https:\/\/www.claret.cat\/es\/wp-json\/wp\/v2\/types\/product"}],"wp:featuredmedia":[{"embeddable":true,"href":"https:\/\/www.claret.cat\/es\/wp-json\/wp\/v2\/media\/582043"}],"wp:attachment":[{"href":"https:\/\/www.claret.cat\/es\/wp-json\/wp\/v2\/media?parent=581996"}],"wp:term":[{"taxonomy":"product_brand","embeddable":true,"href":"https:\/\/www.claret.cat\/es\/wp-json\/wp\/v2\/product_brand?post=581996"},{"taxonomy":"product_cat","embeddable":true,"href":"https:\/\/www.claret.cat\/es\/wp-json\/wp\/v2\/product_cat?post=581996"},{"taxonomy":"product_tag","embeddable":true,"href":"https:\/\/www.claret.cat\/es\/wp-json\/wp\/v2\/product_tag?post=581996"}],"curies":[{"name":"wp","href":"https:\/\/api.w.org\/{rel}","templated":true}]}}