{"id":588764,"date":"2023-09-08T15:47:08","date_gmt":"2023-09-08T13:47:08","guid":{"rendered":"https:\/\/www.claret.cat\/llibre\/terrorifico-9788411580144\/"},"modified":"2024-10-02T17:40:08","modified_gmt":"2024-10-02T15:40:08","slug":"terrorifico-9788411580144","status":"publish","type":"product","link":"https:\/\/www.claret.cat\/es\/libro\/terrorifico-9788411580144\/","title":{"rendered":"\u00a1TERROR\u00cdFICO!"},"content":{"rendered":"<p>\u00a1Eh, hola! Soy Agus Pianola, seguro que me conoc\u00e9is. Las hemos pasado de todos los colores, \u00a1pero nunca hab\u00edamos tenido tanto miedo como en esta aventura! Empez\u00f3 bien, en un parque de atracciones, \u00bfqu\u00e9 pod\u00eda fallar? Pero cuando entramos en la Casa del Terror y, de repente, la puerta desapareci\u00f3, vimos que ten\u00edamos que enfrentarnos a nuestros miedos de una vez por todas.<\/p>\n","protected":false},"excerpt":{"rendered":"<p>COPONS RAMON, JAUME<\/p>\n","protected":false},"featured_media":588765,"template":"","meta":{"_acf_changed":false,"om_disable_all_campaigns":false,"rs_blank_template":"","rs_page_bg_color":"","slide_template_v7":"","inline_featured_image":false,"_monsterinsights_skip_tracking":false,"_monsterinsights_sitenote_active":false,"_monsterinsights_sitenote_note":"","_monsterinsights_sitenote_category":0},"product_brand":[],"product_cat":[132,362],"product_tag":[],"class_list":{"0":"post-588764","1":"product","2":"type-product","3":"status-publish","4":"has-post-thumbnail","6":"product_cat-lectures-per-preadolescents-6-12-anys","7":"product_cat-libros-preadolescentes-6-12-anos","9":"first","10":"instock","11":"taxable","12":"shipping-taxable","13":"purchasable","14":"product-type-simple"},"acf":{"autor":"COPONS RAMON, JAUME","codart":"841158014","libros-coleccion":"Agus y los monstruos","ediciones":"1","encuadernacion":"R\u00fastica","fecha_de_publicacion":"01\/09\/2023","novedad":"1","paginas":"155","subtitulo":"","orden":"0","portada":"0","idioma":"spa","editorial":[{"ID":147649,"post_author":"3","post_date":"2022-10-14 11:52:11","post_date_gmt":"2022-10-14 09:52:11","post_content":"","post_title":"COMBEL EDITORIAL","post_excerpt":"","post_status":"publish","comment_status":"closed","ping_status":"closed","post_password":"","post_name":"combel-editorial","to_ping":"","pinged":"","post_modified":"2022-10-14 11:52:11","post_modified_gmt":"2022-10-14 09:52:11","post_content_filtered":"","post_parent":0,"guid":"http:\/\/dev.claret.cat\/editorial\/combel-editorial\/","menu_order":0,"post_type":"editorial","post_mime_type":"","comment_count":"0","filter":"raw"}],"autores-libros":[{"ID":158579,"post_author":"3","post_date":"2022-10-14 15:37:58","post_date_gmt":"2022-10-14 13:37:58","post_content":"","post_title":"JAUME COPONS RAMON","post_excerpt":"","post_status":"publish","comment_status":"closed","ping_status":"closed","post_password":"","post_name":"jaume-copons-ramon","to_ping":"","pinged":"","post_modified":"2022-10-14 15:37:58","post_modified_gmt":"2022-10-14 13:37:58","post_content_filtered":"","post_parent":0,"guid":"http:\/\/dev.claret.cat\/autor\/jaume-copons-ramon\/","menu_order":0,"post_type":"autor","post_mime_type":"","comment_count":"0","filter":"raw"}]},"aioseo_notices":[],"_links":{"self":[{"href":"https:\/\/www.claret.cat\/es\/wp-json\/wp\/v2\/product\/588764","targetHints":{"allow":["GET"]}}],"collection":[{"href":"https:\/\/www.claret.cat\/es\/wp-json\/wp\/v2\/product"}],"about":[{"href":"https:\/\/www.claret.cat\/es\/wp-json\/wp\/v2\/types\/product"}],"wp:featuredmedia":[{"embeddable":true,"href":"https:\/\/www.claret.cat\/es\/wp-json\/wp\/v2\/media\/588765"}],"wp:attachment":[{"href":"https:\/\/www.claret.cat\/es\/wp-json\/wp\/v2\/media?parent=588764"}],"wp:term":[{"taxonomy":"product_brand","embeddable":true,"href":"https:\/\/www.claret.cat\/es\/wp-json\/wp\/v2\/product_brand?post=588764"},{"taxonomy":"product_cat","embeddable":true,"href":"https:\/\/www.claret.cat\/es\/wp-json\/wp\/v2\/product_cat?post=588764"},{"taxonomy":"product_tag","embeddable":true,"href":"https:\/\/www.claret.cat\/es\/wp-json\/wp\/v2\/product_tag?post=588764"}],"curies":[{"name":"wp","href":"https:\/\/api.w.org\/{rel}","templated":true}]}}