{"id":588785,"date":"2023-09-08T15:50:46","date_gmt":"2023-09-08T13:50:46","guid":{"rendered":"https:\/\/www.claret.cat\/llibre\/tienes-miedo-iverson-9788411580168\/"},"modified":"2025-10-29T17:55:22","modified_gmt":"2025-10-29T16:55:22","slug":"tienes-miedo-iverson-9788411580168","status":"publish","type":"product","link":"https:\/\/www.claret.cat\/es\/libro\/tienes-miedo-iverson-9788411580168\/","title":{"rendered":"\u00bfTIENES MIEDO, IVERSON?"},"content":{"rendered":"<p>En la fiesta anual de disfraces del Bosque Azul todo el mundo debe llevar un traje que d\u00e9 miedo. \u00a1Pero Iverson no sabe qu\u00e9 es el miedo! \u00bfC\u00f3mo es posible que un ogro no sepa qu\u00e9 es el miedo? Bitmax, Mus y Wagner ayudar\u00e1n a su amigo a encontrar algo que le d\u00e9 miedo.<\/p>\n","protected":false},"excerpt":{"rendered":"<p>COPONS RAMON, JAUME<\/p>\n","protected":false},"featured_media":588786,"template":"","meta":{"_acf_changed":false,"om_disable_all_campaigns":false,"rs_blank_template":"","rs_page_bg_color":"","slide_template_v7":"","inline_featured_image":false,"_monsterinsights_skip_tracking":false,"_monsterinsights_sitenote_active":false,"_monsterinsights_sitenote_note":"","_monsterinsights_sitenote_category":0},"product_brand":[],"product_cat":[132,362],"product_tag":[],"class_list":{"0":"post-588785","1":"product","2":"type-product","3":"status-publish","4":"has-post-thumbnail","6":"product_cat-lectures-per-preadolescents-6-12-anys","7":"product_cat-libros-preadolescentes-6-12-anos","9":"first","10":"instock","11":"taxable","12":"shipping-taxable","13":"purchasable","14":"product-type-simple"},"acf":{"autor":"COPONS RAMON, JAUME","codart":"841158016","libros-coleccion":"FORA DE COL.LECCI\u00d3","ediciones":"1","encuadernacion":"Carton\u00e9","fecha_de_publicacion":"01\/09\/2023","novedad":"1","paginas":"67","subtitulo":"","orden":"0","portada":"0","idioma":"spa","editorial":[{"ID":147649,"post_author":"3","post_date":"2022-10-14 11:52:11","post_date_gmt":"2022-10-14 09:52:11","post_content":"","post_title":"COMBEL EDITORIAL","post_excerpt":"","post_status":"publish","comment_status":"closed","ping_status":"closed","post_password":"","post_name":"combel-editorial","to_ping":"","pinged":"","post_modified":"2022-10-14 11:52:11","post_modified_gmt":"2022-10-14 09:52:11","post_content_filtered":"","post_parent":0,"guid":"http:\/\/dev.claret.cat\/editorial\/combel-editorial\/","menu_order":0,"post_type":"editorial","post_mime_type":"","comment_count":"0","filter":"raw"}],"autores-libros":[{"ID":158579,"post_author":"3","post_date":"2022-10-14 15:37:58","post_date_gmt":"2022-10-14 13:37:58","post_content":"","post_title":"JAUME COPONS RAMON","post_excerpt":"","post_status":"publish","comment_status":"closed","ping_status":"closed","post_password":"","post_name":"jaume-copons-ramon","to_ping":"","pinged":"","post_modified":"2022-10-14 15:37:58","post_modified_gmt":"2022-10-14 13:37:58","post_content_filtered":"","post_parent":0,"guid":"http:\/\/dev.claret.cat\/autor\/jaume-copons-ramon\/","menu_order":0,"post_type":"autor","post_mime_type":"","comment_count":"0","filter":"raw"}],"booktrailer":"","resenas":""},"aioseo_notices":[],"_links":{"self":[{"href":"https:\/\/www.claret.cat\/es\/wp-json\/wp\/v2\/product\/588785","targetHints":{"allow":["GET"]}}],"collection":[{"href":"https:\/\/www.claret.cat\/es\/wp-json\/wp\/v2\/product"}],"about":[{"href":"https:\/\/www.claret.cat\/es\/wp-json\/wp\/v2\/types\/product"}],"wp:featuredmedia":[{"embeddable":true,"href":"https:\/\/www.claret.cat\/es\/wp-json\/wp\/v2\/media\/588786"}],"wp:attachment":[{"href":"https:\/\/www.claret.cat\/es\/wp-json\/wp\/v2\/media?parent=588785"}],"wp:term":[{"taxonomy":"product_brand","embeddable":true,"href":"https:\/\/www.claret.cat\/es\/wp-json\/wp\/v2\/product_brand?post=588785"},{"taxonomy":"product_cat","embeddable":true,"href":"https:\/\/www.claret.cat\/es\/wp-json\/wp\/v2\/product_cat?post=588785"},{"taxonomy":"product_tag","embeddable":true,"href":"https:\/\/www.claret.cat\/es\/wp-json\/wp\/v2\/product_tag?post=588785"}],"curies":[{"name":"wp","href":"https:\/\/api.w.org\/{rel}","templated":true}]}}