{"id":589134,"date":"2023-09-08T16:19:09","date_gmt":"2023-09-08T14:19:09","guid":{"rendered":"https:\/\/www.claret.cat\/llibre\/una-palabra-hecha-silencio-9788430121441\/"},"modified":"2026-02-26T19:56:21","modified_gmt":"2026-02-26T18:56:21","slug":"una-palabra-hecha-silencio-9788430121441","status":"publish","type":"product","link":"https:\/\/www.claret.cat\/es\/libro\/una-palabra-hecha-silencio-9788430121441\/","title":{"rendered":"UNA PALABRA HECHA SILENCIO"},"content":{"rendered":"<p class='ql-align-justify'>La idea de que los cristianos est\u00e1n llamados a orar no es nueva. Sin embargo, muchos de ellos sienten cada vez m\u00e1s dificultad en encontrar un modo de oraci\u00f3n profunda que les conduzca a la experiencia de la comuni\u00f3n con Dios, lejos de distracciones superficiales y subjetivismos.<\/p>\n<p class='ql-align-justify'>En una \u00e9poca en que, tal vez por desconocimiento, muchas personas buscan en Oriente formas importadas de oraci\u00f3n, cobra renovada vigencia el camino trazado por Jes\u00fas, la Iglesia apost\u00f3lica y los Padres del desierto, y seguido por innumerables creyentes a lo largo de la historia.<\/p>\n<p class='ql-align-justify'>La meditaci\u00f3n cristiana se revela as\u00ed como un m\u00e9todo sencillo y una disciplina adecuada para los hombres y mujeres de hoy.<\/p>\n<p><\/p>\n","protected":false},"excerpt":{"rendered":"<p>MAIN, JOHN<\/p>\n","protected":false},"featured_media":1012057,"template":"","meta":{"_acf_changed":false,"om_disable_all_campaigns":false,"rs_blank_template":"","rs_page_bg_color":"","slide_template_v7":"","inline_featured_image":false,"_monsterinsights_skip_tracking":false,"_monsterinsights_sitenote_active":false,"_monsterinsights_sitenote_note":"","_monsterinsights_sitenote_category":0},"product_brand":[],"product_cat":[497,248],"product_tag":[],"class_list":{"0":"post-589134","1":"product","2":"type-product","3":"status-publish","4":"has-post-thumbnail","6":"product_cat-meditaciones","7":"product_cat-meditacions","9":"first","10":"instock","11":"taxable","12":"shipping-taxable","13":"purchasable","14":"product-type-simple"},"acf":{"autor":"MAIN, JOHN","codart":"843012144","libros-coleccion":"","ediciones":"1","encuadernacion":"R\u00fastica","fecha_de_publicacion":"08\/09\/2023","novedad":"1","paginas":"144","subtitulo":"GU\u00cdA PARA LA PR\u00c1CTICA CRISTIANA DE LA MEDITACI\u00d3N ","orden":"0","portada":"0","idioma":"spa","editorial":[{"ID":148817,"post_author":"3","post_date":"2022-10-14 12:01:13","post_date_gmt":"2022-10-14 10:01:13","post_content":"","post_title":"SIGUEME, EDICIONES","post_excerpt":"","post_status":"publish","comment_status":"closed","ping_status":"closed","post_password":"","post_name":"sigueme-ediciones","to_ping":"","pinged":"","post_modified":"2022-10-14 12:01:13","post_modified_gmt":"2022-10-14 10:01:13","post_content_filtered":"","post_parent":0,"guid":"http:\/\/dev.claret.cat\/editorial\/sigueme-ediciones\/","menu_order":0,"post_type":"editorial","post_mime_type":"","comment_count":"0","filter":"raw"}],"autores-libros":[{"ID":292766,"post_author":"3","post_date":"2022-12-11 02:02:19","post_date_gmt":"2022-12-11 01:02:19","post_content":"","post_title":"JOHN MAIN","post_excerpt":"","post_status":"publish","comment_status":"closed","ping_status":"closed","post_password":"","post_name":"john-main","to_ping":"","pinged":"","post_modified":"2022-12-11 02:02:19","post_modified_gmt":"2022-12-11 01:02:19","post_content_filtered":"","post_parent":0,"guid":"http:\/\/dev.claret.cat\/autor\/john-main\/","menu_order":0,"post_type":"autor","post_mime_type":"","comment_count":"0","filter":"raw"}],"booktrailer":"","resenas":""},"aioseo_notices":[],"_links":{"self":[{"href":"https:\/\/www.claret.cat\/es\/wp-json\/wp\/v2\/product\/589134","targetHints":{"allow":["GET"]}}],"collection":[{"href":"https:\/\/www.claret.cat\/es\/wp-json\/wp\/v2\/product"}],"about":[{"href":"https:\/\/www.claret.cat\/es\/wp-json\/wp\/v2\/types\/product"}],"wp:featuredmedia":[{"embeddable":true,"href":"https:\/\/www.claret.cat\/es\/wp-json\/wp\/v2\/media\/1012057"}],"wp:attachment":[{"href":"https:\/\/www.claret.cat\/es\/wp-json\/wp\/v2\/media?parent=589134"}],"wp:term":[{"taxonomy":"product_brand","embeddable":true,"href":"https:\/\/www.claret.cat\/es\/wp-json\/wp\/v2\/product_brand?post=589134"},{"taxonomy":"product_cat","embeddable":true,"href":"https:\/\/www.claret.cat\/es\/wp-json\/wp\/v2\/product_cat?post=589134"},{"taxonomy":"product_tag","embeddable":true,"href":"https:\/\/www.claret.cat\/es\/wp-json\/wp\/v2\/product_tag?post=589134"}],"curies":[{"name":"wp","href":"https:\/\/api.w.org\/{rel}","templated":true}]}}