{"id":602,"date":"2022-07-27T15:25:36","date_gmt":"2022-07-27T13:25:36","guid":{"rendered":"http:\/\/dev.claret.cat\/producto\/gos-pudent-i-la-seva-colla-9788419172228\/"},"modified":"2026-01-02T18:45:09","modified_gmt":"2026-01-02T17:45:09","slug":"gos-pudent-i-la-seva-colla-9788419172228","status":"publish","type":"product","link":"https:\/\/www.claret.cat\/es\/libro\/gos-pudent-i-la-seva-colla-9788419172228\/","title":{"rendered":"GOS PUDENT I LA SEVA COLLA"},"content":{"rendered":"<p>Arriba una nova aventura del Gos Pudent!<\/p>\n<p> \u00c9s ben b\u00e9 una ll\u00e0stima, per\u00f2 de vegades fins i tot els\u00a0millors amics es barallen. En Gos Pudent i en Gatxafat\u00a0discuteixen un mal dia i decideixen continuar cadasc\u00fa\u00a0per la seva banda. Segur que troben nous amics amb qui\u00a0ho tindran tot en com\u00fa! Per\u00f2 encara no saben que, pel\u00a0que fa a l&#8217;amistat, valen m\u00e9s l&#8217;afecte sincer i els moments\u00a0junts que no pas tenir les mateixes aficions&#8230;<\/p>\n<p> I si els seus nous amics insisteixen a enfrontar els\u00a0nostres estimats protagonistes? Aconseguiran superar\u00a0aquestes rivalitats absurdes i reconciliar-se?<\/p>\n","protected":false},"excerpt":{"rendered":"<p>GUTMAN, COLAS<\/p>\n","protected":false},"featured_media":970148,"template":"","meta":{"_acf_changed":false,"om_disable_all_campaigns":false,"rs_blank_template":"","rs_page_bg_color":"","slide_template_v7":"","inline_featured_image":false,"_monsterinsights_skip_tracking":false,"_monsterinsights_sitenote_active":false,"_monsterinsights_sitenote_note":"","_monsterinsights_sitenote_category":0},"product_brand":[],"product_cat":[131,132,361,362],"product_tag":[],"class_list":{"0":"post-602","1":"product","2":"type-product","3":"status-publish","4":"has-post-thumbnail","6":"product_cat-contes-per-infants-0-6-anys","7":"product_cat-lectures-per-preadolescents-6-12-anys","8":"product_cat-cuentos-para-ninos-0-6-anos","9":"product_cat-libros-preadolescentes-6-12-anos","11":"first","12":"instock","13":"taxable","14":"shipping-taxable","15":"purchasable","16":"product-type-simple"},"acf":{"autor":"GUTMAN, COLAS","codart":"841917222","ediciones":"1","encuadernacion":"Carton\u00e9","fecha_de_publicacion":"01\/06\/2022","novedad":"1","paginas":"89","subtitulo":"","orden":"0","portada":"0","idioma":"cat","libros-coleccion":"FORA DE COL.LECCI\u00d3","autores-libros":[{"ID":5363,"post_author":"3","post_date":"2022-07-28 17:22:22","post_date_gmt":"2022-07-28 15:22:22","post_content":"","post_title":"COLAS GUTMAN","post_excerpt":"","post_status":"publish","comment_status":"closed","ping_status":"closed","post_password":"","post_name":"colas-gutman","to_ping":"","pinged":"","post_modified":"2022-07-28 17:22:22","post_modified_gmt":"2022-07-28 15:22:22","post_content_filtered":"","post_parent":0,"guid":"http:\/\/dev.claret.cat\/autor\/colas-gutman\/","menu_order":0,"post_type":"autor","post_mime_type":"","comment_count":"0","filter":"raw"}],"editorial":[{"ID":6146,"post_author":"3","post_date":"2022-07-28 17:45:52","post_date_gmt":"2022-07-28 15:45:52","post_content":"","post_title":"Blackie Books","post_excerpt":"","post_status":"publish","comment_status":"closed","ping_status":"closed","post_password":"","post_name":"blackie-books","to_ping":"","pinged":"","post_modified":"2022-07-28 17:45:52","post_modified_gmt":"2022-07-28 15:45:52","post_content_filtered":"","post_parent":0,"guid":"http:\/\/dev.claret.cat\/editorial\/blackie-books\/","menu_order":0,"post_type":"editorial","post_mime_type":"","comment_count":"0","filter":"raw"}],"booktrailer":"","resenas":""},"aioseo_notices":[],"_links":{"self":[{"href":"https:\/\/www.claret.cat\/es\/wp-json\/wp\/v2\/product\/602","targetHints":{"allow":["GET"]}}],"collection":[{"href":"https:\/\/www.claret.cat\/es\/wp-json\/wp\/v2\/product"}],"about":[{"href":"https:\/\/www.claret.cat\/es\/wp-json\/wp\/v2\/types\/product"}],"wp:featuredmedia":[{"embeddable":true,"href":"https:\/\/www.claret.cat\/es\/wp-json\/wp\/v2\/media\/970148"}],"wp:attachment":[{"href":"https:\/\/www.claret.cat\/es\/wp-json\/wp\/v2\/media?parent=602"}],"wp:term":[{"taxonomy":"product_brand","embeddable":true,"href":"https:\/\/www.claret.cat\/es\/wp-json\/wp\/v2\/product_brand?post=602"},{"taxonomy":"product_cat","embeddable":true,"href":"https:\/\/www.claret.cat\/es\/wp-json\/wp\/v2\/product_cat?post=602"},{"taxonomy":"product_tag","embeddable":true,"href":"https:\/\/www.claret.cat\/es\/wp-json\/wp\/v2\/product_tag?post=602"}],"curies":[{"name":"wp","href":"https:\/\/api.w.org\/{rel}","templated":true}]}}