{"id":606,"date":"2022-07-27T15:25:47","date_gmt":"2022-07-27T13:25:47","guid":{"rendered":"http:\/\/dev.claret.cat\/producto\/como-perdiste-el-brazo-balchowsky-9788419179975\/"},"modified":"2025-01-31T22:47:58","modified_gmt":"2025-01-31T21:47:58","slug":"como-perdiste-el-brazo-balchowsky-9788419179975","status":"publish","type":"product","link":"https:\/\/www.claret.cat\/es\/libro\/como-perdiste-el-brazo-balchowsky-9788419179975\/","title":{"rendered":"\u00bfC\u00d3MO PERDISTE EL BRAZO, BALCHOWSKY?"},"content":{"rendered":"<p>Un joven pianista de Chicago se alista a las Brigadas Internacionales y viaja a la Espa\u00f1a de la Guerra Civil en lucha contra el fascismo, donde perder\u00e1 el brazo derecho. De regreso a los Estados Unidos, el suyo ser\u00e1 un relato de superaci\u00f3n que lo convertir\u00e1 en una leyenda de la bohemia art\u00edstica de Chicago, en un storyteller prodigioso y en un pionero de la contracultura, que nos contar\u00e1, como si de un libro de caballer\u00edas se tratase, la historia norteamericana de la segunda mitad del siglo XX.<br \/> \u00abFue un superviviente que se aferr\u00f3 a la vida. Una lecci\u00f3n ambulante de resistencia y de superaci\u00f3n sonriente. Un perdedor entre perdedores al que nada termino\u00b4 de salir bien, pero del que todos se encari\u00f1aban. Un idealista a quien la vida maltrato\u00b4 con sa\u00f1a, obligado a descubrir demasiado pronto que la vida \u00abiba en serio\u00bb y que, pese a ello, se obstino\u00b4 en vivirla hasta no poder m\u00e1s. Sin resentimiento. Mentor espiritual y gur\u00fa salvador para muchos, aunque \u00e9l no supiera redimirse, como los buenos mes\u00edas. Un hombre esencialmente libre y de una cierta candidez. Un buen tipo. Un amor. Un idealista iluso. Un maestro of the streets. El pianista de un solo brazo. Aquel pecador tan agradable. El rey de los callejones\u00bb.<\/p>\n","protected":false},"excerpt":{"rendered":"<p>ORENSANZ, TONI<\/p>\n","protected":false},"featured_media":52787,"template":"","meta":{"_acf_changed":false,"om_disable_all_campaigns":false,"rs_blank_template":"","rs_page_bg_color":"","slide_template_v7":"","inline_featured_image":false,"_monsterinsights_skip_tracking":false,"_monsterinsights_sitenote_active":false,"_monsterinsights_sitenote_note":"","_monsterinsights_sitenote_category":0},"product_brand":[],"product_cat":[127,357],"product_tag":[],"class_list":{"0":"post-606","1":"product","2":"type-product","3":"status-publish","4":"has-post-thumbnail","6":"product_cat-novella-contemporania","7":"product_cat-novela-contemporanea","9":"first","10":"instock","11":"taxable","12":"shipping-taxable","13":"purchasable","14":"product-type-simple"},"acf":{"autor":"ORENSANZ, TONI","codart":"841917997","ediciones":"1","encuadernacion":"R\u00fastica","fecha_de_publicacion":"01\/07\/2022","novedad":"1","paginas":"451","subtitulo":"","orden":"0","portada":"0","idioma":"spa","libros-coleccion":"FORA DE COL.LECCI\u00d3","autores-libros":[{"ID":6060,"post_author":"3","post_date":"2022-07-28 17:37:17","post_date_gmt":"2022-07-28 15:37:17","post_content":"","post_title":"TONI ORENSANZ","post_excerpt":"","post_status":"publish","comment_status":"closed","ping_status":"closed","post_password":"","post_name":"toni-orensanz","to_ping":"","pinged":"","post_modified":"2022-07-28 17:37:17","post_modified_gmt":"2022-07-28 15:37:17","post_content_filtered":"","post_parent":0,"guid":"http:\/\/dev.claret.cat\/autor\/toni-orensanz\/","menu_order":0,"post_type":"autor","post_mime_type":"","comment_count":"0","filter":"raw"}],"editorial":[{"ID":6313,"post_author":"3","post_date":"2022-07-28 17:49:30","post_date_gmt":"2022-07-28 15:49:30","post_content":"","post_title":"Navona Editorial","post_excerpt":"","post_status":"publish","comment_status":"closed","ping_status":"closed","post_password":"","post_name":"navona-editorial","to_ping":"","pinged":"","post_modified":"2022-07-28 17:49:30","post_modified_gmt":"2022-07-28 15:49:30","post_content_filtered":"","post_parent":0,"guid":"http:\/\/dev.claret.cat\/editorial\/navona-editorial\/","menu_order":0,"post_type":"editorial","post_mime_type":"","comment_count":"0","filter":"raw"}]},"aioseo_notices":[],"_links":{"self":[{"href":"https:\/\/www.claret.cat\/es\/wp-json\/wp\/v2\/product\/606","targetHints":{"allow":["GET"]}}],"collection":[{"href":"https:\/\/www.claret.cat\/es\/wp-json\/wp\/v2\/product"}],"about":[{"href":"https:\/\/www.claret.cat\/es\/wp-json\/wp\/v2\/types\/product"}],"wp:featuredmedia":[{"embeddable":true,"href":"https:\/\/www.claret.cat\/es\/wp-json\/wp\/v2\/media\/52787"}],"wp:attachment":[{"href":"https:\/\/www.claret.cat\/es\/wp-json\/wp\/v2\/media?parent=606"}],"wp:term":[{"taxonomy":"product_brand","embeddable":true,"href":"https:\/\/www.claret.cat\/es\/wp-json\/wp\/v2\/product_brand?post=606"},{"taxonomy":"product_cat","embeddable":true,"href":"https:\/\/www.claret.cat\/es\/wp-json\/wp\/v2\/product_cat?post=606"},{"taxonomy":"product_tag","embeddable":true,"href":"https:\/\/www.claret.cat\/es\/wp-json\/wp\/v2\/product_tag?post=606"}],"curies":[{"name":"wp","href":"https:\/\/api.w.org\/{rel}","templated":true}]}}