{"id":634,"date":"2022-07-27T15:26:38","date_gmt":"2022-07-27T13:26:38","guid":{"rendered":"http:\/\/dev.claret.cat\/producto\/san-roque-de-montpellier-el-peregrino-de-lo-absoluto-9788419307279\/"},"modified":"2024-05-02T16:01:31","modified_gmt":"2024-05-02T14:01:31","slug":"san-roque-de-montpellier-el-peregrino-de-lo-absoluto-9788419307279","status":"publish","type":"product","link":"https:\/\/www.claret.cat\/es\/libro\/san-roque-de-montpellier-el-peregrino-de-lo-absoluto-9788419307279\/","title":{"rendered":"SAN ROQUE DE MONTPELLIER. EL PEREGRINO DE LO ABSOLUTO"},"content":{"rendered":"<p>San Roque es uno de los santos m\u00e1s populares de la ya dilatada historia de la Cristiandad.<\/p>\n<p>El santo peregrino, acompa\u00f1ado de su perro fiel, inconfundible en retablos y hornacinas, ha inspirado el cincel y los pinceles de los m\u00e1s grandes artistas y dado nombre a calles, plazas y pueblos.<\/p>\n<p>El peregrino de lo absoluto es una excelente ocasi\u00f3n para adentrarse en la vida de un santo al que la reciente pandemia otorga renovada actualidad. La composici\u00f3n en forma dram\u00e1tica confiere a la obra amenidad y viveza sin merma del rigor hist\u00f3rico, sostenido sobre abundante bibliograf\u00eda y pertinentes notas a pie de p\u00e1gina.<\/p>\n","protected":false},"excerpt":{"rendered":"<p>CONCHA GONZ\u00c1LEZ, JOS\u00c9 ALBERTO<\/p>\n","protected":false},"featured_media":370835,"template":"","meta":{"_acf_changed":false,"om_disable_all_campaigns":false,"rs_blank_template":"","rs_page_bg_color":"","slide_template_v7":"","inline_featured_image":false,"_monsterinsights_skip_tracking":false,"_monsterinsights_sitenote_active":false,"_monsterinsights_sitenote_note":"","_monsterinsights_sitenote_category":0},"product_brand":[],"product_cat":[92,542],"product_tag":[],"class_list":{"0":"post-634","1":"product","2":"type-product","3":"status-publish","4":"has-post-thumbnail","6":"product_cat-vida-religiosa","7":"product_cat-vida-religiosa-1_espiritualidad-spa","9":"first","10":"instock","11":"taxable","12":"shipping-taxable","13":"purchasable","14":"product-type-simple"},"acf":{"autor":"CONCHA GONZ\u00c1LEZ, JOS\u00c9 ALBERTO","codart":"841930727","ediciones":"1","encuadernacion":"R\u00fastica","fecha_de_publicacion":"12\/07\/2022","novedad":"1","paginas":"106","subtitulo":"AUTO SACRAMENTAL EN CUATRO ACTOS","orden":"0","portada":"0","idioma":"spa","libros-coleccion":"","autores-libros":[{"ID":5630,"post_author":"3","post_date":"2022-07-28 17:28:07","post_date_gmt":"2022-07-28 15:28:07","post_content":"","post_title":"JOS\u00c9 ALBERTO CONCHA GONZ\u00c1LEZ","post_excerpt":"","post_status":"publish","comment_status":"closed","ping_status":"closed","post_password":"","post_name":"jose-alberto-concha-gonzalez","to_ping":"","pinged":"","post_modified":"2022-07-28 17:28:07","post_modified_gmt":"2022-07-28 15:28:07","post_content_filtered":"","post_parent":0,"guid":"http:\/\/dev.claret.cat\/autor\/jose-alberto-concha-gonzalez\/","menu_order":0,"post_type":"autor","post_mime_type":"","comment_count":"0","filter":"raw"}],"editorial":[{"ID":6309,"post_author":"3","post_date":"2022-07-28 17:49:25","post_date_gmt":"2022-07-28 15:49:25","post_content":"","post_title":"Monte Carmelo","post_excerpt":"","post_status":"publish","comment_status":"closed","ping_status":"closed","post_password":"","post_name":"monte-carmelo","to_ping":"","pinged":"","post_modified":"2022-07-28 17:49:25","post_modified_gmt":"2022-07-28 15:49:25","post_content_filtered":"","post_parent":0,"guid":"http:\/\/dev.claret.cat\/editorial\/monte-carmelo\/","menu_order":0,"post_type":"editorial","post_mime_type":"","comment_count":"0","filter":"raw"}]},"aioseo_notices":[],"_links":{"self":[{"href":"https:\/\/www.claret.cat\/es\/wp-json\/wp\/v2\/product\/634","targetHints":{"allow":["GET"]}}],"collection":[{"href":"https:\/\/www.claret.cat\/es\/wp-json\/wp\/v2\/product"}],"about":[{"href":"https:\/\/www.claret.cat\/es\/wp-json\/wp\/v2\/types\/product"}],"wp:featuredmedia":[{"embeddable":true,"href":"https:\/\/www.claret.cat\/es\/wp-json\/wp\/v2\/media\/370835"}],"wp:attachment":[{"href":"https:\/\/www.claret.cat\/es\/wp-json\/wp\/v2\/media?parent=634"}],"wp:term":[{"taxonomy":"product_brand","embeddable":true,"href":"https:\/\/www.claret.cat\/es\/wp-json\/wp\/v2\/product_brand?post=634"},{"taxonomy":"product_cat","embeddable":true,"href":"https:\/\/www.claret.cat\/es\/wp-json\/wp\/v2\/product_cat?post=634"},{"taxonomy":"product_tag","embeddable":true,"href":"https:\/\/www.claret.cat\/es\/wp-json\/wp\/v2\/product_tag?post=634"}],"curies":[{"name":"wp","href":"https:\/\/api.w.org\/{rel}","templated":true}]}}