{"id":646,"date":"2022-07-27T15:26:58","date_gmt":"2022-07-27T13:26:58","guid":{"rendered":"http:\/\/dev.claret.cat\/producto\/el-olvido-de-si-2022-9788419392022\/"},"modified":"2026-03-20T13:10:06","modified_gmt":"2026-03-20T12:10:06","slug":"el-olvido-de-si-9788419392022","status":"publish","type":"product","link":"https:\/\/www.claret.cat\/es\/libro\/el-olvido-de-si-9788419392022\/","title":{"rendered":"EL OLVIDO DE S\u00cd"},"content":{"rendered":"<p>El olvido de s\u00ed narra la sobrecogedora y atribulada historia de Charles de Foucauld (1858-1916), un arist\u00f3crata franc\u00e9s convertido al cristianismo gracias a la devoci\u00f3n y fe que observ\u00f3 en el Islam. Pocas biograf\u00edas tan emblem\u00e1ticas y emotivas como la de este curioso misionero, que tuvo que pasar por ser explorador del Sahara, recadero de monjas, novicio trapens, y hasta autor del primer diccionario franc\u00e9s-tuareg -entre otros tantos trabajos-, antes de descubrir la amistad como el m\u00e1s bello obsequio de una vida entregada al silencio. Las razones de esta tremulenta peripecia vital se encuentran en lo much\u00edsimo que este hombre se escuch\u00f3 de s\u00ed mismo, as\u00ed como en su servil e implacable obediencia a su conciencia. Herido por la pasi\u00f3n del Absoluto, quien m\u00e1s tarde fue conocido como &#8221;el hermano universal&#8221; busc\u00f3 siempre ser menos: una existencia m\u00e1s oculta, una entrega m\u00e1s an\u00f3nima, una humildad m\u00e1s honda&#8230; Deslumbrado por este anhelo de abajamiento, Pablo d&#8217;Ors se mete en la cabeza y en el coraz\u00f3n de este extravagante personaje. El resultado es una de las novelas m\u00e1s conmovedoras y fascinante de los \u00faltimos a\u00f1os en lengua espa\u00f1ola. Un texto en el que resuena la sabidur\u00eda m\u00edstica y que narra, con tanta plasticidad como hondura, los maravillosos y peligrosos extremos a los que conduce el amor. Un verdadero compendio de espiritualidad para el siglo actual. Una par\u00e1bola de c\u00f3mo el fracaso humano conduce parad\u00f3jicamente a la plenitud.<\/p>\n","protected":false},"excerpt":{"rendered":"<p>D&#8217;ORS, PABLO<\/p>\n","protected":false},"featured_media":373833,"template":"","meta":{"_acf_changed":false,"om_disable_all_campaigns":false,"rs_blank_template":"","rs_page_bg_color":"","slide_template_v7":"","inline_featured_image":false,"_monsterinsights_skip_tracking":false,"_monsterinsights_sitenote_active":false,"_monsterinsights_sitenote_note":"","_monsterinsights_sitenote_category":0},"product_brand":[],"product_cat":[485,232],"product_tag":[],"class_list":{"0":"post-646","1":"product","2":"type-product","3":"status-publish","4":"has-post-thumbnail","6":"product_cat-autores-espiritualidad-1_espiritualidad","7":"product_cat-autors-espiritualitat","9":"first","10":"instock","11":"taxable","12":"shipping-taxable","13":"purchasable","14":"product-type-simple"},"acf":{"autor":"D'ORS, PABLO","codart":"841939202","ediciones":"1","encuadernacion":"R\u00fastica","fecha_de_publicacion":"01\/06\/2022","novedad":"1","paginas":"400","subtitulo":"","orden":"0","portada":"0","idioma":"spa","libros-coleccion":"Narrativa","autores-libros":[{"ID":5913,"post_author":"3","post_date":"2022-07-28 17:34:10","post_date_gmt":"2022-07-28 15:34:10","post_content":"","post_title":"PABLO D\u00b4ORS","post_excerpt":"","post_status":"publish","comment_status":"closed","ping_status":"closed","post_password":"","post_name":"pablo-dors","to_ping":"","pinged":"","post_modified":"2022-07-28 17:34:10","post_modified_gmt":"2022-07-28 15:34:10","post_content_filtered":"","post_parent":0,"guid":"http:\/\/dev.claret.cat\/autor\/pablo-dors\/","menu_order":0,"post_type":"autor","post_mime_type":"","comment_count":"0","filter":"raw"}],"editorial":[{"ID":6260,"post_author":"3","post_date":"2022-07-28 17:48:23","post_date_gmt":"2022-07-28 15:48:23","post_content":"","post_title":"Galaxia Gutenberg","post_excerpt":"","post_status":"publish","comment_status":"closed","ping_status":"closed","post_password":"","post_name":"galaxia-gutenberg","to_ping":"","pinged":"","post_modified":"2022-07-28 17:48:23","post_modified_gmt":"2022-07-28 15:48:23","post_content_filtered":"","post_parent":0,"guid":"http:\/\/dev.claret.cat\/editorial\/galaxia-gutenberg\/","menu_order":0,"post_type":"editorial","post_mime_type":"","comment_count":"0","filter":"raw"}],"booktrailer":"","resenas":""},"aioseo_notices":[],"_links":{"self":[{"href":"https:\/\/www.claret.cat\/es\/wp-json\/wp\/v2\/product\/646","targetHints":{"allow":["GET"]}}],"collection":[{"href":"https:\/\/www.claret.cat\/es\/wp-json\/wp\/v2\/product"}],"about":[{"href":"https:\/\/www.claret.cat\/es\/wp-json\/wp\/v2\/types\/product"}],"wp:featuredmedia":[{"embeddable":true,"href":"https:\/\/www.claret.cat\/es\/wp-json\/wp\/v2\/media\/373833"}],"wp:attachment":[{"href":"https:\/\/www.claret.cat\/es\/wp-json\/wp\/v2\/media?parent=646"}],"wp:term":[{"taxonomy":"product_brand","embeddable":true,"href":"https:\/\/www.claret.cat\/es\/wp-json\/wp\/v2\/product_brand?post=646"},{"taxonomy":"product_cat","embeddable":true,"href":"https:\/\/www.claret.cat\/es\/wp-json\/wp\/v2\/product_cat?post=646"},{"taxonomy":"product_tag","embeddable":true,"href":"https:\/\/www.claret.cat\/es\/wp-json\/wp\/v2\/product_tag?post=646"}],"curies":[{"name":"wp","href":"https:\/\/api.w.org\/{rel}","templated":true}]}}