{"id":675567,"date":"2023-09-12T12:51:54","date_gmt":"2023-09-12T10:51:54","guid":{"rendered":"https:\/\/www.claret.cat\/llibre\/guia-definitiva-de-la-region-paldea-libro-oficial-pokemon-escarlata-pokemon-9788419650443\/"},"modified":"2024-04-29T17:40:13","modified_gmt":"2024-04-29T15:40:13","slug":"guia-definitiva-de-la-region-paldea-libro-oficial-pokemon-escarlata-pokemon-9788419650443","status":"publish","type":"product","link":"https:\/\/www.claret.cat\/es\/libro\/guia-definitiva-de-la-region-paldea-libro-oficial-pokemon-escarlata-pokemon-9788419650443\/","title":{"rendered":"GU\u00cdA DEFINITIVA DE LA REGI\u00d3N PALDEA. LIBRO OFICIAL. POK\u00c9MON ESCARLATA \/ POK\u00c9MON"},"content":{"rendered":"<p>La primera gu\u00eda oficial para conocer todos los trucos y secretos de la regi\u00f3n Paldea\u2026 \u00a1la regi\u00f3n Pok\u00e9mon inspirada en la pen\u00ednsula ib\u00e9rica! Una nueva gu\u00eda Pok\u00e9mon complet\u00edsima con todos los detalles, trucos y secretos de los nuevos juegos de Pok\u00e9mon: Pok\u00e9mon Escarlata y Pok\u00e9mon P\u00farpura. Conoce a todos los Pok\u00e9mons de Paldea, la nueva regi\u00f3n del juego, y no te pierdas toda la informaci\u00f3n in\u00e9dita y los mejores consejos para ser\u2026 \u00a1el mejor entrenador!<\/p>\n","protected":false},"excerpt":{"rendered":"<p>THE POK\u00c9MON COMPANY<\/p>\n","protected":false},"featured_media":677970,"template":"","meta":{"_acf_changed":false,"om_disable_all_campaigns":false,"rs_blank_template":"","rs_page_bg_color":"","slide_template_v7":"","inline_featured_image":false,"_monsterinsights_skip_tracking":false,"_monsterinsights_sitenote_active":false,"_monsterinsights_sitenote_note":"","_monsterinsights_sitenote_category":0},"product_brand":[],"product_cat":[132,362],"product_tag":[],"class_list":{"0":"post-675567","1":"product","2":"type-product","3":"status-publish","4":"has-post-thumbnail","6":"product_cat-lectures-per-preadolescents-6-12-anys","7":"product_cat-libros-preadolescentes-6-12-anos","9":"first","10":"instock","11":"taxable","12":"shipping-taxable","13":"purchasable","14":"product-type-simple"},"acf":{"autor":"THE POK\u00c9MON COMPANY","codart":"841965044","libros-coleccion":"Pokemon","ediciones":"1","encuadernacion":"R\u00fastica","fecha_de_publicacion":"01\/09\/2023","novedad":"1","paginas":"224","subtitulo":"","orden":"0","portada":"0","idioma":"spa","editorial":[{"ID":6310,"post_author":"3","post_date":"2022-07-28 17:49:26","post_date_gmt":"2022-07-28 15:49:26","post_content":"","post_title":"MONTENA","post_excerpt":"","post_status":"publish","comment_status":"closed","ping_status":"closed","post_password":"","post_name":"montena","to_ping":"","pinged":"","post_modified":"2022-07-28 17:49:26","post_modified_gmt":"2022-07-28 15:49:26","post_content_filtered":"","post_parent":0,"guid":"http:\/\/dev.claret.cat\/editorial\/montena\/","menu_order":0,"post_type":"editorial","post_mime_type":"","comment_count":"0","filter":"raw"}],"autores-libros":[{"ID":170293,"post_author":"3","post_date":"2022-10-14 22:34:09","post_date_gmt":"2022-10-14 20:34:09","post_content":"","post_title":"THE POK\u00c9MON COMPANY","post_excerpt":"","post_status":"publish","comment_status":"closed","ping_status":"closed","post_password":"","post_name":"the-pokemon-company","to_ping":"","pinged":"","post_modified":"2022-10-14 22:34:09","post_modified_gmt":"2022-10-14 20:34:09","post_content_filtered":"","post_parent":0,"guid":"http:\/\/dev.claret.cat\/autor\/the-pokemon-company\/","menu_order":0,"post_type":"autor","post_mime_type":"","comment_count":"0","filter":"raw"}]},"aioseo_notices":[],"_links":{"self":[{"href":"https:\/\/www.claret.cat\/es\/wp-json\/wp\/v2\/product\/675567","targetHints":{"allow":["GET"]}}],"collection":[{"href":"https:\/\/www.claret.cat\/es\/wp-json\/wp\/v2\/product"}],"about":[{"href":"https:\/\/www.claret.cat\/es\/wp-json\/wp\/v2\/types\/product"}],"wp:featuredmedia":[{"embeddable":true,"href":"https:\/\/www.claret.cat\/es\/wp-json\/wp\/v2\/media\/677970"}],"wp:attachment":[{"href":"https:\/\/www.claret.cat\/es\/wp-json\/wp\/v2\/media?parent=675567"}],"wp:term":[{"taxonomy":"product_brand","embeddable":true,"href":"https:\/\/www.claret.cat\/es\/wp-json\/wp\/v2\/product_brand?post=675567"},{"taxonomy":"product_cat","embeddable":true,"href":"https:\/\/www.claret.cat\/es\/wp-json\/wp\/v2\/product_cat?post=675567"},{"taxonomy":"product_tag","embeddable":true,"href":"https:\/\/www.claret.cat\/es\/wp-json\/wp\/v2\/product_tag?post=675567"}],"curies":[{"name":"wp","href":"https:\/\/api.w.org\/{rel}","templated":true}]}}