{"id":675622,"date":"2023-09-12T12:56:13","date_gmt":"2023-09-12T10:56:13","guid":{"rendered":"https:\/\/www.claret.cat\/llibre\/cometas-en-el-cielo-edicion-del-20-aniversario-9788419346599\/"},"modified":"2023-12-11T13:15:43","modified_gmt":"2023-12-11T12:15:43","slug":"cometas-en-el-cielo-edicion-del-20-aniversario-9788419346599","status":"publish","type":"product","link":"https:\/\/www.claret.cat\/es\/libro\/cometas-en-el-cielo-edicion-del-20-aniversario-9788419346599\/","title":{"rendered":"COMETAS EN EL CIELO. EDICI\u00d3N DEL 20 ANIVERSARIO"},"content":{"rendered":"<p>Edici\u00f3n conmemorativa del 20 aniversario de un fen\u00f3meno imparable: m\u00e1s de 23 millones de ejemplares vendidos en 54 lenguas y un mill\u00f3n en castellano. Con un nuevo pr\u00f3logo del autor. Con apenas doce a\u00f1os, Amir se propone ganar la competici\u00f3n anual de cometas de la forma que sea, incluso a costa de su inseparable Hassan, un hazara de clase inferior que ha sido su sirviente y compa\u00f1ero de juegos desde la m\u00e1s tierna infancia. As\u00ed, empe\u00f1ado en demostrarle a su padre que ya es todo un hombre, Amir pondr\u00e1 en peligro una amistad fraguada a lo largo de a\u00f1os de enfrentarse a todos los peligros imaginables, y aprender\u00e1 una verdad que lo acompa\u00f1ar\u00e1 el resto de su vida. Esta es la conmovedora historia de dos padres y dos hijos, de su amistad y de c\u00f3mo la casualidad puede marcar un hito inesperado en nuestro destino. Una novela inolvidable, de la mano de uno de los autores m\u00e1s le\u00eddos en todo el mundo.La cr\u00edtica ha dicho&#8230; \u00abHosseini entona un canto a la amistad y a la lealtad, le presta palabras que se convierten en estrofas emocionantes.\u00bb S. Mart\u00edn, El Norte de Castilla \u00abDevastador\u00bb Daily Telegraph\u00abDesgarrador\u00bb The Times \u00abInolvidable\u00bb Isabel Allende \u00abInquietante\u00bbIndependent<\/p>\n","protected":false},"excerpt":{"rendered":"<p>HOSSEINI, KHALED<\/p>\n","protected":false},"featured_media":675623,"template":"","meta":{"_acf_changed":false,"om_disable_all_campaigns":false,"rs_blank_template":"","rs_page_bg_color":"","slide_template_v7":"","inline_featured_image":false,"_monsterinsights_skip_tracking":false,"_monsterinsights_sitenote_active":false,"_monsterinsights_sitenote_note":"","_monsterinsights_sitenote_category":0},"product_brand":[],"product_cat":[127,357],"product_tag":[],"class_list":{"0":"post-675622","1":"product","2":"type-product","3":"status-publish","4":"has-post-thumbnail","6":"product_cat-novella-contemporania","7":"product_cat-novela-contemporanea","9":"first","10":"instock","11":"taxable","12":"shipping-taxable","13":"purchasable","14":"product-type-simple"},"acf":{"autor":"HOSSEINI, KHALED","codart":"841934659","libros-coleccion":"NOVELA (BEST SELLER)","ediciones":"1","encuadernacion":"Carton\u00e9","fecha_de_publicacion":"01\/09\/2023","novedad":"1","paginas":"384","subtitulo":"","orden":"0","portada":"0","idioma":"spa","editorial":[{"ID":6352,"post_author":"3","post_date":"2022-07-28 17:50:21","post_date_gmt":"2022-07-28 15:50:21","post_content":"","post_title":"SALAMANDRA","post_excerpt":"","post_status":"publish","comment_status":"closed","ping_status":"closed","post_password":"","post_name":"salamandra","to_ping":"","pinged":"","post_modified":"2022-07-28 17:50:21","post_modified_gmt":"2022-07-28 15:50:21","post_content_filtered":"","post_parent":0,"guid":"http:\/\/dev.claret.cat\/editorial\/salamandra\/","menu_order":0,"post_type":"editorial","post_mime_type":"","comment_count":"0","filter":"raw"}],"autores-libros":[{"ID":161659,"post_author":"3","post_date":"2022-10-14 17:20:00","post_date_gmt":"2022-10-14 15:20:00","post_content":"","post_title":"KHALED HOSSEINI","post_excerpt":"","post_status":"publish","comment_status":"closed","ping_status":"closed","post_password":"","post_name":"khaled-hosseini","to_ping":"","pinged":"","post_modified":"2022-10-14 17:20:00","post_modified_gmt":"2022-10-14 15:20:00","post_content_filtered":"","post_parent":0,"guid":"http:\/\/dev.claret.cat\/autor\/khaled-hosseini\/","menu_order":0,"post_type":"autor","post_mime_type":"","comment_count":"0","filter":"raw"}]},"aioseo_notices":[],"_links":{"self":[{"href":"https:\/\/www.claret.cat\/es\/wp-json\/wp\/v2\/product\/675622","targetHints":{"allow":["GET"]}}],"collection":[{"href":"https:\/\/www.claret.cat\/es\/wp-json\/wp\/v2\/product"}],"about":[{"href":"https:\/\/www.claret.cat\/es\/wp-json\/wp\/v2\/types\/product"}],"wp:featuredmedia":[{"embeddable":true,"href":"https:\/\/www.claret.cat\/es\/wp-json\/wp\/v2\/media\/675623"}],"wp:attachment":[{"href":"https:\/\/www.claret.cat\/es\/wp-json\/wp\/v2\/media?parent=675622"}],"wp:term":[{"taxonomy":"product_brand","embeddable":true,"href":"https:\/\/www.claret.cat\/es\/wp-json\/wp\/v2\/product_brand?post=675622"},{"taxonomy":"product_cat","embeddable":true,"href":"https:\/\/www.claret.cat\/es\/wp-json\/wp\/v2\/product_cat?post=675622"},{"taxonomy":"product_tag","embeddable":true,"href":"https:\/\/www.claret.cat\/es\/wp-json\/wp\/v2\/product_tag?post=675622"}],"curies":[{"name":"wp","href":"https:\/\/api.w.org\/{rel}","templated":true}]}}