{"id":676245,"date":"2023-09-12T13:38:34","date_gmt":"2023-09-12T11:38:34","guid":{"rendered":"https:\/\/www.claret.cat\/llibre\/lovelleta-i-la-festa-pirata-lovelleta-que-va-venir-a-sopar-llibre-de-cartro-9788448863272\/"},"modified":"2023-10-11T00:58:09","modified_gmt":"2023-10-10T22:58:09","slug":"lovelleta-i-la-festa-pirata-lovelleta-que-va-venir-a-sopar-llibre-de-cartro-9788448863272","status":"publish","type":"product","link":"https:\/\/www.claret.cat\/es\/libro\/lovelleta-i-la-festa-pirata-lovelleta-que-va-venir-a-sopar-llibre-de-cartro-9788448863272\/","title":{"rendered":"L&#8217;OVELLETA I LA FESTA PIRATA (L&#8217;OVELLETA QUE VA VENIR A SOPAR. LLIBRE DE CARTR\u00d3)"},"content":{"rendered":"<p>Tornen l&#8221;ovelleta Estofat i el llop amb una nova aventura&#8230; a l&#8221;estil pirata!  A l&#8221;Estofat i al llop els han convidat a una festa de pirates! Gaudeix sent un pirata amb aquests dos amics: ajuda&#8221;ls a disfressar-se i acompanya&#8221;ls en aquesta aventura plena de vaixells i aigua. A m\u00e9s, practica les teves habilitats per descobrir tresors, jugant al joc de busca i troba entre les pagines del llibre. Llestos, bucaners? Jo, ho, ho!Una nova aventura de L&#8221;ovelleta que va venir a sopar, la s\u00e8rie de libres que arrasa a les llibreries. Ideal perqu\u00e8 els petits de 0 a 3 anys visquin emocionants aventures amb la seva ovelleta preferida. Els nens petits gaudiran amb les m\u00e9s divertides aventures en aquests preciosos llibres de cartr\u00f3. *F\u00e0cils de manipular per les seves mans petitones.*Estimulen el seu desenvolupament a trav\u00e9s de les solapes i els mecanismes. *Potencien la seva imaginaci\u00f3 amb les il\u00b7lustracions de la seva ovelleta favorita. *Llibres nous, pensats per convertir-se en cl\u00e0ssics.<\/p>\n","protected":false},"excerpt":{"rendered":"<p>SMALLMAN, STEVE<\/p>\n","protected":false},"featured_media":676246,"template":"","meta":{"_acf_changed":false,"om_disable_all_campaigns":false,"rs_blank_template":"","rs_page_bg_color":"","slide_template_v7":"","inline_featured_image":false,"_monsterinsights_skip_tracking":false,"_monsterinsights_sitenote_active":false,"_monsterinsights_sitenote_note":"","_monsterinsights_sitenote_category":0},"product_brand":[],"product_cat":[131,361],"product_tag":[],"class_list":{"0":"post-676245","1":"product","2":"type-product","3":"status-publish","4":"has-post-thumbnail","6":"product_cat-contes-per-infants-0-6-anys","7":"product_cat-cuentos-para-ninos-0-6-anos","9":"first","10":"instock","11":"taxable","12":"shipping-taxable","13":"purchasable","14":"product-type-simple"},"acf":{"autor":"SMALLMAN, STEVE","codart":"844886327","libros-coleccion":"","ediciones":"1","encuadernacion":"Carpeta","fecha_de_publicacion":"01\/09\/2023","novedad":"1","paginas":"12","subtitulo":"","orden":"0","portada":"0","idioma":"cat","editorial":[{"ID":6141,"post_author":"3","post_date":"2022-07-28 17:45:46","post_date_gmt":"2022-07-28 15:45:46","post_content":"","post_title":"BEASCOA","post_excerpt":"","post_status":"publish","comment_status":"closed","ping_status":"closed","post_password":"","post_name":"beascoa","to_ping":"","pinged":"","post_modified":"2022-07-28 17:45:46","post_modified_gmt":"2022-07-28 15:45:46","post_content_filtered":"","post_parent":0,"guid":"http:\/\/dev.claret.cat\/editorial\/beascoa\/","menu_order":0,"post_type":"editorial","post_mime_type":"","comment_count":"0","filter":"raw"}],"autores-libros":[{"ID":6046,"post_author":"3","post_date":"2022-07-28 17:37:00","post_date_gmt":"2022-07-28 15:37:00","post_content":"","post_title":"STEVE SMALLMAN","post_excerpt":"","post_status":"publish","comment_status":"closed","ping_status":"closed","post_password":"","post_name":"steve-smallman","to_ping":"","pinged":"","post_modified":"2022-07-28 17:37:00","post_modified_gmt":"2022-07-28 15:37:00","post_content_filtered":"","post_parent":0,"guid":"http:\/\/dev.claret.cat\/autor\/steve-smallman\/","menu_order":0,"post_type":"autor","post_mime_type":"","comment_count":"0","filter":"raw"}]},"aioseo_notices":[],"_links":{"self":[{"href":"https:\/\/www.claret.cat\/es\/wp-json\/wp\/v2\/product\/676245","targetHints":{"allow":["GET"]}}],"collection":[{"href":"https:\/\/www.claret.cat\/es\/wp-json\/wp\/v2\/product"}],"about":[{"href":"https:\/\/www.claret.cat\/es\/wp-json\/wp\/v2\/types\/product"}],"wp:featuredmedia":[{"embeddable":true,"href":"https:\/\/www.claret.cat\/es\/wp-json\/wp\/v2\/media\/676246"}],"wp:attachment":[{"href":"https:\/\/www.claret.cat\/es\/wp-json\/wp\/v2\/media?parent=676245"}],"wp:term":[{"taxonomy":"product_brand","embeddable":true,"href":"https:\/\/www.claret.cat\/es\/wp-json\/wp\/v2\/product_brand?post=676245"},{"taxonomy":"product_cat","embeddable":true,"href":"https:\/\/www.claret.cat\/es\/wp-json\/wp\/v2\/product_cat?post=676245"},{"taxonomy":"product_tag","embeddable":true,"href":"https:\/\/www.claret.cat\/es\/wp-json\/wp\/v2\/product_tag?post=676245"}],"curies":[{"name":"wp","href":"https:\/\/api.w.org\/{rel}","templated":true}]}}