{"id":676433,"date":"2023-09-12T13:54:08","date_gmt":"2023-09-12T11:54:08","guid":{"rendered":"https:\/\/www.claret.cat\/llibre\/secretos-del-mar-miniaturas-para-colorear-9788419785282\/"},"modified":"2023-10-20T11:50:15","modified_gmt":"2023-10-20T09:50:15","slug":"secretos-del-mar-miniaturas-para-colorear-9788419785282","status":"publish","type":"product","link":"https:\/\/www.claret.cat\/es\/libro\/secretos-del-mar-miniaturas-para-colorear-9788419785282\/","title":{"rendered":"SECRETOS DEL MAR. MINIATURAS PARA COLOREAR"},"content":{"rendered":"<p>* Navegue a trav\u00e9s de una odisea por el oc\u00e9ano de la mano de la ilustradora Millie Marotta. <br \/> * Descubra la maravillosa vida salvaje desde las aguas \u00e1rticas hasta la c\u00e1lida costa australiana. Nade con delfines, narvales y manat\u00edes.<br \/> * Intente captar los sonidos que emiten los albatros, las peque\u00f1as alcas y los pel\u00edcanos. Utilice sus l\u00e1pices de colores para dar vida a  medusas, caballitos de mar y osos polares.<\/p>\n<p> Millie se siente muy afortunada de vivir en la costa y, a trav\u00e9s de sus intrincados dibujos, desde peque\u00f1as conchas hasta imponentes ballenas, transmite su amor por el mar. <\/p>\n<p> Este es un libro esencial para todos aquellos que disfrutan coloreando sus hermosas ilustraciones de forma imaginativa. En este hermoso viaje por los mares del mundo, d\u00e9 rienda suelta a su creatividad, disfrute de  la actividad consciente perfecta y descubra criaturas fascinantes que necesitan nuestra ayuda y protecci\u00f3n.<\/p>\n","protected":false},"excerpt":{"rendered":"<p>MAROTTA, MILLIE<\/p>\n","protected":false},"featured_media":676434,"template":"","meta":{"_acf_changed":false,"om_disable_all_campaigns":false,"rs_blank_template":"","rs_page_bg_color":"","slide_template_v7":"","inline_featured_image":false,"_monsterinsights_skip_tracking":false,"_monsterinsights_sitenote_active":false,"_monsterinsights_sitenote_note":"","_monsterinsights_sitenote_category":0},"product_brand":[],"product_cat":[551,101],"product_tag":[],"class_list":{"0":"post-676433","1":"product","2":"type-product","3":"status-publish","4":"has-post-thumbnail","6":"product_cat-manualidades","7":"product_cat-manualitats","9":"first","10":"instock","11":"taxable","12":"shipping-taxable","13":"purchasable","14":"product-type-simple"},"acf":{"autor":"MAROTTA, MILLIE","codart":"841978528","libros-coleccion":"FORA DE COL.LECCI\u00d3","ediciones":"1","encuadernacion":"R\u00fastica","fecha_de_publicacion":"01\/07\/2023","novedad":"1","paginas":"96","subtitulo":"","orden":"0","portada":"0","idioma":"spa","editorial":[{"ID":147554,"post_author":"3","post_date":"2022-10-14 11:51:27","post_date_gmt":"2022-10-14 09:51:27","post_content":"","post_title":"BLUME (Naturart)","post_excerpt":"","post_status":"publish","comment_status":"closed","ping_status":"closed","post_password":"","post_name":"blume-naturart","to_ping":"","pinged":"","post_modified":"2022-10-14 11:51:27","post_modified_gmt":"2022-10-14 09:51:27","post_content_filtered":"","post_parent":0,"guid":"http:\/\/dev.claret.cat\/editorial\/blume-naturart\/","menu_order":0,"post_type":"editorial","post_mime_type":"","comment_count":"0","filter":"raw"}],"autores-libros":[{"ID":165103,"post_author":"3","post_date":"2022-10-14 17:52:25","post_date_gmt":"2022-10-14 15:52:25","post_content":"","post_title":"MILLIE MAROTTA","post_excerpt":"","post_status":"publish","comment_status":"closed","ping_status":"closed","post_password":"","post_name":"millie-marotta","to_ping":"","pinged":"","post_modified":"2022-10-14 17:52:25","post_modified_gmt":"2022-10-14 15:52:25","post_content_filtered":"","post_parent":0,"guid":"http:\/\/dev.claret.cat\/autor\/millie-marotta\/","menu_order":0,"post_type":"autor","post_mime_type":"","comment_count":"0","filter":"raw"}]},"aioseo_notices":[],"_links":{"self":[{"href":"https:\/\/www.claret.cat\/es\/wp-json\/wp\/v2\/product\/676433","targetHints":{"allow":["GET"]}}],"collection":[{"href":"https:\/\/www.claret.cat\/es\/wp-json\/wp\/v2\/product"}],"about":[{"href":"https:\/\/www.claret.cat\/es\/wp-json\/wp\/v2\/types\/product"}],"wp:featuredmedia":[{"embeddable":true,"href":"https:\/\/www.claret.cat\/es\/wp-json\/wp\/v2\/media\/676434"}],"wp:attachment":[{"href":"https:\/\/www.claret.cat\/es\/wp-json\/wp\/v2\/media?parent=676433"}],"wp:term":[{"taxonomy":"product_brand","embeddable":true,"href":"https:\/\/www.claret.cat\/es\/wp-json\/wp\/v2\/product_brand?post=676433"},{"taxonomy":"product_cat","embeddable":true,"href":"https:\/\/www.claret.cat\/es\/wp-json\/wp\/v2\/product_cat?post=676433"},{"taxonomy":"product_tag","embeddable":true,"href":"https:\/\/www.claret.cat\/es\/wp-json\/wp\/v2\/product_tag?post=676433"}],"curies":[{"name":"wp","href":"https:\/\/api.w.org\/{rel}","templated":true}]}}