{"id":676558,"date":"2023-09-12T14:06:27","date_gmt":"2023-09-12T12:06:27","guid":{"rendered":"https:\/\/www.claret.cat\/llibre\/me-llamo-goa-2-que-fuerte-goa-9788419522177\/"},"modified":"2026-04-18T11:35:09","modified_gmt":"2026-04-18T09:35:09","slug":"me-llamo-goa-2-que-fuerte-goa-9788419522177","status":"publish","type":"product","link":"https:\/\/www.claret.cat\/es\/libro\/me-llamo-goa-2-que-fuerte-goa-9788419522177\/","title":{"rendered":"ME LLAMO GOA 2 &#8211; \u00a1QU\u00c9 FUERTE, GOA!"},"content":{"rendered":"<p>El segundo t\u00edtulo de la serie Me llamo Goa, que ha cautivado la imaginaci\u00f3n de miles de lectores j\u00f3venes.  \u00abPrimer d\u00eda de instituto&#8230; \u00bfnerviosa yo? \u00a1Qu\u00e9 dices! Es solo que este a\u00f1o ha estado lleno de cambios: tengo compa\u00f1eros nuevos, mi amiga Nadia se ha ido a otro insti, mi hermano nace en breves y luego est\u00e1 Klaus&#8230; no s\u00e9 qu\u00e9 pasar\u00e1 entre nosotros. Adem\u00e1s, \u00a1creo que mi madre tiene novio!Las cosas est\u00e1n cambiando demasiado r\u00e1pido&#8230; \u00a1Qu\u00e9 fuerte todo!\u00bb Un inicio de curso lleno de emociones para Goa y para sus amigos, un grupo que ser\u00e1 clave para surfear todo lo que pasa cuando tienes 12 a\u00f1os. Goaseguir\u00e1 compartiendo sus pensamientos y emociones en el diario en v\u00eddeo que graba para s\u00ed misma. \u00a1Ojal\u00e1 la vida tuviese un manual de instrucciones! Contin\u00faa la primera serie juvenil de la aclamada autora M\u00edriam Tirado, autora de El hilo invisible, Sensibles y La fuente escondida.<\/p>\n","protected":false},"excerpt":{"rendered":"<p>TIRADO, M\u00cdRIAM<\/p>\n","protected":false},"featured_media":1079356,"template":"","meta":{"_acf_changed":false,"om_disable_all_campaigns":false,"rs_blank_template":"","rs_page_bg_color":"","slide_template_v7":"","inline_featured_image":false,"_monsterinsights_skip_tracking":false,"_monsterinsights_sitenote_active":false,"_monsterinsights_sitenote_note":"","_monsterinsights_sitenote_category":0},"product_brand":[],"product_cat":[132,362],"product_tag":[],"class_list":{"0":"post-676558","1":"product","2":"type-product","3":"status-publish","4":"has-post-thumbnail","6":"product_cat-lectures-per-preadolescents-6-12-anys","7":"product_cat-libros-preadolescentes-6-12-anos","9":"first","10":"instock","11":"taxable","12":"shipping-taxable","13":"purchasable","14":"product-type-simple"},"acf":{"autor":"TIRADO, M\u00cdRIAM","codart":"841952217","libros-coleccion":"","ediciones":"1","encuadernacion":"Carton\u00e9","fecha_de_publicacion":"01\/09\/2023","novedad":"1","paginas":"189","subtitulo":"","orden":"0","portada":"0","idioma":"spa","editorial":[{"ID":294535,"post_author":"3","post_date":"2022-12-12 12:50:10","post_date_gmt":"2022-12-12 11:50:10","post_content":"","post_title":"B de Blok","post_excerpt":"","post_status":"publish","comment_status":"closed","ping_status":"closed","post_password":"","post_name":"b-de-blok","to_ping":"","pinged":"","post_modified":"2022-12-12 12:50:10","post_modified_gmt":"2022-12-12 11:50:10","post_content_filtered":"","post_parent":0,"guid":"http:\/\/dev.claret.cat\/editorial\/b-de-blok\/","menu_order":0,"post_type":"editorial","post_mime_type":"","comment_count":"0","filter":"raw"}],"autores-libros":[{"ID":5862,"post_author":"3","post_date":"2022-07-28 17:33:05","post_date_gmt":"2022-07-28 15:33:05","post_content":"","post_title":"M\u00cdRIAM TIRADO","post_excerpt":"","post_status":"publish","comment_status":"closed","ping_status":"closed","post_password":"","post_name":"miriam-tirado","to_ping":"","pinged":"","post_modified":"2022-07-28 17:33:05","post_modified_gmt":"2022-07-28 15:33:05","post_content_filtered":"","post_parent":0,"guid":"http:\/\/dev.claret.cat\/autor\/miriam-tirado\/","menu_order":0,"post_type":"autor","post_mime_type":"","comment_count":"0","filter":"raw"}],"booktrailer":"","resenas":""},"aioseo_notices":[],"_links":{"self":[{"href":"https:\/\/www.claret.cat\/es\/wp-json\/wp\/v2\/product\/676558","targetHints":{"allow":["GET"]}}],"collection":[{"href":"https:\/\/www.claret.cat\/es\/wp-json\/wp\/v2\/product"}],"about":[{"href":"https:\/\/www.claret.cat\/es\/wp-json\/wp\/v2\/types\/product"}],"wp:featuredmedia":[{"embeddable":true,"href":"https:\/\/www.claret.cat\/es\/wp-json\/wp\/v2\/media\/1079356"}],"wp:attachment":[{"href":"https:\/\/www.claret.cat\/es\/wp-json\/wp\/v2\/media?parent=676558"}],"wp:term":[{"taxonomy":"product_brand","embeddable":true,"href":"https:\/\/www.claret.cat\/es\/wp-json\/wp\/v2\/product_brand?post=676558"},{"taxonomy":"product_cat","embeddable":true,"href":"https:\/\/www.claret.cat\/es\/wp-json\/wp\/v2\/product_cat?post=676558"},{"taxonomy":"product_tag","embeddable":true,"href":"https:\/\/www.claret.cat\/es\/wp-json\/wp\/v2\/product_tag?post=676558"}],"curies":[{"name":"wp","href":"https:\/\/api.w.org\/{rel}","templated":true}]}}