{"id":676626,"date":"2023-09-12T14:10:34","date_gmt":"2023-09-12T12:10:34","guid":{"rendered":"https:\/\/www.claret.cat\/llibre\/criaturas-curiosas-miniaturas-curiosas-9788419785312\/"},"modified":"2023-11-09T18:42:18","modified_gmt":"2023-11-09T17:42:18","slug":"criaturas-curiosas-miniaturas-curiosas-9788419785312","status":"publish","type":"product","link":"https:\/\/www.claret.cat\/es\/libro\/criaturas-curiosas-miniaturas-curiosas-9788419785312\/","title":{"rendered":"CRIATURAS CURIOSAS. MINIATURAS CURIOSAS"},"content":{"rendered":"<p>* Una selecci\u00f3n de Millie Marotta de animales, originales y fascinantes, para que pueda colorearlos a su gusto. <br \/> * Las ilustraciones siempre empiezan a modo de dibujos realistas de las especies y conservan la forma del animal como existe en la vida real. A partir de aqu\u00ed, se a\u00f1aden detalles, dibujos y adornos que han dado lugar a una colecci\u00f3n de criaturas reales con un giro creativo. <br \/> * Desde el ping\u00fcino de penacho anaranjado hasta los majestuosos peces voladores, desde el drag\u00f3n marino com\u00fan hasta el adormilado perezoso: conozca a las criaturas curiosas de Millie. <\/p>\n<p> Al final del libro se incluyen unas p\u00e1ginas de contenido, en las que figura un listado de cada uno de los animales, en el orden en el que aparecen. Mientras que a la mayor\u00eda de las personas les gusta dejar volar su imaginaci\u00f3n al escoger los colores, otras prefieren crear cosas que se asemejen m\u00e1s a la realidad, de modo que este listado ayudar\u00e1 a aquellos que desean informarse con respecto a los colores de las diferentes especies antes de introducir su gama crom\u00e1tica.<\/p>\n","protected":false},"excerpt":{"rendered":"<p>MAROTTA, MILLIE<\/p>\n","protected":false},"featured_media":676627,"template":"","meta":{"_acf_changed":false,"om_disable_all_campaigns":false,"rs_blank_template":"","rs_page_bg_color":"","slide_template_v7":"","inline_featured_image":false,"_monsterinsights_skip_tracking":false,"_monsterinsights_sitenote_active":false,"_monsterinsights_sitenote_note":"","_monsterinsights_sitenote_category":0},"product_brand":[],"product_cat":[551,101],"product_tag":[],"class_list":{"0":"post-676626","1":"product","2":"type-product","3":"status-publish","4":"has-post-thumbnail","6":"product_cat-manualidades","7":"product_cat-manualitats","9":"first","10":"instock","11":"taxable","12":"shipping-taxable","13":"purchasable","14":"product-type-simple"},"acf":{"autor":"MAROTTA, MILLIE","codart":"841978531","libros-coleccion":"FORA DE COL.LECCI\u00d3","ediciones":"1","encuadernacion":"R\u00fastica","fecha_de_publicacion":"01\/07\/2023","novedad":"1","paginas":"96","subtitulo":"","orden":"0","portada":"0","idioma":"spa","editorial":[{"ID":147554,"post_author":"3","post_date":"2022-10-14 11:51:27","post_date_gmt":"2022-10-14 09:51:27","post_content":"","post_title":"BLUME (Naturart)","post_excerpt":"","post_status":"publish","comment_status":"closed","ping_status":"closed","post_password":"","post_name":"blume-naturart","to_ping":"","pinged":"","post_modified":"2022-10-14 11:51:27","post_modified_gmt":"2022-10-14 09:51:27","post_content_filtered":"","post_parent":0,"guid":"http:\/\/dev.claret.cat\/editorial\/blume-naturart\/","menu_order":0,"post_type":"editorial","post_mime_type":"","comment_count":"0","filter":"raw"}],"autores-libros":[{"ID":165103,"post_author":"3","post_date":"2022-10-14 17:52:25","post_date_gmt":"2022-10-14 15:52:25","post_content":"","post_title":"MILLIE MAROTTA","post_excerpt":"","post_status":"publish","comment_status":"closed","ping_status":"closed","post_password":"","post_name":"millie-marotta","to_ping":"","pinged":"","post_modified":"2022-10-14 17:52:25","post_modified_gmt":"2022-10-14 15:52:25","post_content_filtered":"","post_parent":0,"guid":"http:\/\/dev.claret.cat\/autor\/millie-marotta\/","menu_order":0,"post_type":"autor","post_mime_type":"","comment_count":"0","filter":"raw"}]},"aioseo_notices":[],"_links":{"self":[{"href":"https:\/\/www.claret.cat\/es\/wp-json\/wp\/v2\/product\/676626","targetHints":{"allow":["GET"]}}],"collection":[{"href":"https:\/\/www.claret.cat\/es\/wp-json\/wp\/v2\/product"}],"about":[{"href":"https:\/\/www.claret.cat\/es\/wp-json\/wp\/v2\/types\/product"}],"wp:featuredmedia":[{"embeddable":true,"href":"https:\/\/www.claret.cat\/es\/wp-json\/wp\/v2\/media\/676627"}],"wp:attachment":[{"href":"https:\/\/www.claret.cat\/es\/wp-json\/wp\/v2\/media?parent=676626"}],"wp:term":[{"taxonomy":"product_brand","embeddable":true,"href":"https:\/\/www.claret.cat\/es\/wp-json\/wp\/v2\/product_brand?post=676626"},{"taxonomy":"product_cat","embeddable":true,"href":"https:\/\/www.claret.cat\/es\/wp-json\/wp\/v2\/product_cat?post=676626"},{"taxonomy":"product_tag","embeddable":true,"href":"https:\/\/www.claret.cat\/es\/wp-json\/wp\/v2\/product_tag?post=676626"}],"curies":[{"name":"wp","href":"https:\/\/api.w.org\/{rel}","templated":true}]}}