{"id":676638,"date":"2023-09-12T14:15:29","date_gmt":"2023-09-12T12:15:29","guid":{"rendered":"https:\/\/www.claret.cat\/llibre\/maravilloso-mundo-tropical-miniaturas-para-colorear-9788419785305\/"},"modified":"2023-10-20T11:50:06","modified_gmt":"2023-10-20T09:50:06","slug":"maravilloso-mundo-tropical-miniaturas-para-colorear-9788419785305","status":"publish","type":"product","link":"https:\/\/www.claret.cat\/es\/libro\/maravilloso-mundo-tropical-miniaturas-para-colorear-9788419785305\/","title":{"rendered":"MARAVILLOSO MUNDO TROPICAL. MINIATURAS PARA COLOREAR"},"content":{"rendered":"<p>* Pi\u00e9rdase en un derroche de color y de dibujo al dar vida a las ex\u00f3ticas criaturas y plantas de este libro. <br \/> * El intrincado estilo de ilustraci\u00f3n de la autora le desafiar\u00e1 a crear su propia marca, ya se trate de a\u00f1adir textura a una colecci\u00f3n de cact\u00e1ceas como de dar color a las plumas de un papagayo tropical. <br \/> * Explore la selva a\u00fan m\u00e1s a fondo y encontrar\u00e1 flores, aves, mariposas y reptiles extraordinarios, a la espera de recibir el vibrante color tropical. <\/p>\n<p> Este libro resultar\u00e1 divertido para cualquiera que busque salidas creativas o una actividad relajante para la mente. Re\u00fane una fascinante colecci\u00f3n de fauna y flora tropical y, adem\u00e1s, se incluyen algunos textos para guiarle, sugerencias sobre qu\u00e9 puede a\u00f1adir y c\u00f3mo hacerlo. <\/p>\n<p> Al final del libro encontrar\u00e1 algunas p\u00e1ginas en blanco para crear su propio para\u00edso tropical. Puede intentar copiar algunas de las ilustraciones del libro, o bien dibujar sus propias creaciones.<\/p>\n","protected":false},"excerpt":{"rendered":"<p>MAROTTA, MILLIE<\/p>\n","protected":false},"featured_media":676639,"template":"","meta":{"_acf_changed":false,"om_disable_all_campaigns":false,"rs_blank_template":"","rs_page_bg_color":"","slide_template_v7":"","inline_featured_image":false,"_monsterinsights_skip_tracking":false,"_monsterinsights_sitenote_active":false,"_monsterinsights_sitenote_note":"","_monsterinsights_sitenote_category":0},"product_brand":[],"product_cat":[551,101],"product_tag":[],"class_list":{"0":"post-676638","1":"product","2":"type-product","3":"status-publish","4":"has-post-thumbnail","6":"product_cat-manualidades","7":"product_cat-manualitats","9":"first","10":"instock","11":"taxable","12":"shipping-taxable","13":"purchasable","14":"product-type-simple"},"acf":{"autor":"MAROTTA, MILLIE","codart":"841978530","libros-coleccion":"FORA DE COL.LECCI\u00d3","ediciones":"1","encuadernacion":"R\u00fastica","fecha_de_publicacion":"01\/07\/2023","novedad":"1","paginas":"96","subtitulo":"","orden":"0","portada":"0","idioma":"spa","editorial":[{"ID":147554,"post_author":"3","post_date":"2022-10-14 11:51:27","post_date_gmt":"2022-10-14 09:51:27","post_content":"","post_title":"BLUME (Naturart)","post_excerpt":"","post_status":"publish","comment_status":"closed","ping_status":"closed","post_password":"","post_name":"blume-naturart","to_ping":"","pinged":"","post_modified":"2022-10-14 11:51:27","post_modified_gmt":"2022-10-14 09:51:27","post_content_filtered":"","post_parent":0,"guid":"http:\/\/dev.claret.cat\/editorial\/blume-naturart\/","menu_order":0,"post_type":"editorial","post_mime_type":"","comment_count":"0","filter":"raw"}],"autores-libros":[{"ID":165103,"post_author":"3","post_date":"2022-10-14 17:52:25","post_date_gmt":"2022-10-14 15:52:25","post_content":"","post_title":"MILLIE MAROTTA","post_excerpt":"","post_status":"publish","comment_status":"closed","ping_status":"closed","post_password":"","post_name":"millie-marotta","to_ping":"","pinged":"","post_modified":"2022-10-14 17:52:25","post_modified_gmt":"2022-10-14 15:52:25","post_content_filtered":"","post_parent":0,"guid":"http:\/\/dev.claret.cat\/autor\/millie-marotta\/","menu_order":0,"post_type":"autor","post_mime_type":"","comment_count":"0","filter":"raw"}]},"aioseo_notices":[],"_links":{"self":[{"href":"https:\/\/www.claret.cat\/es\/wp-json\/wp\/v2\/product\/676638","targetHints":{"allow":["GET"]}}],"collection":[{"href":"https:\/\/www.claret.cat\/es\/wp-json\/wp\/v2\/product"}],"about":[{"href":"https:\/\/www.claret.cat\/es\/wp-json\/wp\/v2\/types\/product"}],"wp:featuredmedia":[{"embeddable":true,"href":"https:\/\/www.claret.cat\/es\/wp-json\/wp\/v2\/media\/676639"}],"wp:attachment":[{"href":"https:\/\/www.claret.cat\/es\/wp-json\/wp\/v2\/media?parent=676638"}],"wp:term":[{"taxonomy":"product_brand","embeddable":true,"href":"https:\/\/www.claret.cat\/es\/wp-json\/wp\/v2\/product_brand?post=676638"},{"taxonomy":"product_cat","embeddable":true,"href":"https:\/\/www.claret.cat\/es\/wp-json\/wp\/v2\/product_cat?post=676638"},{"taxonomy":"product_tag","embeddable":true,"href":"https:\/\/www.claret.cat\/es\/wp-json\/wp\/v2\/product_tag?post=676638"}],"curies":[{"name":"wp","href":"https:\/\/api.w.org\/{rel}","templated":true}]}}