{"id":676711,"date":"2023-09-12T14:19:07","date_gmt":"2023-09-12T12:19:07","guid":{"rendered":"https:\/\/www.claret.cat\/llibre\/el-amor-hace-crecer-el-jardin-9788419499967\/"},"modified":"2023-10-11T00:57:30","modified_gmt":"2023-10-10T22:57:30","slug":"el-amor-hace-crecer-el-jardin-9788419499967","status":"publish","type":"product","link":"https:\/\/www.claret.cat\/es\/libro\/el-amor-hace-crecer-el-jardin-9788419499967\/","title":{"rendered":"EL AMOR HACE CRECER EL JARD\u00cdN"},"content":{"rendered":"<p>* De la ilustradora de Prohibida la entrada a los elefantes llega este libro de inspiraci\u00f3n personal, repleto de dulces im\u00e1genes, sobre una ni\u00f1a que desarrolla una estrecha relaci\u00f3n con su abuelo al cuidar con \u00e9l su jard\u00edn.<\/p>\n<p> Cuando soy tan peque\u00f1a como un brote, el jard\u00edn del abuelo me parece enorme.<\/p>\n<p> * La ni\u00f1a observa los insectos y las flores y percibe el rico olor de la tierra del jard\u00edn de su abuelo. \u00c9l tararea mientras riega sus preciadas plantas. Y cuando le da a la ni\u00f1a una flor, cuidarla le ense\u00f1a a sentir el amor de su abuelo. Incluso a medida que pasa el tiempo, la ni\u00f1a crece y el jard\u00edn de su abuelo se hace m\u00e1s peque\u00f1o, ella nunca olvida lo que aprendi\u00f3 ni pierde la proximidad con su abuelo.<\/p>\n<p> Cuando mi hija es tan<br \/> peque\u00f1a como un brote,<br \/> vamos a visitar al abuelo.<\/p>\n<p> * Inspirada en la propia familia de la autora, esta hermosa historia personal celebra el amor que une a las familias y nos ser hace quienes somos.<\/p>\n","protected":false},"excerpt":{"rendered":"<p>YOO, TAEEUN<\/p>\n","protected":false},"featured_media":678028,"template":"","meta":{"_acf_changed":false,"om_disable_all_campaigns":false,"rs_blank_template":"","rs_page_bg_color":"","slide_template_v7":"","inline_featured_image":false,"_monsterinsights_skip_tracking":false,"_monsterinsights_sitenote_active":false,"_monsterinsights_sitenote_note":"","_monsterinsights_sitenote_category":0},"product_brand":[],"product_cat":[131,361],"product_tag":[],"class_list":{"0":"post-676711","1":"product","2":"type-product","3":"status-publish","4":"has-post-thumbnail","6":"product_cat-contes-per-infants-0-6-anys","7":"product_cat-cuentos-para-ninos-0-6-anos","9":"first","10":"instock","11":"taxable","12":"shipping-taxable","13":"purchasable","14":"product-type-simple"},"acf":{"autor":"YOO, TAEEUN","codart":"841949996","libros-coleccion":"GENERICA","ediciones":"1","encuadernacion":"Carton\u00e9","fecha_de_publicacion":"01\/06\/2023","novedad":"1","paginas":"40","subtitulo":"","orden":"0","portada":"0","idioma":"spa","editorial":[{"ID":147554,"post_author":"3","post_date":"2022-10-14 11:51:27","post_date_gmt":"2022-10-14 09:51:27","post_content":"","post_title":"BLUME (Naturart)","post_excerpt":"","post_status":"publish","comment_status":"closed","ping_status":"closed","post_password":"","post_name":"blume-naturart","to_ping":"","pinged":"","post_modified":"2022-10-14 11:51:27","post_modified_gmt":"2022-10-14 09:51:27","post_content_filtered":"","post_parent":0,"guid":"http:\/\/dev.claret.cat\/editorial\/blume-naturart\/","menu_order":0,"post_type":"editorial","post_mime_type":"","comment_count":"0","filter":"raw"}],"autores-libros":[{"ID":263932,"post_author":"3","post_date":"2022-12-01 11:22:12","post_date_gmt":"2022-12-01 10:22:12","post_content":"","post_title":"TAEEUN YOO","post_excerpt":"","post_status":"publish","comment_status":"closed","ping_status":"closed","post_password":"","post_name":"taeeun-yoo","to_ping":"","pinged":"","post_modified":"2022-12-01 11:22:12","post_modified_gmt":"2022-12-01 10:22:12","post_content_filtered":"","post_parent":0,"guid":"http:\/\/dev.claret.cat\/autor\/taeeun-yoo\/","menu_order":0,"post_type":"autor","post_mime_type":"","comment_count":"0","filter":"raw"}]},"aioseo_notices":[],"_links":{"self":[{"href":"https:\/\/www.claret.cat\/es\/wp-json\/wp\/v2\/product\/676711","targetHints":{"allow":["GET"]}}],"collection":[{"href":"https:\/\/www.claret.cat\/es\/wp-json\/wp\/v2\/product"}],"about":[{"href":"https:\/\/www.claret.cat\/es\/wp-json\/wp\/v2\/types\/product"}],"wp:featuredmedia":[{"embeddable":true,"href":"https:\/\/www.claret.cat\/es\/wp-json\/wp\/v2\/media\/678028"}],"wp:attachment":[{"href":"https:\/\/www.claret.cat\/es\/wp-json\/wp\/v2\/media?parent=676711"}],"wp:term":[{"taxonomy":"product_brand","embeddable":true,"href":"https:\/\/www.claret.cat\/es\/wp-json\/wp\/v2\/product_brand?post=676711"},{"taxonomy":"product_cat","embeddable":true,"href":"https:\/\/www.claret.cat\/es\/wp-json\/wp\/v2\/product_cat?post=676711"},{"taxonomy":"product_tag","embeddable":true,"href":"https:\/\/www.claret.cat\/es\/wp-json\/wp\/v2\/product_tag?post=676711"}],"curies":[{"name":"wp","href":"https:\/\/api.w.org\/{rel}","templated":true}]}}