{"id":676716,"date":"2023-09-12T14:19:23","date_gmt":"2023-09-12T12:19:23","guid":{"rendered":"https:\/\/www.claret.cat\/llibre\/lamor-fa-creixer-el-jardi-9788419499974\/"},"modified":"2023-10-11T00:57:28","modified_gmt":"2023-10-10T22:57:28","slug":"lamor-fa-creixer-el-jardi-9788419499974","status":"publish","type":"product","link":"https:\/\/www.claret.cat\/es\/libro\/lamor-fa-creixer-el-jardi-9788419499974\/","title":{"rendered":"L&#8217;AMOR FA CR\u00c9IXER EL JARD\u00cd"},"content":{"rendered":"<p>* De la il\u00b7lustradora de Prohibida l&#8217;entrada als elefants arriba aquest llibre d&#8217;inspiraci\u00f3 personal, ple de dolces imatges, sobre una nena que estableix una estreta relaci\u00f3 amb el seu avi en tenir cura del jard\u00ed. <\/p>\n<p> Quan soc tan petita com un brot, el jard\u00ed de l&#8217;avi em sembla enorme.<\/p>\n<p> * La nena observa els insectes i les flors i percep la bona olor de la terra del jard\u00ed del seu avi. Ell taral\u00b7leja mentre rega les seves preuades plantes. I quan dona a la nena una flor, tenir-ne cura l&#8217;ensenya a sentir l&#8217;amor del seu avi. A mesura que passa el temps, la nena creix i el jard\u00ed del seu avi es fa m\u00e9s petit, per\u00f2 ella mai no oblida el que va aprendre ni perd la proximitat amb el seu avi.<\/p>\n<p> Quan la meva filla \u00e9s tan<br \/> petita com un brot,<br \/> anem a visitar l&#8217;avi.<\/p>\n<p> * Inspirada en la pr\u00f2pia fam\u00edlia de l&#8217;autora, aquesta bonica hist\u00f2ria personal celebra l&#8221;amor que uneix les fam\u00edlies i ens fa ser qui som.<\/p>\n","protected":false},"excerpt":{"rendered":"<p>YOO, TAEEUN<\/p>\n","protected":false},"featured_media":678022,"template":"","meta":{"_acf_changed":false,"om_disable_all_campaigns":false,"rs_blank_template":"","rs_page_bg_color":"","slide_template_v7":"","inline_featured_image":false,"_monsterinsights_skip_tracking":false,"_monsterinsights_sitenote_active":false,"_monsterinsights_sitenote_note":"","_monsterinsights_sitenote_category":0},"product_brand":[],"product_cat":[131,361],"product_tag":[],"class_list":{"0":"post-676716","1":"product","2":"type-product","3":"status-publish","4":"has-post-thumbnail","6":"product_cat-contes-per-infants-0-6-anys","7":"product_cat-cuentos-para-ninos-0-6-anos","9":"first","10":"instock","11":"taxable","12":"shipping-taxable","13":"purchasable","14":"product-type-simple"},"acf":{"autor":"YOO, TAEEUN","codart":"841949997","libros-coleccion":"GENERICA","ediciones":"1","encuadernacion":"Carton\u00e9","fecha_de_publicacion":"01\/06\/2023","novedad":"1","paginas":"40","subtitulo":"","orden":"0","portada":"0","idioma":"cat","editorial":[{"ID":147554,"post_author":"3","post_date":"2022-10-14 11:51:27","post_date_gmt":"2022-10-14 09:51:27","post_content":"","post_title":"BLUME (Naturart)","post_excerpt":"","post_status":"publish","comment_status":"closed","ping_status":"closed","post_password":"","post_name":"blume-naturart","to_ping":"","pinged":"","post_modified":"2022-10-14 11:51:27","post_modified_gmt":"2022-10-14 09:51:27","post_content_filtered":"","post_parent":0,"guid":"http:\/\/dev.claret.cat\/editorial\/blume-naturart\/","menu_order":0,"post_type":"editorial","post_mime_type":"","comment_count":"0","filter":"raw"}],"autores-libros":[{"ID":263932,"post_author":"3","post_date":"2022-12-01 11:22:12","post_date_gmt":"2022-12-01 10:22:12","post_content":"","post_title":"TAEEUN YOO","post_excerpt":"","post_status":"publish","comment_status":"closed","ping_status":"closed","post_password":"","post_name":"taeeun-yoo","to_ping":"","pinged":"","post_modified":"2022-12-01 11:22:12","post_modified_gmt":"2022-12-01 10:22:12","post_content_filtered":"","post_parent":0,"guid":"http:\/\/dev.claret.cat\/autor\/taeeun-yoo\/","menu_order":0,"post_type":"autor","post_mime_type":"","comment_count":"0","filter":"raw"}]},"aioseo_notices":[],"_links":{"self":[{"href":"https:\/\/www.claret.cat\/es\/wp-json\/wp\/v2\/product\/676716","targetHints":{"allow":["GET"]}}],"collection":[{"href":"https:\/\/www.claret.cat\/es\/wp-json\/wp\/v2\/product"}],"about":[{"href":"https:\/\/www.claret.cat\/es\/wp-json\/wp\/v2\/types\/product"}],"wp:featuredmedia":[{"embeddable":true,"href":"https:\/\/www.claret.cat\/es\/wp-json\/wp\/v2\/media\/678022"}],"wp:attachment":[{"href":"https:\/\/www.claret.cat\/es\/wp-json\/wp\/v2\/media?parent=676716"}],"wp:term":[{"taxonomy":"product_brand","embeddable":true,"href":"https:\/\/www.claret.cat\/es\/wp-json\/wp\/v2\/product_brand?post=676716"},{"taxonomy":"product_cat","embeddable":true,"href":"https:\/\/www.claret.cat\/es\/wp-json\/wp\/v2\/product_cat?post=676716"},{"taxonomy":"product_tag","embeddable":true,"href":"https:\/\/www.claret.cat\/es\/wp-json\/wp\/v2\/product_tag?post=676716"}],"curies":[{"name":"wp","href":"https:\/\/api.w.org\/{rel}","templated":true}]}}