{"id":678972,"date":"2023-09-12T17:32:42","date_gmt":"2023-09-12T15:32:42","guid":{"rendered":"https:\/\/www.claret.cat\/llibre\/els-gamers-pirates-3-el-trident-magic-de-posido-9788413896151\/"},"modified":"2025-10-20T21:37:25","modified_gmt":"2025-10-20T19:37:25","slug":"els-gamers-pirates-3-el-trident-magic-de-posido-9788413896151","status":"publish","type":"product","link":"https:\/\/www.claret.cat\/es\/libro\/els-gamers-pirates-3-el-trident-magic-de-posido-9788413896151\/","title":{"rendered":"ELS GAMERS PIRATES 3. EL TRIDENT M\u00c0GIC DE POSID\u00d3"},"content":{"rendered":"<p>En Peg\u00e0s i la Delta viatgen a Atenes per assistir al festival de videojocs m\u00e9s gran de la hist\u00f2ria: el M\u00edtica Games Show!<br \/> All\u00e0, coneixeran l&#8221;exist\u00e8ncia del llegendari Trident de Posid\u00f3, una arma ancestral amb suposats poders m\u00e0gics, capa\u00e7 d&#8221;invocar el mar i les tempestes.<br \/> Quan descobreixen que s\u00f3n molts els que pretenen aconseguir la poderosa rel\u00edquia, hauran de fer tot el que puguin per protegir-la.<br \/> Si cau en males mans\u2026 tota la humanitat estar\u00e0 en perill!<br \/> Els Gamers Pirates, una col\u00b7lecci\u00f3 de l&#8221;univers de \u00abSuperherois\u00bb\u00a0de Roberto Santiago.<br \/> Els Onze, Les Princeses Rebels i Gamers Pirates s\u00f3n les col\u00b7leccions que formen el multivers \u00abSuperherois\u00bb de Roberto Santiago.<br \/> Cada col\u00b7lecci\u00f3 t\u00e9 un subtema: futbol en Els Onze, la defensa del medi ambient a Les Princeses Rebels i els videojocs a Gamers Pirates. Per\u00f2 totes elles tenen un nexe com\u00fa: els seus protagonistes s\u00f3n nens i nenes, aparentment molt normals, que quan fan 11 anys desenvolupen superpoders.<br \/> Per qu\u00e8 llegir Els Gamers Pirates?<\/p>\n<p> Hist\u00f2ries que diverteixen i enganxen.<br \/> Superherois, videojocs, humor, aventura i amistat.<br \/> Una narrativa que forma en valors.<br \/> Hist\u00f2ries autoconclusives.<br \/> Possibilidad de continuar llegint les altres col\u00b7leccions de Superherois.<\/p>\n","protected":false},"excerpt":{"rendered":"<p>SANTIAGO, ROBERTO \/ SANTOS MOLINA, EDUARDO DE LOS<\/p>\n","protected":false},"featured_media":678973,"template":"","meta":{"_acf_changed":false,"om_disable_all_campaigns":false,"rs_blank_template":"","rs_page_bg_color":"","slide_template_v7":"","inline_featured_image":false,"_monsterinsights_skip_tracking":false,"_monsterinsights_sitenote_active":false,"_monsterinsights_sitenote_note":"","_monsterinsights_sitenote_category":0},"product_brand":[],"product_cat":[90,540],"product_tag":[],"class_list":{"0":"post-678972","1":"product","2":"type-product","3":"status-publish","4":"has-post-thumbnail","6":"product_cat-altres","7":"product_cat-otros","9":"first","10":"instock","11":"taxable","12":"shipping-taxable","13":"purchasable","14":"product-type-simple"},"acf":{"autor":"SANTIAGO, ROBERTO \/ SANTOS MOLINA, EDUARDO DE LOS","codart":"841389615","libros-coleccion":"FORA DE COL.LECCI\u00d3","ediciones":"1","encuadernacion":"R\u00fastica","fecha_de_publicacion":"01\/09\/2023","novedad":"1","paginas":"348","subtitulo":"","orden":"0","portada":"0","idioma":"cat","editorial":[{"ID":6249,"post_author":"3","post_date":"2022-07-28 17:48:09","post_date_gmt":"2022-07-28 15:48:09","post_content":"","post_title":"Estrella Polar","post_excerpt":"","post_status":"publish","comment_status":"closed","ping_status":"closed","post_password":"","post_name":"estrella-polar","to_ping":"","pinged":"","post_modified":"2022-07-28 17:48:09","post_modified_gmt":"2022-07-28 15:48:09","post_content_filtered":"","post_parent":0,"guid":"http:\/\/dev.claret.cat\/editorial\/estrella-polar\/","menu_order":0,"post_type":"editorial","post_mime_type":"","comment_count":"0","filter":"raw"}],"autores-libros":[{"ID":5425,"post_author":"3","post_date":"2022-07-28 17:23:40","post_date_gmt":"2022-07-28 15:23:40","post_content":"","post_title":"EDUARDO DE LOS SANTOS MOLINA","post_excerpt":"","post_status":"publish","comment_status":"closed","ping_status":"closed","post_password":"","post_name":"eduardo-de-los-santos-molina","to_ping":"","pinged":"","post_modified":"2022-07-28 17:23:40","post_modified_gmt":"2022-07-28 15:23:40","post_content_filtered":"","post_parent":0,"guid":"http:\/\/dev.claret.cat\/autor\/eduardo-de-los-santos-molina\/","menu_order":0,"post_type":"autor","post_mime_type":"","comment_count":"0","filter":"raw"},{"ID":5984,"post_author":"3","post_date":"2022-07-28 17:35:41","post_date_gmt":"2022-07-28 15:35:41","post_content":"","post_title":"ROBERTO SANTIAGO","post_excerpt":"","post_status":"publish","comment_status":"closed","ping_status":"closed","post_password":"","post_name":"roberto-santiago","to_ping":"","pinged":"","post_modified":"2022-07-28 17:35:41","post_modified_gmt":"2022-07-28 15:35:41","post_content_filtered":"","post_parent":0,"guid":"http:\/\/dev.claret.cat\/autor\/roberto-santiago\/","menu_order":0,"post_type":"autor","post_mime_type":"","comment_count":"0","filter":"raw"}],"booktrailer":"","resenas":""},"aioseo_notices":[],"_links":{"self":[{"href":"https:\/\/www.claret.cat\/es\/wp-json\/wp\/v2\/product\/678972","targetHints":{"allow":["GET"]}}],"collection":[{"href":"https:\/\/www.claret.cat\/es\/wp-json\/wp\/v2\/product"}],"about":[{"href":"https:\/\/www.claret.cat\/es\/wp-json\/wp\/v2\/types\/product"}],"wp:featuredmedia":[{"embeddable":true,"href":"https:\/\/www.claret.cat\/es\/wp-json\/wp\/v2\/media\/678973"}],"wp:attachment":[{"href":"https:\/\/www.claret.cat\/es\/wp-json\/wp\/v2\/media?parent=678972"}],"wp:term":[{"taxonomy":"product_brand","embeddable":true,"href":"https:\/\/www.claret.cat\/es\/wp-json\/wp\/v2\/product_brand?post=678972"},{"taxonomy":"product_cat","embeddable":true,"href":"https:\/\/www.claret.cat\/es\/wp-json\/wp\/v2\/product_cat?post=678972"},{"taxonomy":"product_tag","embeddable":true,"href":"https:\/\/www.claret.cat\/es\/wp-json\/wp\/v2\/product_tag?post=678972"}],"curies":[{"name":"wp","href":"https:\/\/api.w.org\/{rel}","templated":true}]}}