{"id":679106,"date":"2023-09-12T17:47:00","date_gmt":"2023-09-12T15:47:00","guid":{"rendered":"https:\/\/www.claret.cat\/llibre\/los-gamers-piratas-3-el-tridente-magico-de-poseidon-9788408275398\/"},"modified":"2023-10-11T11:00:09","modified_gmt":"2023-10-11T09:00:09","slug":"los-gamers-piratas-3-el-tridente-magico-de-poseidon-9788408275398","status":"publish","type":"product","link":"https:\/\/www.claret.cat\/es\/libro\/los-gamers-piratas-3-el-tridente-magico-de-poseidon-9788408275398\/","title":{"rendered":"LOS GAMERS PIRATAS 3. EL TRIDENTE M\u00c1GICO DE POSEID\u00d3N"},"content":{"rendered":"<p>Pegaso y Delta viajan a Atenas para asistir al mayor festival de videojuegos de la historia: \u00a1el M\u00edtica Games Show!<br \/> All\u00ed, conocer\u00e1n la existencia del legendario Tridente de Poseid\u00f3n, un arma ancestral con supuestos poderes m\u00e1gicos, capaz de invocar el mar y las tormentas.<br \/> Cuando descubren que son muchos los que pretenden hacerse con la poderosa reliquia, deber\u00e1n hacer todo lo que est\u00e1 en sus manos para protegerla.<br \/> Si cae en malas manos\u2026 \u00a1Toda la humanidad estar\u00e1 en peligro!<br \/> Los Gamers Piratas, una colecci\u00f3n del universo de \u00abSuperh\u00e9roes\u00bb de Roberto Santiago<br \/> Los Once, Las Princesas Rebeldes y Gamers Piratas son las colecciones que forman el multiverso \u00abSuperh\u00e9roes\u00bb de Roberto Santiago.<br \/> Cada colecci\u00f3n tiene un subtema: f\u00fatbol en Los Once, la defensa del medio ambiente en Las Princesas Rebeldes, y los videojuegos en Los Gamers Piratas. Pero todas ellas tienen un nexo com\u00fan: sus protagonistas son ni\u00f1os y ni\u00f1as, aparentemente muy normales, que al cumplir 11 a\u00f1os desarrollan superpoderes.<br \/> \u00bfPor qu\u00e9 leer Los Gamers Piratas?<\/p>\n<p> Historias que divierten y enganchan.<br \/> Superh\u00e9roes, videojuegos, humor, aventura y amistad.<br \/> Una narrativa que forma en valores.<br \/> Historias autoconclusivas.<br \/> Posibilidad de seguir leyendo las otras colecciones de Superh\u00e9roes.<\/p>\n","protected":false},"excerpt":{"rendered":"<p>SANTIAGO, ROBERTO \/ SANTOS MOLINA, EDUARDO DE LOS<\/p>\n","protected":false},"featured_media":698561,"template":"","meta":{"_acf_changed":false,"om_disable_all_campaigns":false,"rs_blank_template":"","rs_page_bg_color":"","slide_template_v7":"","inline_featured_image":false,"_monsterinsights_skip_tracking":false,"_monsterinsights_sitenote_active":false,"_monsterinsights_sitenote_note":"","_monsterinsights_sitenote_category":0},"product_brand":[],"product_cat":[132,362],"product_tag":[],"class_list":{"0":"post-679106","1":"product","2":"type-product","3":"status-publish","4":"has-post-thumbnail","6":"product_cat-lectures-per-preadolescents-6-12-anys","7":"product_cat-libros-preadolescentes-6-12-anos","9":"first","10":"instock","11":"taxable","12":"shipping-taxable","13":"purchasable","14":"product-type-simple"},"acf":{"autor":"SANTIAGO, ROBERTO \/ SANTOS MOLINA, EDUARDO DE LOS","codart":"840827539","libros-coleccion":"FORA DE COL.LECCI\u00d3","ediciones":"1","encuadernacion":"R\u00fastica","fecha_de_publicacion":"01\/09\/2023","novedad":"1","paginas":"345","subtitulo":"","orden":"0","portada":"0","idioma":"spa","editorial":[{"ID":6233,"post_author":"3","post_date":"2022-07-28 17:47:48","post_date_gmt":"2022-07-28 15:47:48","post_content":"","post_title":"EDITORIAL PLANETA","post_excerpt":"","post_status":"publish","comment_status":"closed","ping_status":"closed","post_password":"","post_name":"editorial-planeta","to_ping":"","pinged":"","post_modified":"2022-07-28 17:47:48","post_modified_gmt":"2022-07-28 15:47:48","post_content_filtered":"","post_parent":0,"guid":"http:\/\/dev.claret.cat\/editorial\/editorial-planeta\/","menu_order":0,"post_type":"editorial","post_mime_type":"","comment_count":"0","filter":"raw"}],"autores-libros":[{"ID":5425,"post_author":"3","post_date":"2022-07-28 17:23:40","post_date_gmt":"2022-07-28 15:23:40","post_content":"","post_title":"EDUARDO DE LOS SANTOS MOLINA","post_excerpt":"","post_status":"publish","comment_status":"closed","ping_status":"closed","post_password":"","post_name":"eduardo-de-los-santos-molina","to_ping":"","pinged":"","post_modified":"2022-07-28 17:23:40","post_modified_gmt":"2022-07-28 15:23:40","post_content_filtered":"","post_parent":0,"guid":"http:\/\/dev.claret.cat\/autor\/eduardo-de-los-santos-molina\/","menu_order":0,"post_type":"autor","post_mime_type":"","comment_count":"0","filter":"raw"},{"ID":5984,"post_author":"3","post_date":"2022-07-28 17:35:41","post_date_gmt":"2022-07-28 15:35:41","post_content":"","post_title":"ROBERTO SANTIAGO","post_excerpt":"","post_status":"publish","comment_status":"closed","ping_status":"closed","post_password":"","post_name":"roberto-santiago","to_ping":"","pinged":"","post_modified":"2022-07-28 17:35:41","post_modified_gmt":"2022-07-28 15:35:41","post_content_filtered":"","post_parent":0,"guid":"http:\/\/dev.claret.cat\/autor\/roberto-santiago\/","menu_order":0,"post_type":"autor","post_mime_type":"","comment_count":"0","filter":"raw"}]},"aioseo_notices":[],"_links":{"self":[{"href":"https:\/\/www.claret.cat\/es\/wp-json\/wp\/v2\/product\/679106","targetHints":{"allow":["GET"]}}],"collection":[{"href":"https:\/\/www.claret.cat\/es\/wp-json\/wp\/v2\/product"}],"about":[{"href":"https:\/\/www.claret.cat\/es\/wp-json\/wp\/v2\/types\/product"}],"wp:featuredmedia":[{"embeddable":true,"href":"https:\/\/www.claret.cat\/es\/wp-json\/wp\/v2\/media\/698561"}],"wp:attachment":[{"href":"https:\/\/www.claret.cat\/es\/wp-json\/wp\/v2\/media?parent=679106"}],"wp:term":[{"taxonomy":"product_brand","embeddable":true,"href":"https:\/\/www.claret.cat\/es\/wp-json\/wp\/v2\/product_brand?post=679106"},{"taxonomy":"product_cat","embeddable":true,"href":"https:\/\/www.claret.cat\/es\/wp-json\/wp\/v2\/product_cat?post=679106"},{"taxonomy":"product_tag","embeddable":true,"href":"https:\/\/www.claret.cat\/es\/wp-json\/wp\/v2\/product_tag?post=679106"}],"curies":[{"name":"wp","href":"https:\/\/api.w.org\/{rel}","templated":true}]}}