{"id":679202,"date":"2023-09-12T17:54:48","date_gmt":"2023-09-12T15:54:48","guid":{"rendered":"https:\/\/www.claret.cat\/llibre\/praga-y-la-republica-checa-10-9788408274162\/"},"modified":"2023-10-11T00:56:45","modified_gmt":"2023-10-10T22:56:45","slug":"praga-y-la-republica-checa-10-9788408274162","status":"publish","type":"product","link":"https:\/\/www.claret.cat\/es\/libro\/praga-y-la-republica-checa-10-9788408274162\/","title":{"rendered":"PRAGA Y LA REP\u00daBLICA CHECA 10"},"content":{"rendered":"<p>Con su n\u00facleo medieval g\u00f3tico casi intacto y centenares de castillos repartidos por todo el territorio, la ciudad de Praga, en pleno coraz\u00f3n del antiguo Imperio austroh\u00fangaro, se ha convertido en una de las ciudades m\u00e1s populares de Europa. Su espectacular arquitectura g\u00f3tica atrae a todo aquel que se aventura a perderse por las callejuelas empedradas hasta la Plaza de la Ciudad Vieja, donde podr\u00e1 disfrutar de la mejor cerveza del mundo mientras admira las vistas privilegiadas de la Catedral de San Vito. No puede abandonarse la ciudad sin haber cruzado el r\u00edo Moldava por el Puente Carlos.\u00a0La Rep\u00fablica Checa est\u00e1 repleta de enclaves bonitos en sus tres hist\u00f3ricas regiones: Bohemia, Moravia y Sileca. En ellas se esconden deslumbrantes castillos, ciudades balneario del siglo XIX llenas de encanto, sorprendentes formaciones de arenisca y casas renacentistas y barrocas.<\/p>\n","protected":false},"excerpt":{"rendered":"<p>DI DUCA, MARC \/ BAKER, MARK<\/p>\n","protected":false},"featured_media":679203,"template":"","meta":{"_acf_changed":false,"om_disable_all_campaigns":false,"rs_blank_template":"","rs_page_bg_color":"","slide_template_v7":"","inline_featured_image":false,"_monsterinsights_skip_tracking":false,"_monsterinsights_sitenote_active":false,"_monsterinsights_sitenote_note":"","_monsterinsights_sitenote_category":0},"product_brand":[],"product_cat":[557,107],"product_tag":[],"class_list":{"0":"post-679202","1":"product","2":"type-product","3":"status-publish","4":"has-post-thumbnail","6":"product_cat-guias-de-viaje","7":"product_cat-guies-de-viatge","9":"first","10":"instock","11":"taxable","12":"shipping-taxable","13":"purchasable","14":"product-type-simple"},"acf":{"autor":"DI DUCA, MARC \/ BAKER, MARK","codart":"840827416","libros-coleccion":"Gu\u00edas de Regi\u00f3n Lonely Planet","ediciones":"1","encuadernacion":"R\u00fastica","fecha_de_publicacion":"01\/09\/2023","novedad":"1","paginas":"240","subtitulo":"","orden":"0","portada":"0","idioma":"spa","editorial":[{"ID":6233,"post_author":"3","post_date":"2022-07-28 17:47:48","post_date_gmt":"2022-07-28 15:47:48","post_content":"","post_title":"EDITORIAL PLANETA","post_excerpt":"","post_status":"publish","comment_status":"closed","ping_status":"closed","post_password":"","post_name":"editorial-planeta","to_ping":"","pinged":"","post_modified":"2022-07-28 17:47:48","post_modified_gmt":"2022-07-28 15:47:48","post_content_filtered":"","post_parent":0,"guid":"http:\/\/dev.claret.cat\/editorial\/editorial-planeta\/","menu_order":0,"post_type":"editorial","post_mime_type":"","comment_count":"0","filter":"raw"}],"autores-libros":[{"ID":163306,"post_author":"3","post_date":"2022-10-14 17:37:58","post_date_gmt":"2022-10-14 15:37:58","post_content":"","post_title":"MARC DI DUCA","post_excerpt":"","post_status":"publish","comment_status":"closed","ping_status":"closed","post_password":"","post_name":"marc-di-duca","to_ping":"","pinged":"","post_modified":"2022-10-14 17:37:58","post_modified_gmt":"2022-10-14 15:37:58","post_content_filtered":"","post_parent":0,"guid":"http:\/\/dev.claret.cat\/autor\/marc-di-duca\/","menu_order":0,"post_type":"autor","post_mime_type":"","comment_count":"0","filter":"raw"},{"ID":164060,"post_author":"3","post_date":"2022-10-14 17:44:02","post_date_gmt":"2022-10-14 15:44:02","post_content":"","post_title":"MARK BAKER","post_excerpt":"","post_status":"publish","comment_status":"closed","ping_status":"closed","post_password":"","post_name":"mark-baker","to_ping":"","pinged":"","post_modified":"2022-10-14 17:44:02","post_modified_gmt":"2022-10-14 15:44:02","post_content_filtered":"","post_parent":0,"guid":"http:\/\/dev.claret.cat\/autor\/mark-baker\/","menu_order":0,"post_type":"autor","post_mime_type":"","comment_count":"0","filter":"raw"}]},"aioseo_notices":[],"_links":{"self":[{"href":"https:\/\/www.claret.cat\/es\/wp-json\/wp\/v2\/product\/679202","targetHints":{"allow":["GET"]}}],"collection":[{"href":"https:\/\/www.claret.cat\/es\/wp-json\/wp\/v2\/product"}],"about":[{"href":"https:\/\/www.claret.cat\/es\/wp-json\/wp\/v2\/types\/product"}],"wp:featuredmedia":[{"embeddable":true,"href":"https:\/\/www.claret.cat\/es\/wp-json\/wp\/v2\/media\/679203"}],"wp:attachment":[{"href":"https:\/\/www.claret.cat\/es\/wp-json\/wp\/v2\/media?parent=679202"}],"wp:term":[{"taxonomy":"product_brand","embeddable":true,"href":"https:\/\/www.claret.cat\/es\/wp-json\/wp\/v2\/product_brand?post=679202"},{"taxonomy":"product_cat","embeddable":true,"href":"https:\/\/www.claret.cat\/es\/wp-json\/wp\/v2\/product_cat?post=679202"},{"taxonomy":"product_tag","embeddable":true,"href":"https:\/\/www.claret.cat\/es\/wp-json\/wp\/v2\/product_tag?post=679202"}],"curies":[{"name":"wp","href":"https:\/\/api.w.org\/{rel}","templated":true}]}}