{"id":679629,"date":"2023-09-12T18:40:38","date_gmt":"2023-09-12T16:40:38","guid":{"rendered":"https:\/\/www.claret.cat\/llibre\/bien-y-el-mal-el-9788417786915\/"},"modified":"2026-01-28T13:07:13","modified_gmt":"2026-01-28T12:07:13","slug":"bien-y-el-mal-el-9788417786915","status":"publish","type":"product","link":"https:\/\/www.claret.cat\/es\/libro\/bien-y-el-mal-el-9788417786915\/","title":{"rendered":"BIEN Y EL MAL, EL"},"content":{"rendered":"<p>&#8216;La sabidur\u00eda es el conocimiento del bien y del mal, no la capacidad para elegir entre uno y otro&#8217; &#8211; John Cheever      \u00bfC\u00f3mo podr\u00edamos definir el bien y el mal en el siglo XXI? \u00bfEs posible seguir defini\u00e9ndolos igual que los fil\u00f3sofos griegos? \u00bfSiguen vigentes sus teor\u00edas m\u00e1s de dos mil a\u00f1os despu\u00e9s, o han perdido relevancia con el paso del tiempo? Una de las grandes preguntas, si no la primera, de la filosof\u00eda y de la \u00e9tica es si el hombre es bueno o malo por naturaleza. Fil\u00f3sofos, artistas y escritores han elaborado distintas respuestas.<\/p>\n","protected":false},"excerpt":{"rendered":"<p>AA.VV.<\/p>\n","protected":false},"featured_media":679813,"template":"","meta":{"_acf_changed":false,"om_disable_all_campaigns":false,"rs_blank_template":"","rs_page_bg_color":"","slide_template_v7":"","inline_featured_image":false,"_monsterinsights_skip_tracking":false,"_monsterinsights_sitenote_active":false,"_monsterinsights_sitenote_note":"","_monsterinsights_sitenote_category":0},"product_brand":[],"product_cat":[445,175],"product_tag":[],"class_list":{"0":"post-679629","1":"product","2":"type-product","3":"status-publish","4":"has-post-thumbnail","6":"product_cat-etica-filosofia-2_humanidades","7":"product_cat-etica","9":"first","10":"instock","11":"taxable","12":"shipping-taxable","13":"purchasable","14":"product-type-simple"},"acf":{"autor":"AA.VV.","codart":"841778691","libros-coleccion":"FORA DE COL.LECCI\u00d3","ediciones":"1","encuadernacion":"Carpeta","fecha_de_publicacion":"01\/09\/2023","novedad":"1","paginas":"98","subtitulo":"","orden":"0","portada":"0","idioma":"spa","editorial":[{"ID":148859,"post_author":"3","post_date":"2022-10-14 12:01:33","post_date_gmt":"2022-10-14 10:01:33","post_content":"","post_title":"TAUGENIT","post_excerpt":"","post_status":"publish","comment_status":"closed","ping_status":"closed","post_password":"","post_name":"taugenit","to_ping":"","pinged":"","post_modified":"2022-10-14 12:01:33","post_modified_gmt":"2022-10-14 10:01:33","post_content_filtered":"","post_parent":0,"guid":"http:\/\/dev.claret.cat\/editorial\/taugenit\/","menu_order":0,"post_type":"editorial","post_mime_type":"","comment_count":"0","filter":"raw"}],"autores-libros":[{"ID":5199,"post_author":"3","post_date":"2022-07-28 17:16:54","post_date_gmt":"2022-07-28 15:16:54","post_content":"","post_title":"AA.VV.","post_excerpt":"","post_status":"publish","comment_status":"closed","ping_status":"closed","post_password":"","post_name":"aa-vv-3","to_ping":"","pinged":"","post_modified":"2022-07-28 17:16:54","post_modified_gmt":"2022-07-28 15:16:54","post_content_filtered":"","post_parent":0,"guid":"http:\/\/dev.claret.cat\/autor\/aa-vv-3\/","menu_order":0,"post_type":"autor","post_mime_type":"","comment_count":"0","filter":"raw"}],"booktrailer":"","resenas":""},"aioseo_notices":[],"_links":{"self":[{"href":"https:\/\/www.claret.cat\/es\/wp-json\/wp\/v2\/product\/679629","targetHints":{"allow":["GET"]}}],"collection":[{"href":"https:\/\/www.claret.cat\/es\/wp-json\/wp\/v2\/product"}],"about":[{"href":"https:\/\/www.claret.cat\/es\/wp-json\/wp\/v2\/types\/product"}],"wp:featuredmedia":[{"embeddable":true,"href":"https:\/\/www.claret.cat\/es\/wp-json\/wp\/v2\/media\/679813"}],"wp:attachment":[{"href":"https:\/\/www.claret.cat\/es\/wp-json\/wp\/v2\/media?parent=679629"}],"wp:term":[{"taxonomy":"product_brand","embeddable":true,"href":"https:\/\/www.claret.cat\/es\/wp-json\/wp\/v2\/product_brand?post=679629"},{"taxonomy":"product_cat","embeddable":true,"href":"https:\/\/www.claret.cat\/es\/wp-json\/wp\/v2\/product_cat?post=679629"},{"taxonomy":"product_tag","embeddable":true,"href":"https:\/\/www.claret.cat\/es\/wp-json\/wp\/v2\/product_tag?post=679629"}],"curies":[{"name":"wp","href":"https:\/\/api.w.org\/{rel}","templated":true}]}}