{"id":698711,"date":"2023-09-13T16:50:18","date_gmt":"2023-09-13T14:50:18","guid":{"rendered":"https:\/\/www.claret.cat\/llibre\/la-vaga-de-les-granotes-9788418288395\/"},"modified":"2026-03-24T17:12:35","modified_gmt":"2026-03-24T16:12:35","slug":"la-vaga-de-les-granotes-9788418288395","status":"publish","type":"product","link":"https:\/\/www.claret.cat\/es\/libro\/la-vaga-de-les-granotes-9788418288395\/","title":{"rendered":"LA VAGA DE LES GRANOTES"},"content":{"rendered":"<p>IL\u00b7LUSTRACIONS DE CUCHU Als Estanyols del Mol\u00ed hi viuen moltes granotes de la comarca. El petit estany mai no ha estat gaire net, per\u00f2 des de fa unes setmanes, la gent del poble l&#8221;utilitzen d&#8221;abocador i la situaci\u00f3 \u00e9s insuportable! Les granotes ja no poden m\u00e9s. L&#8221;hora d&#8221;actuar ha arribat! Oriol Canosa i Cuchu ens apropen amb humor i enginy al drama ecol\u00f2gic que pateixen molts rius, llacs i animals. Una hist\u00f2ria divertida i sensible que ens convida a no resignar-nos i lluitar per millorar el nostre entorn. EDAT RECOMANADA: +8 ANYS  * Tercer t\u00edtol de la col\u00b7lecci\u00f3_ Punt_ de la m\u00e0 d&#8221;un dels autors catalans m\u00e9s populars, l&#8221;Oriol Canosa.  * Una novel\u00b7la [http:\/\/novel.la\/] que tracta temes tan actuals com l&#8221;ecologia, els valors democr\u00e0tics i el poder del grup per organitzar-se i reclamar els propis drets. Ho fa amb una trama lleugera, simp\u00e0tica i emotiva, connectant amb els lectors m\u00e9s joves, per\u00f2 sense alli\u00e7onar.<\/p>\n","protected":false},"excerpt":{"rendered":"<p>CANOSA, ORIOL<\/p>\n","protected":false},"featured_media":1006759,"template":"","meta":{"_acf_changed":false,"om_disable_all_campaigns":false,"rs_blank_template":"","rs_page_bg_color":"","slide_template_v7":"","inline_featured_image":false,"_monsterinsights_skip_tracking":false,"_monsterinsights_sitenote_active":false,"_monsterinsights_sitenote_note":"","_monsterinsights_sitenote_category":0},"product_brand":[],"product_cat":[132,362],"product_tag":[],"class_list":{"0":"post-698711","1":"product","2":"type-product","3":"status-publish","4":"has-post-thumbnail","6":"product_cat-lectures-per-preadolescents-6-12-anys","7":"product_cat-libros-preadolescentes-6-12-anos","9":"first","10":"instock","11":"taxable","12":"shipping-taxable","13":"purchasable","14":"product-type-simple"},"acf":{"autor":"CANOSA, ORIOL","codart":"841828839","libros-coleccion":"FORA DE COL.LECCI\u00d3","ediciones":"1","encuadernacion":"Carton\u00e9","fecha_de_publicacion":"01\/09\/2022","novedad":"1","paginas":"75","subtitulo":"","orden":"0","portada":"0","idioma":"cat","editorial":[{"ID":6145,"post_author":"3","post_date":"2022-07-28 17:45:51","post_date_gmt":"2022-07-28 15:45:51","post_content":"","post_title":"BINDI BOOKS","post_excerpt":"","post_status":"publish","comment_status":"closed","ping_status":"closed","post_password":"","post_name":"bindi-books","to_ping":"","pinged":"","post_modified":"2022-07-28 17:45:51","post_modified_gmt":"2022-07-28 15:45:51","post_content_filtered":"","post_parent":0,"guid":"http:\/\/dev.claret.cat\/editorial\/bindi-books\/","menu_order":0,"post_type":"editorial","post_mime_type":"","comment_count":"0","filter":"raw"}],"autores-libros":[{"ID":166241,"post_author":"3","post_date":"2022-10-14 18:01:34","post_date_gmt":"2022-10-14 16:01:34","post_content":"","post_title":"ORIOL CANOSA","post_excerpt":"","post_status":"publish","comment_status":"closed","ping_status":"closed","post_password":"","post_name":"oriol-canosa","to_ping":"","pinged":"","post_modified":"2022-10-14 18:01:34","post_modified_gmt":"2022-10-14 16:01:34","post_content_filtered":"","post_parent":0,"guid":"http:\/\/dev.claret.cat\/autor\/oriol-canosa\/","menu_order":0,"post_type":"autor","post_mime_type":"","comment_count":"0","filter":"raw"}],"booktrailer":"","resenas":""},"aioseo_notices":[],"_links":{"self":[{"href":"https:\/\/www.claret.cat\/es\/wp-json\/wp\/v2\/product\/698711","targetHints":{"allow":["GET"]}}],"collection":[{"href":"https:\/\/www.claret.cat\/es\/wp-json\/wp\/v2\/product"}],"about":[{"href":"https:\/\/www.claret.cat\/es\/wp-json\/wp\/v2\/types\/product"}],"wp:featuredmedia":[{"embeddable":true,"href":"https:\/\/www.claret.cat\/es\/wp-json\/wp\/v2\/media\/1006759"}],"wp:attachment":[{"href":"https:\/\/www.claret.cat\/es\/wp-json\/wp\/v2\/media?parent=698711"}],"wp:term":[{"taxonomy":"product_brand","embeddable":true,"href":"https:\/\/www.claret.cat\/es\/wp-json\/wp\/v2\/product_brand?post=698711"},{"taxonomy":"product_cat","embeddable":true,"href":"https:\/\/www.claret.cat\/es\/wp-json\/wp\/v2\/product_cat?post=698711"},{"taxonomy":"product_tag","embeddable":true,"href":"https:\/\/www.claret.cat\/es\/wp-json\/wp\/v2\/product_tag?post=698711"}],"curies":[{"name":"wp","href":"https:\/\/api.w.org\/{rel}","templated":true}]}}