{"id":699023,"date":"2023-09-13T17:09:16","date_gmt":"2023-09-13T15:09:16","guid":{"rendered":"https:\/\/www.claret.cat\/llibre\/que-hi-ha-algu-9788412722727\/"},"modified":"2023-10-11T00:55:39","modified_gmt":"2023-10-10T22:55:39","slug":"que-hi-ha-algu-9788412722727","status":"publish","type":"product","link":"https:\/\/www.claret.cat\/es\/libro\/que-hi-ha-algu-9788412722727\/","title":{"rendered":"\u00bfQUE HI HA ALG\u00da?"},"content":{"rendered":"<p>Peter Orner llegeix sempre i a tot arreu: al restaurant d&#8217;un hospital, al soterrani de casa, quan acompanya la seva filla al parc, en un autob\u00fas a Hait\u00ed, durant les crisis sentimentals, quan est\u00e0 tramitant el seu divorci, durant la malaltia i la mort del seu pare. La lectura l&#8217;acompanya, l&#8217;ajuda a veure-hi clar i a entendre millor el m\u00f3n, l&#8217;il\u00b7lumina, li fa de refugi i l&#8217;ajuda a tirar endavant. I un dia decideix escriure sobre el paper de la narrativa en la seva vida, com ha quedat impresa en la seva hist\u00f2ria personal. El resultat \u00e9s un llibre commovedor, l\u00facid i honest que convoca escriptors com Virginia Woolf, Eudora Welty, James Salter, J.D. Salinger o Juan Rulfo i explora el plaer de la lectura, la solitud i l&#8217;ofici d&#8217;escriure, i el paper essencial que t\u00e9 la literatura en les nostres vides.<br \/> \u201cQuan vaig comen\u00e7ar \u00bfQue hi ha alg\u00fa?, de Peter Orner, no podia deixar de llegir, encara que el llibre m&#8221;empenyia a no voler deixar de pintar\u201d, Paula Bonet, autora de La anguila.<br \/> \u201cUn intent il\u00b7luminador per atrapar el que hi ha entre dos g\u00e8neres: les maneres innegociablement personals, ca\u00f2tiques, fins i tot inc\u00f2modes, de barrejar la lectura i la vida que la cr\u00edtica liter\u00e0ria i l&#8221;autobiografia no acaben d&#8221;explorar mai\u201d, The New York Times<\/p>\n","protected":false},"excerpt":{"rendered":"<p>ORNER, PETER<\/p>\n","protected":false},"featured_media":699024,"template":"","meta":{"_acf_changed":false,"om_disable_all_campaigns":false,"rs_blank_template":"","rs_page_bg_color":"","slide_template_v7":"","inline_featured_image":false,"_monsterinsights_skip_tracking":false,"_monsterinsights_sitenote_active":false,"_monsterinsights_sitenote_note":"","_monsterinsights_sitenote_category":0},"product_brand":[],"product_cat":[127,357],"product_tag":[],"class_list":{"0":"post-699023","1":"product","2":"type-product","3":"status-publish","4":"has-post-thumbnail","6":"product_cat-novella-contemporania","7":"product_cat-novela-contemporanea","9":"first","10":"instock","11":"taxable","12":"shipping-taxable","13":"purchasable","14":"product-type-simple"},"acf":{"autor":"ORNER, PETER","codart":"841272272","libros-coleccion":"FORA DE COL.LECCI\u00d3","ediciones":"1","encuadernacion":"R\u00fastica","fecha_de_publicacion":"01\/09\/2023","novedad":"1","paginas":"272","subtitulo":"","orden":"0","portada":"0","idioma":"cat","editorial":[{"ID":8251,"post_author":"3","post_date":"2022-09-30 09:21:29","post_date_gmt":"2022-09-30 07:21:29","post_content":"","post_title":"L'ALTRA EDITORIAL","post_excerpt":"","post_status":"publish","comment_status":"closed","ping_status":"closed","post_password":"","post_name":"laltra-editorial-3","to_ping":"","pinged":"","post_modified":"2022-09-30 09:21:29","post_modified_gmt":"2022-09-30 07:21:29","post_content_filtered":"","post_parent":0,"guid":"http:\/\/dev.claret.cat\/editorial\/laltra-editorial-3\/","menu_order":0,"post_type":"editorial","post_mime_type":"","comment_count":"0","filter":"raw"}],"autores-libros":[{"ID":699777,"post_author":"3","post_date":"2023-09-13 18:24:23","post_date_gmt":"2023-09-13 16:24:23","post_content":"","post_title":"PETER ORNER","post_excerpt":"","post_status":"publish","comment_status":"closed","ping_status":"closed","post_password":"","post_name":"peter-orner","to_ping":"","pinged":"","post_modified":"2023-09-13 18:24:23","post_modified_gmt":"2023-09-13 16:24:23","post_content_filtered":"","post_parent":0,"guid":"https:\/\/www.claret.cat\/autor\/peter-orner\/","menu_order":0,"post_type":"autor","post_mime_type":"","comment_count":"0","filter":"raw"}]},"aioseo_notices":[],"_links":{"self":[{"href":"https:\/\/www.claret.cat\/es\/wp-json\/wp\/v2\/product\/699023","targetHints":{"allow":["GET"]}}],"collection":[{"href":"https:\/\/www.claret.cat\/es\/wp-json\/wp\/v2\/product"}],"about":[{"href":"https:\/\/www.claret.cat\/es\/wp-json\/wp\/v2\/types\/product"}],"wp:featuredmedia":[{"embeddable":true,"href":"https:\/\/www.claret.cat\/es\/wp-json\/wp\/v2\/media\/699024"}],"wp:attachment":[{"href":"https:\/\/www.claret.cat\/es\/wp-json\/wp\/v2\/media?parent=699023"}],"wp:term":[{"taxonomy":"product_brand","embeddable":true,"href":"https:\/\/www.claret.cat\/es\/wp-json\/wp\/v2\/product_brand?post=699023"},{"taxonomy":"product_cat","embeddable":true,"href":"https:\/\/www.claret.cat\/es\/wp-json\/wp\/v2\/product_cat?post=699023"},{"taxonomy":"product_tag","embeddable":true,"href":"https:\/\/www.claret.cat\/es\/wp-json\/wp\/v2\/product_tag?post=699023"}],"curies":[{"name":"wp","href":"https:\/\/api.w.org\/{rel}","templated":true}]}}