{"id":699124,"date":"2023-09-13T17:20:04","date_gmt":"2023-09-13T15:20:04","guid":{"rendered":"https:\/\/www.claret.cat\/llibre\/enciclopedia-critica-del-genero-9788419558268\/"},"modified":"2023-11-08T17:52:07","modified_gmt":"2023-11-08T16:52:07","slug":"enciclopedia-critica-del-genero-9788419558268","status":"publish","type":"product","link":"https:\/\/www.claret.cat\/es\/libro\/enciclopedia-critica-del-genero-9788419558268\/","title":{"rendered":"ENCICLOPEDIA CR\u00cdTICA DEL G\u00c9NERO"},"content":{"rendered":"<p>Un acontecimiento intelectual y acad\u00e9mico sin precedentes. La obra de referencia sobre los grandes saberes, debates y las reconfiguraciones actuales de los estudios de g\u00e9nero.<\/p>\n<p> La discusi\u00f3n relativa al g\u00e9nero se ha establecido con fuerza en el actual debate p\u00fablico. Nunca antes se han requerido herramientas que faciliten al p\u00fablico interesado alcanzar un panorama riguroso y amplio de las cuestiones y debates abiertos. La potente irrupci\u00f3n de la \u00faltima ola feminista ha conseguido enfocar experiencias, demandas y da\u00f1os invisibilizados por los marcos simb\u00f3licos dominantes que solicitan urgentes intervenciones pol\u00edticas y reformas legislativas. Estos procesos se producen en distintos ejes de conflicto que, cuando se polarizan, tienden a simplificar los t\u00e9rminos para generar c\u00e1maras de eco y burbujas epist\u00e9micas.<\/p>\n<p> En este contexto, las entradas propuestas en la Enciclopedia cr\u00edtica del g\u00e9nero pretenden contribuir a enriquecer las discusiones, matizar las posturas y diversificar los puntos de vista con el objetivo de que est\u00e9n a la altura de la complejidad de las cosas mismas. Para ello, el conjunto de las entradas se organiza en los tres ejes que convergen cuando hablamos de g\u00e9nero: los cuerpos (con sus bellezas, normas, capacidades, emociones\u2026), las identidades (con sus transiciones, fronteras, orientaciones, c\u00e1nones\u2026) y las sexualidades (con sus diferencias, mutaciones, transgresiones, estigmas\u2026).<\/p>\n<p> Una obra colosal que re\u00fane el riguroso trabajo de m\u00e1s de cincuenta especialistas en estudios de g\u00e9nero y teor\u00eda queer. Acad\u00e9micos e investigadores de las mejores universidades de Iberoam\u00e9rica que sistematizan, ponen orden y aportan claridad a un conjunto de tem\u00e1ticas de inter\u00e9s general que atraviesan de pleno el debate p\u00fablico.<\/p>\n","protected":false},"excerpt":{"rendered":"<p>AA. VV.<\/p>\n","protected":false},"featured_media":699874,"template":"","meta":{"_acf_changed":false,"om_disable_all_campaigns":false,"rs_blank_template":"","rs_page_bg_color":"","slide_template_v7":"","inline_featured_image":false,"_monsterinsights_skip_tracking":false,"_monsterinsights_sitenote_active":false,"_monsterinsights_sitenote_note":"","_monsterinsights_sitenote_category":0},"product_brand":[],"product_cat":[372,164],"product_tag":[],"class_list":{"0":"post-699124","1":"product","2":"type-product","3":"status-publish","4":"has-post-thumbnail","6":"product_cat-derechos-humanos","7":"product_cat-drets-humans","9":"first","10":"instock","11":"taxable","12":"shipping-taxable","13":"purchasable","14":"product-type-simple"},"acf":{"autor":"AA. VV.","codart":"841955826","libros-coleccion":"Filosof\u00eda","ediciones":"1","encuadernacion":"R\u00fastica","fecha_de_publicacion":"01\/09\/2023","novedad":"1","paginas":"526","subtitulo":"","orden":"0","portada":"0","idioma":"spa","editorial":[{"ID":6127,"post_author":"3","post_date":"2022-07-28 17:45:28","post_date_gmt":"2022-07-28 15:45:28","post_content":"","post_title":"ARPA EDITORES","post_excerpt":"","post_status":"publish","comment_status":"closed","ping_status":"closed","post_password":"","post_name":"arpa-editores","to_ping":"","pinged":"","post_modified":"2022-07-28 17:45:28","post_modified_gmt":"2022-07-28 15:45:28","post_content_filtered":"","post_parent":0,"guid":"http:\/\/dev.claret.cat\/editorial\/arpa-editores\/","menu_order":0,"post_type":"editorial","post_mime_type":"","comment_count":"0","filter":"raw"}],"autores-libros":[{"ID":5197,"post_author":"3","post_date":"2022-07-28 17:16:51","post_date_gmt":"2022-07-28 15:16:51","post_content":"","post_title":"AA. VV.","post_excerpt":"","post_status":"publish","comment_status":"closed","ping_status":"closed","post_password":"","post_name":"aa-vv","to_ping":"","pinged":"","post_modified":"2022-07-28 17:16:51","post_modified_gmt":"2022-07-28 15:16:51","post_content_filtered":"","post_parent":0,"guid":"http:\/\/dev.claret.cat\/autor\/aa-vv\/","menu_order":0,"post_type":"autor","post_mime_type":"","comment_count":"0","filter":"raw"}]},"aioseo_notices":[],"_links":{"self":[{"href":"https:\/\/www.claret.cat\/es\/wp-json\/wp\/v2\/product\/699124","targetHints":{"allow":["GET"]}}],"collection":[{"href":"https:\/\/www.claret.cat\/es\/wp-json\/wp\/v2\/product"}],"about":[{"href":"https:\/\/www.claret.cat\/es\/wp-json\/wp\/v2\/types\/product"}],"wp:featuredmedia":[{"embeddable":true,"href":"https:\/\/www.claret.cat\/es\/wp-json\/wp\/v2\/media\/699874"}],"wp:attachment":[{"href":"https:\/\/www.claret.cat\/es\/wp-json\/wp\/v2\/media?parent=699124"}],"wp:term":[{"taxonomy":"product_brand","embeddable":true,"href":"https:\/\/www.claret.cat\/es\/wp-json\/wp\/v2\/product_brand?post=699124"},{"taxonomy":"product_cat","embeddable":true,"href":"https:\/\/www.claret.cat\/es\/wp-json\/wp\/v2\/product_cat?post=699124"},{"taxonomy":"product_tag","embeddable":true,"href":"https:\/\/www.claret.cat\/es\/wp-json\/wp\/v2\/product_tag?post=699124"}],"curies":[{"name":"wp","href":"https:\/\/api.w.org\/{rel}","templated":true}]}}