{"id":699148,"date":"2023-09-13T17:26:43","date_gmt":"2023-09-13T15:26:43","guid":{"rendered":"https:\/\/www.claret.cat\/llibre\/frankenstein-o-el-moderno-prometeo-9786075576855\/"},"modified":"2023-10-11T00:55:32","modified_gmt":"2023-10-10T22:55:32","slug":"frankenstein-o-el-moderno-prometeo-9786075576855","status":"publish","type":"product","link":"https:\/\/www.claret.cat\/es\/libro\/frankenstein-o-el-moderno-prometeo-9786075576855\/","title":{"rendered":"FRANKENSTEIN O EL MODERNO PROMETEO"},"content":{"rendered":"<p>La novela funcional de la ciencia ficci\u00f3n que sigue dando pie a nuevas interpretaciones.<br \/> &#8216;Si no puedo inspirar amor, desencadenar\u00e9 el miedo&#8217;.<br \/> Robert Walton es un escritor fracasado que se propone explorar el Polo Norte con la esperanza de expandir el conocimiento cient\u00edfico. Durante el viaje, la tripulaci\u00f3n rescata a un hombre casi congelado llamado Victor Frankenstein. Frankenstein ve en Walton la misma obsesi\u00f3n que lo ha destruido a \u00e9l y le cuenta su historia, la de un joven estudiante de ciencias que crea un hombre artificial a partir de fragmentos de cad\u00e1veres.<br \/> Esta escalofriante narraci\u00f3n g\u00f3tica que comenz\u00f3 cuando Mary Shelley ten\u00eda solo dieciocho a\u00f1os de edad, ha pasado a ser la obra de terror m\u00e1s famosa del mundo y sigue siendo una exploraci\u00f3n devastadora de los l\u00edmites de la ambici\u00f3n humana.<\/p>\n","protected":false},"excerpt":{"rendered":"<p>SHELLEY, MARY<\/p>\n","protected":false},"featured_media":700234,"template":"","meta":{"_acf_changed":false,"om_disable_all_campaigns":false,"rs_blank_template":"","rs_page_bg_color":"","slide_template_v7":"","inline_featured_image":false,"_monsterinsights_skip_tracking":false,"_monsterinsights_sitenote_active":false,"_monsterinsights_sitenote_note":"","_monsterinsights_sitenote_category":0},"product_brand":[],"product_cat":[354,123],"product_tag":[],"class_list":{"0":"post-699148","1":"product","2":"type-product","3":"status-publish","4":"has-post-thumbnail","6":"product_cat-clasica","7":"product_cat-classica","9":"first","10":"instock","11":"taxable","12":"shipping-taxable","13":"purchasable","14":"product-type-simple"},"acf":{"autor":"SHELLEY, MARY","codart":"607557685","libros-coleccion":"GRAN TRAVES\u00cdA","ediciones":"1","encuadernacion":"R\u00fastica","fecha_de_publicacion":"01\/08\/2023","novedad":"1","paginas":"312","subtitulo":"","orden":"0","portada":"0","idioma":"spa","editorial":[{"ID":147738,"post_author":"3","post_date":"2022-10-14 11:52:51","post_date_gmt":"2022-10-14 09:52:51","post_content":"","post_title":"DISTRIBUCIONES ALFAOMEGA","post_excerpt":"","post_status":"publish","comment_status":"closed","ping_status":"closed","post_password":"","post_name":"distribuciones-alfaomega","to_ping":"","pinged":"","post_modified":"2022-10-14 11:52:51","post_modified_gmt":"2022-10-14 09:52:51","post_content_filtered":"","post_parent":0,"guid":"http:\/\/dev.claret.cat\/editorial\/distribuciones-alfaomega\/","menu_order":0,"post_type":"editorial","post_mime_type":"","comment_count":"0","filter":"raw"}],"autores-libros":[{"ID":164378,"post_author":"3","post_date":"2022-10-14 17:46:35","post_date_gmt":"2022-10-14 15:46:35","post_content":"","post_title":"MARY SHELLEY","post_excerpt":"","post_status":"publish","comment_status":"closed","ping_status":"closed","post_password":"","post_name":"mary-shelley","to_ping":"","pinged":"","post_modified":"2022-10-14 17:46:35","post_modified_gmt":"2022-10-14 15:46:35","post_content_filtered":"","post_parent":0,"guid":"http:\/\/dev.claret.cat\/autor\/mary-shelley\/","menu_order":0,"post_type":"autor","post_mime_type":"","comment_count":"0","filter":"raw"}]},"aioseo_notices":[],"_links":{"self":[{"href":"https:\/\/www.claret.cat\/es\/wp-json\/wp\/v2\/product\/699148","targetHints":{"allow":["GET"]}}],"collection":[{"href":"https:\/\/www.claret.cat\/es\/wp-json\/wp\/v2\/product"}],"about":[{"href":"https:\/\/www.claret.cat\/es\/wp-json\/wp\/v2\/types\/product"}],"wp:featuredmedia":[{"embeddable":true,"href":"https:\/\/www.claret.cat\/es\/wp-json\/wp\/v2\/media\/700234"}],"wp:attachment":[{"href":"https:\/\/www.claret.cat\/es\/wp-json\/wp\/v2\/media?parent=699148"}],"wp:term":[{"taxonomy":"product_brand","embeddable":true,"href":"https:\/\/www.claret.cat\/es\/wp-json\/wp\/v2\/product_brand?post=699148"},{"taxonomy":"product_cat","embeddable":true,"href":"https:\/\/www.claret.cat\/es\/wp-json\/wp\/v2\/product_cat?post=699148"},{"taxonomy":"product_tag","embeddable":true,"href":"https:\/\/www.claret.cat\/es\/wp-json\/wp\/v2\/product_tag?post=699148"}],"curies":[{"name":"wp","href":"https:\/\/api.w.org\/{rel}","templated":true}]}}