{"id":699214,"date":"2023-09-13T17:30:23","date_gmt":"2023-09-13T15:30:23","guid":{"rendered":"https:\/\/www.claret.cat\/llibre\/ana-de-alamos-ventosos-9788418933486\/"},"modified":"2023-10-11T00:55:26","modified_gmt":"2023-10-10T22:55:26","slug":"ana-de-alamos-ventosos-9788418933486","status":"publish","type":"product","link":"https:\/\/www.claret.cat\/es\/libro\/ana-de-alamos-ventosos-9788418933486\/","title":{"rendered":"ANA DE \u00c1LAMOS VENTOSOS"},"content":{"rendered":"<p>Ana Shirley acaba de graduarse y se incorpora a su primer trabajo: durante los pr\u00f3ximos tres a\u00f1os dirigir\u00e1 el Instituto Summerside, lejos de su hogar y de su prometido. <br \/> En las cartas que le escribe a Gilbert le refiere los pormenores de su nueva vida: las rencillas que su presencia suscita en la familia m\u00e1s prominente del pueblo, el d\u00eda a d\u00eda con sus ancianas caseras y su estricta ama de llaves, o la conmovedora relaci\u00f3n que establece con una de sus alumnas. <br \/> Ana de \u00c1lamos Ventosos, el cuarto libro de la popular serie escrita por Lucy Maud Montgomery, rebosa un optimismo y una alegr\u00eda de vivir que han encandilado a generaciones enteras de lectores.<\/p>\n","protected":false},"excerpt":{"rendered":"<p>MONTGOMERY, LUCY MAUD<\/p>\n","protected":false},"featured_media":700200,"template":"","meta":{"_acf_changed":false,"om_disable_all_campaigns":false,"rs_blank_template":"","rs_page_bg_color":"","slide_template_v7":"","inline_featured_image":false,"_monsterinsights_skip_tracking":false,"_monsterinsights_sitenote_active":false,"_monsterinsights_sitenote_note":"","_monsterinsights_sitenote_category":0},"product_brand":[],"product_cat":[354,123],"product_tag":[],"class_list":{"0":"post-699214","1":"product","2":"type-product","3":"status-publish","4":"has-post-thumbnail","6":"product_cat-clasica","7":"product_cat-classica","9":"first","10":"instock","11":"taxable","12":"shipping-taxable","13":"purchasable","14":"product-type-simple"},"acf":{"autor":"MONTGOMERY, LUCY MAUD","codart":"841893348","libros-coleccion":"CL\u00c1SICOS ILUSTRADOS","ediciones":"1","encuadernacion":"Carton\u00e9","fecha_de_publicacion":"01\/06\/2023","novedad":"1","paginas":"312","subtitulo":"","orden":"0","portada":"0","idioma":"spa","editorial":[{"ID":147917,"post_author":"3","post_date":"2022-10-14 11:54:14","post_date_gmt":"2022-10-14 09:54:14","post_content":"","post_title":"EDITORIAL ALMA","post_excerpt":"","post_status":"publish","comment_status":"closed","ping_status":"closed","post_password":"","post_name":"editorial-alma","to_ping":"","pinged":"","post_modified":"2022-10-14 11:54:14","post_modified_gmt":"2022-10-14 09:54:14","post_content_filtered":"","post_parent":0,"guid":"http:\/\/dev.claret.cat\/editorial\/editorial-alma\/","menu_order":0,"post_type":"editorial","post_mime_type":"","comment_count":"0","filter":"raw"}],"autores-libros":[{"ID":162631,"post_author":"3","post_date":"2022-10-14 17:32:33","post_date_gmt":"2022-10-14 15:32:33","post_content":"","post_title":"LUCY MAUD MONTGOMERY","post_excerpt":"","post_status":"publish","comment_status":"closed","ping_status":"closed","post_password":"","post_name":"lucy-maud-montgomery","to_ping":"","pinged":"","post_modified":"2022-10-14 17:32:33","post_modified_gmt":"2022-10-14 15:32:33","post_content_filtered":"","post_parent":0,"guid":"http:\/\/dev.claret.cat\/autor\/lucy-maud-montgomery\/","menu_order":0,"post_type":"autor","post_mime_type":"","comment_count":"0","filter":"raw"}]},"aioseo_notices":[],"_links":{"self":[{"href":"https:\/\/www.claret.cat\/es\/wp-json\/wp\/v2\/product\/699214","targetHints":{"allow":["GET"]}}],"collection":[{"href":"https:\/\/www.claret.cat\/es\/wp-json\/wp\/v2\/product"}],"about":[{"href":"https:\/\/www.claret.cat\/es\/wp-json\/wp\/v2\/types\/product"}],"wp:featuredmedia":[{"embeddable":true,"href":"https:\/\/www.claret.cat\/es\/wp-json\/wp\/v2\/media\/700200"}],"wp:attachment":[{"href":"https:\/\/www.claret.cat\/es\/wp-json\/wp\/v2\/media?parent=699214"}],"wp:term":[{"taxonomy":"product_brand","embeddable":true,"href":"https:\/\/www.claret.cat\/es\/wp-json\/wp\/v2\/product_brand?post=699214"},{"taxonomy":"product_cat","embeddable":true,"href":"https:\/\/www.claret.cat\/es\/wp-json\/wp\/v2\/product_cat?post=699214"},{"taxonomy":"product_tag","embeddable":true,"href":"https:\/\/www.claret.cat\/es\/wp-json\/wp\/v2\/product_tag?post=699214"}],"curies":[{"name":"wp","href":"https:\/\/api.w.org\/{rel}","templated":true}]}}