{"id":716882,"date":"2023-09-14T16:20:06","date_gmt":"2023-09-14T14:20:06","guid":{"rendered":"https:\/\/www.claret.cat\/llibre\/pack-troti-en-el-bosque-9788498564365\/"},"modified":"2026-02-02T16:26:09","modified_gmt":"2026-02-02T15:26:09","slug":"pack-troti-en-el-bosque-9788498564365","status":"publish","type":"product","link":"https:\/\/www.claret.cat\/es\/libro\/pack-troti-en-el-bosque-9788498564365\/","title":{"rendered":"PACK TROTI EN EL BOSQUE"},"content":{"rendered":"<p>Un pack con dos t\u00edtulos de la colecci\u00f3n Troti y los Mug: El deseo de Troti y Troti busca amigos, y adem\u00e1s, un mu\u00f1eco de Troti, la mascota que siempre acompa\u00f1a a los Mug y a M\u00eda en todas sus aventuras.<\/p>\n","protected":false},"excerpt":{"rendered":"<p>ORO PRADERA, BEGO\u00d1A<\/p>\n","protected":false},"featured_media":1080323,"template":"","meta":{"_acf_changed":false,"om_disable_all_campaigns":false,"rs_blank_template":"","rs_page_bg_color":"","slide_template_v7":"","inline_featured_image":false,"_monsterinsights_skip_tracking":false,"_monsterinsights_sitenote_active":false,"_monsterinsights_sitenote_note":"","_monsterinsights_sitenote_category":0},"product_brand":[],"product_cat":[132,362],"product_tag":[],"class_list":{"0":"post-716882","1":"product","2":"type-product","3":"status-publish","4":"has-post-thumbnail","6":"product_cat-lectures-per-preadolescents-6-12-anys","7":"product_cat-libros-preadolescentes-6-12-anos","9":"first","10":"instock","11":"taxable","12":"shipping-taxable","13":"purchasable","14":"product-type-simple"},"acf":{"autor":"ORO PRADERA, BEGO\u00d1A","codart":"849856436","libros-coleccion":"El Barco de Vapor Blanca","ediciones":"1","encuadernacion":"R\u00fastica","fecha_de_publicacion":"01\/09\/2023","novedad":"1","paginas":"1","subtitulo":"","orden":"0","portada":"0","idioma":"spa","editorial":[{"ID":147622,"post_author":"3","post_date":"2022-10-14 11:51:59","post_date_gmt":"2022-10-14 09:51:59","post_content":"","post_title":"CESMA EDICIONES SM","post_excerpt":"","post_status":"publish","comment_status":"closed","ping_status":"closed","post_password":"","post_name":"cesma-ediciones-sm","to_ping":"","pinged":"","post_modified":"2022-10-14 11:51:59","post_modified_gmt":"2022-10-14 09:51:59","post_content_filtered":"","post_parent":0,"guid":"http:\/\/dev.claret.cat\/editorial\/cesma-ediciones-sm\/","menu_order":0,"post_type":"editorial","post_mime_type":"","comment_count":"0","filter":"raw"}],"autores-libros":[{"ID":151482,"post_author":"3","post_date":"2022-10-14 14:41:14","post_date_gmt":"2022-10-14 12:41:14","post_content":"","post_title":"BEGO\u00d1A ORO PRADERA","post_excerpt":"","post_status":"publish","comment_status":"closed","ping_status":"closed","post_password":"","post_name":"begona-oro-pradera-2","to_ping":"","pinged":"","post_modified":"2022-10-14 14:41:14","post_modified_gmt":"2022-10-14 12:41:14","post_content_filtered":"","post_parent":0,"guid":"http:\/\/dev.claret.cat\/autor\/begona-oro-pradera-2\/","menu_order":0,"post_type":"autor","post_mime_type":"","comment_count":"0","filter":"raw"}],"booktrailer":"","resenas":""},"aioseo_notices":[],"_links":{"self":[{"href":"https:\/\/www.claret.cat\/es\/wp-json\/wp\/v2\/product\/716882","targetHints":{"allow":["GET"]}}],"collection":[{"href":"https:\/\/www.claret.cat\/es\/wp-json\/wp\/v2\/product"}],"about":[{"href":"https:\/\/www.claret.cat\/es\/wp-json\/wp\/v2\/types\/product"}],"wp:featuredmedia":[{"embeddable":true,"href":"https:\/\/www.claret.cat\/es\/wp-json\/wp\/v2\/media\/1080323"}],"wp:attachment":[{"href":"https:\/\/www.claret.cat\/es\/wp-json\/wp\/v2\/media?parent=716882"}],"wp:term":[{"taxonomy":"product_brand","embeddable":true,"href":"https:\/\/www.claret.cat\/es\/wp-json\/wp\/v2\/product_brand?post=716882"},{"taxonomy":"product_cat","embeddable":true,"href":"https:\/\/www.claret.cat\/es\/wp-json\/wp\/v2\/product_cat?post=716882"},{"taxonomy":"product_tag","embeddable":true,"href":"https:\/\/www.claret.cat\/es\/wp-json\/wp\/v2\/product_tag?post=716882"}],"curies":[{"name":"wp","href":"https:\/\/api.w.org\/{rel}","templated":true}]}}