{"id":716942,"date":"2023-09-14T16:27:37","date_gmt":"2023-09-14T14:27:37","guid":{"rendered":"https:\/\/www.claret.cat\/llibre\/quin-desastre-dexcursio-9788466156448\/"},"modified":"2026-02-27T19:16:04","modified_gmt":"2026-02-27T18:16:04","slug":"quin-desastre-dexcursio-9788466156448","status":"publish","type":"product","link":"https:\/\/www.claret.cat\/es\/libro\/quin-desastre-dexcursio-9788466156448\/","title":{"rendered":"QUIN DESASTRE D&#8217;EXCURSI\u00d3"},"content":{"rendered":"<p>El Pau Piny\u00f3, el petit l\u00e8mming maldestre, se&#8221;n vol anar d&#8221;excursi\u00f3 per\u00f2 les coses no li acaben de rutllar. No sap plantar la tenda, el persegueix un eixam d&#8221;abelles&#8230; Vaja, que t\u00e9 mala sort, com sempre.<\/p>\n","protected":false},"excerpt":{"rendered":"<p>PINTADERA , FRAN<\/p>\n","protected":false},"featured_media":953018,"template":"","meta":{"_acf_changed":false,"om_disable_all_campaigns":false,"rs_blank_template":"","rs_page_bg_color":"","slide_template_v7":"","inline_featured_image":false,"_monsterinsights_skip_tracking":false,"_monsterinsights_sitenote_active":false,"_monsterinsights_sitenote_note":"","_monsterinsights_sitenote_category":0},"product_brand":[],"product_cat":[132,362],"product_tag":[],"class_list":{"0":"post-716942","1":"product","2":"type-product","3":"status-publish","4":"has-post-thumbnail","6":"product_cat-lectures-per-preadolescents-6-12-anys","7":"product_cat-libros-preadolescentes-6-12-anos","9":"first","10":"instock","11":"taxable","12":"shipping-taxable","13":"purchasable","14":"product-type-simple"},"acf":{"autor":"PINTADERA , FRAN","codart":"846615644","libros-coleccion":"SENSE COL\u00b7LECCIO","ediciones":"1","encuadernacion":"Carton\u00e9","fecha_de_publicacion":"01\/09\/2023","novedad":"1","paginas":"36","subtitulo":"","orden":"0","portada":"0","idioma":"cat","editorial":[{"ID":147679,"post_author":"3","post_date":"2022-10-14 11:52:25","post_date_gmt":"2022-10-14 09:52:25","post_content":"","post_title":"CRUILLA \/SM-EDICIONS -VALENCIANO\/CATALAN","post_excerpt":"","post_status":"publish","comment_status":"closed","ping_status":"closed","post_password":"","post_name":"cruilla-sm-edicions-valenciano-catalan","to_ping":"","pinged":"","post_modified":"2022-10-14 11:52:25","post_modified_gmt":"2022-10-14 09:52:25","post_content_filtered":"","post_parent":0,"guid":"http:\/\/dev.claret.cat\/editorial\/cruilla-sm-edicions-valenciano-catalan\/","menu_order":0,"post_type":"editorial","post_mime_type":"","comment_count":"0","filter":"raw"}],"autores-libros":[{"ID":156047,"post_author":"3","post_date":"2022-10-14 15:17:42","post_date_gmt":"2022-10-14 13:17:42","post_content":"","post_title":"FRAN PINTADERA","post_excerpt":"","post_status":"publish","comment_status":"closed","ping_status":"closed","post_password":"","post_name":"fran-pintadera","to_ping":"","pinged":"","post_modified":"2022-10-14 15:17:42","post_modified_gmt":"2022-10-14 13:17:42","post_content_filtered":"","post_parent":0,"guid":"http:\/\/dev.claret.cat\/autor\/fran-pintadera\/","menu_order":0,"post_type":"autor","post_mime_type":"","comment_count":"0","filter":"raw"}],"booktrailer":"","resenas":""},"aioseo_notices":[],"_links":{"self":[{"href":"https:\/\/www.claret.cat\/es\/wp-json\/wp\/v2\/product\/716942","targetHints":{"allow":["GET"]}}],"collection":[{"href":"https:\/\/www.claret.cat\/es\/wp-json\/wp\/v2\/product"}],"about":[{"href":"https:\/\/www.claret.cat\/es\/wp-json\/wp\/v2\/types\/product"}],"wp:featuredmedia":[{"embeddable":true,"href":"https:\/\/www.claret.cat\/es\/wp-json\/wp\/v2\/media\/953018"}],"wp:attachment":[{"href":"https:\/\/www.claret.cat\/es\/wp-json\/wp\/v2\/media?parent=716942"}],"wp:term":[{"taxonomy":"product_brand","embeddable":true,"href":"https:\/\/www.claret.cat\/es\/wp-json\/wp\/v2\/product_brand?post=716942"},{"taxonomy":"product_cat","embeddable":true,"href":"https:\/\/www.claret.cat\/es\/wp-json\/wp\/v2\/product_cat?post=716942"},{"taxonomy":"product_tag","embeddable":true,"href":"https:\/\/www.claret.cat\/es\/wp-json\/wp\/v2\/product_tag?post=716942"}],"curies":[{"name":"wp","href":"https:\/\/api.w.org\/{rel}","templated":true}]}}