{"id":716991,"date":"2023-09-14T16:31:10","date_gmt":"2023-09-14T14:31:10","guid":{"rendered":"https:\/\/www.claret.cat\/llibre\/cosins-11-el-menhir-secret-9788466156370\/"},"modified":"2024-02-17T13:10:57","modified_gmt":"2024-02-17T12:10:57","slug":"cosins-11-el-menhir-secret-9788466156370","status":"publish","type":"product","link":"https:\/\/www.claret.cat\/es\/libro\/cosins-11-el-menhir-secret-9788466156370\/","title":{"rendered":"COSINS 11. EL MENHIR SECRET"},"content":{"rendered":"<p>L&#8221;\u00faltim llibre de la col\u00b7lecci\u00f3 Cosins, SA, en qu\u00e8 els protagonistes viuran l&#8221;aventura m\u00e9s emocionant per resoldre el gran misteri que els persegueix\u00a0des del dia que van formar la millor ag\u00e8ncia de detectius del m\u00f3n.<\/p>\n","protected":false},"excerpt":{"rendered":"<p>MEN\u00c9NDEZ-PONTE, MAR\u00cdA<\/p>\n","protected":false},"featured_media":716992,"template":"","meta":{"_acf_changed":false,"om_disable_all_campaigns":false,"rs_blank_template":"","rs_page_bg_color":"","slide_template_v7":"","inline_featured_image":false,"_monsterinsights_skip_tracking":false,"_monsterinsights_sitenote_active":false,"_monsterinsights_sitenote_note":"","_monsterinsights_sitenote_category":0},"product_brand":[],"product_cat":[132,362],"product_tag":[],"class_list":{"0":"post-716991","1":"product","2":"type-product","3":"status-publish","4":"has-post-thumbnail","6":"product_cat-lectures-per-preadolescents-6-12-anys","7":"product_cat-libros-preadolescentes-6-12-anos","9":"first","10":"instock","11":"taxable","12":"shipping-taxable","13":"purchasable","14":"product-type-simple"},"acf":{"autor":"MEN\u00c9NDEZ-PONTE, MAR\u00cdA","codart":"846615637","libros-coleccion":"Cosins, S.A.","ediciones":"1","encuadernacion":"Carton\u00e9","fecha_de_publicacion":"01\/09\/2023","novedad":"1","paginas":"307","subtitulo":"","orden":"0","portada":"0","idioma":"cat","editorial":[{"ID":147679,"post_author":"3","post_date":"2022-10-14 11:52:25","post_date_gmt":"2022-10-14 09:52:25","post_content":"","post_title":"CRUILLA \/SM-EDICIONS -VALENCIANO\/CATALAN","post_excerpt":"","post_status":"publish","comment_status":"closed","ping_status":"closed","post_password":"","post_name":"cruilla-sm-edicions-valenciano-catalan","to_ping":"","pinged":"","post_modified":"2022-10-14 11:52:25","post_modified_gmt":"2022-10-14 09:52:25","post_content_filtered":"","post_parent":0,"guid":"http:\/\/dev.claret.cat\/editorial\/cruilla-sm-edicions-valenciano-catalan\/","menu_order":0,"post_type":"editorial","post_mime_type":"","comment_count":"0","filter":"raw"}],"autores-libros":[{"ID":5797,"post_author":"3","post_date":"2022-07-28 17:31:40","post_date_gmt":"2022-07-28 15:31:40","post_content":"","post_title":"MARIA MENENDEZ-PONTE","post_excerpt":"","post_status":"publish","comment_status":"closed","ping_status":"closed","post_password":"","post_name":"maria-menendez-ponte","to_ping":"","pinged":"","post_modified":"2022-07-28 17:31:40","post_modified_gmt":"2022-07-28 15:31:40","post_content_filtered":"","post_parent":0,"guid":"http:\/\/dev.claret.cat\/autor\/maria-menendez-ponte\/","menu_order":0,"post_type":"autor","post_mime_type":"","comment_count":"0","filter":"raw"}]},"aioseo_notices":[],"_links":{"self":[{"href":"https:\/\/www.claret.cat\/es\/wp-json\/wp\/v2\/product\/716991","targetHints":{"allow":["GET"]}}],"collection":[{"href":"https:\/\/www.claret.cat\/es\/wp-json\/wp\/v2\/product"}],"about":[{"href":"https:\/\/www.claret.cat\/es\/wp-json\/wp\/v2\/types\/product"}],"wp:featuredmedia":[{"embeddable":true,"href":"https:\/\/www.claret.cat\/es\/wp-json\/wp\/v2\/media\/716992"}],"wp:attachment":[{"href":"https:\/\/www.claret.cat\/es\/wp-json\/wp\/v2\/media?parent=716991"}],"wp:term":[{"taxonomy":"product_brand","embeddable":true,"href":"https:\/\/www.claret.cat\/es\/wp-json\/wp\/v2\/product_brand?post=716991"},{"taxonomy":"product_cat","embeddable":true,"href":"https:\/\/www.claret.cat\/es\/wp-json\/wp\/v2\/product_cat?post=716991"},{"taxonomy":"product_tag","embeddable":true,"href":"https:\/\/www.claret.cat\/es\/wp-json\/wp\/v2\/product_tag?post=716991"}],"curies":[{"name":"wp","href":"https:\/\/api.w.org\/{rel}","templated":true}]}}