{"id":734512,"date":"2023-09-15T16:13:56","date_gmt":"2023-09-15T14:13:56","guid":{"rendered":"https:\/\/www.claret.cat\/llibre\/cuentos-a-la-deriva-4-el-largo-vuelo-de-nu-9788424674632\/"},"modified":"2025-01-31T15:54:04","modified_gmt":"2025-01-31T14:54:04","slug":"cuentos-a-la-deriva-4-el-largo-vuelo-de-nu-9788424674632","status":"publish","type":"product","link":"https:\/\/www.claret.cat\/es\/libro\/cuentos-a-la-deriva-4-el-largo-vuelo-de-nu-9788424674632\/","title":{"rendered":"CUENTOS A LA DERIVA 4. EL LARGO VUELO DE NU"},"content":{"rendered":"<p> Cada vida cuenta. Cada cuento es vida.<br \/>Durante un tiempo fui un p\u00e1jaro-soldado. Un simple pajarito que empez\u00f3 a volverse loco, borrando todo vestigio de lo que hab\u00eda sido. Una jirafa, tambi\u00e9n cautiva, me dijo un d\u00eda: \u201cHay otras tierras en el norte, m\u00e1s all\u00e1 de un gran mar, y se dice que all\u00ed todo es distinto, que no hay guerra, sino paz\u201d.<br \/>Cuentos a la deriva\u00a0cuenta las historias de aquellas personas que una vez se cruzaron con Open Arms en medio del mar. Por todas esas personas y para que esas historias no se repitan debemos contarlas e intentar hacer de este mundo un lugar un poco m\u00e1s justo para todos sus habitantes.<\/p>\n<p> Un proyecto solidario de La Galera con Open Arms.<\/p>\n","protected":false},"excerpt":{"rendered":"<p>SIERRA I FABRA, JORDI<\/p>\n","protected":false},"featured_media":734513,"template":"","meta":{"_acf_changed":false,"om_disable_all_campaigns":false,"rs_blank_template":"","rs_page_bg_color":"","slide_template_v7":"","inline_featured_image":false,"_monsterinsights_skip_tracking":false,"_monsterinsights_sitenote_active":false,"_monsterinsights_sitenote_note":"","_monsterinsights_sitenote_category":0},"product_brand":[],"product_cat":[90,540],"product_tag":[],"class_list":{"0":"post-734512","1":"product","2":"type-product","3":"status-publish","4":"has-post-thumbnail","6":"product_cat-altres","7":"product_cat-otros","9":"first","10":"instock","11":"taxable","12":"shipping-taxable","13":"purchasable","14":"product-type-simple"},"acf":{"autor":"SIERRA I FABRA, JORDI","codart":"842467463","libros-coleccion":"\u00c1lbumes ilustrados","ediciones":"1","encuadernacion":"R\u00fastica","fecha_de_publicacion":"01\/09\/2023","novedad":"1","paginas":"48","subtitulo":"","orden":"0","portada":"0","idioma":"spa","editorial":[{"ID":148189,"post_author":"3","post_date":"2022-10-14 11:56:19","post_date_gmt":"2022-10-14 09:56:19","post_content":"","post_title":"GALERA, EDITORIAL","post_excerpt":"","post_status":"publish","comment_status":"closed","ping_status":"closed","post_password":"","post_name":"galera-editorial","to_ping":"","pinged":"","post_modified":"2022-10-14 11:56:19","post_modified_gmt":"2022-10-14 09:56:19","post_content_filtered":"","post_parent":0,"guid":"http:\/\/dev.claret.cat\/editorial\/galera-editorial\/","menu_order":0,"post_type":"editorial","post_mime_type":"","comment_count":"0","filter":"raw"}],"autores-libros":[{"ID":160013,"post_author":"3","post_date":"2022-10-14 15:49:35","post_date_gmt":"2022-10-14 13:49:35","post_content":"","post_title":"JORDI SIERRA I FABRA","post_excerpt":"","post_status":"publish","comment_status":"closed","ping_status":"closed","post_password":"","post_name":"jordi-sierra-i-fabra","to_ping":"","pinged":"","post_modified":"2022-10-14 15:49:35","post_modified_gmt":"2022-10-14 13:49:35","post_content_filtered":"","post_parent":0,"guid":"http:\/\/dev.claret.cat\/autor\/jordi-sierra-i-fabra\/","menu_order":0,"post_type":"autor","post_mime_type":"","comment_count":"0","filter":"raw"}]},"aioseo_notices":[],"_links":{"self":[{"href":"https:\/\/www.claret.cat\/es\/wp-json\/wp\/v2\/product\/734512","targetHints":{"allow":["GET"]}}],"collection":[{"href":"https:\/\/www.claret.cat\/es\/wp-json\/wp\/v2\/product"}],"about":[{"href":"https:\/\/www.claret.cat\/es\/wp-json\/wp\/v2\/types\/product"}],"wp:featuredmedia":[{"embeddable":true,"href":"https:\/\/www.claret.cat\/es\/wp-json\/wp\/v2\/media\/734513"}],"wp:attachment":[{"href":"https:\/\/www.claret.cat\/es\/wp-json\/wp\/v2\/media?parent=734512"}],"wp:term":[{"taxonomy":"product_brand","embeddable":true,"href":"https:\/\/www.claret.cat\/es\/wp-json\/wp\/v2\/product_brand?post=734512"},{"taxonomy":"product_cat","embeddable":true,"href":"https:\/\/www.claret.cat\/es\/wp-json\/wp\/v2\/product_cat?post=734512"},{"taxonomy":"product_tag","embeddable":true,"href":"https:\/\/www.claret.cat\/es\/wp-json\/wp\/v2\/product_tag?post=734512"}],"curies":[{"name":"wp","href":"https:\/\/api.w.org\/{rel}","templated":true}]}}