{"id":735172,"date":"2023-09-15T17:10:03","date_gmt":"2023-09-15T15:10:03","guid":{"rendered":"https:\/\/www.claret.cat\/llibre\/oraciones-del-caminante-en-la-esperanza-en-el-dolor-y-en-la-alegria-9788428569705\/"},"modified":"2024-05-02T07:33:09","modified_gmt":"2024-05-02T05:33:09","slug":"oraciones-del-caminante-en-la-esperanza-en-el-dolor-y-en-la-alegria-9788428569705","status":"publish","type":"product","link":"https:\/\/www.claret.cat\/es\/libro\/oraciones-del-caminante-en-la-esperanza-en-el-dolor-y-en-la-alegria-9788428569705\/","title":{"rendered":"ORACIONES DEL CAMINANTE EN LA ESPERANZA, EN EL DOLOR Y EN LA ALEGR\u00cdA"},"content":{"rendered":"<p><span>Francisco Cerro Chaves es y ha sido siempre un entusiasta de la oraci\u00f3n; no se cansa de compartir por todos los medios la maravilla que supone la oraci\u00f3n como remedio y alimento para el alma. Desde su amplia experiencia personal y pastoral, nos ofrece en este libro una serie de oraciones que, a modo de salmos y apoy\u00e1ndose en los textos propios del tiempo lit\u00fargico, quieren ser una ayuda para, en la vor\u00e1gine de la vida moderna, preparar y vivir con mayor intensidad las celebraciones del a\u00f1o lit\u00fargico, animar los ratos de oraci\u00f3n personal o comunitaria en todos los \u00e1mbitos de la existencia, y entablar un di\u00e1logo permanente con el Se\u00f1or. En palabras del cardenal Omella en el pr\u00f3logo, en estas p\u00e1ginas \u00abencontramos palabras que nos ense\u00f1an a vivir acogiendo el amor inmenso de Dios por nosotros. Un amor que dirige siempre nuestras acciones y estimula nuestra atenci\u00f3n a los dem\u00e1s\u00bb.<\/span><\/p>\n","protected":false},"excerpt":{"rendered":"<p>CERRO CHAVES, FRANCISCO<\/p>\n","protected":false},"featured_media":747666,"template":"","meta":{"_acf_changed":false,"om_disable_all_campaigns":false,"rs_blank_template":"","rs_page_bg_color":"","slide_template_v7":"","inline_featured_image":false,"_monsterinsights_skip_tracking":false,"_monsterinsights_sitenote_active":false,"_monsterinsights_sitenote_note":"","_monsterinsights_sitenote_category":0},"product_brand":[],"product_cat":[253,399,485,232],"product_tag":[],"class_list":{"0":"post-735172","1":"product","2":"type-product","3":"status-publish","4":"has-post-thumbnail","6":"product_cat-any-liturgic","7":"product_cat-any-liturgic-liturgia-1_espiritualidad","8":"product_cat-autores-espiritualidad-1_espiritualidad","9":"product_cat-autors-espiritualitat","11":"first","12":"instock","13":"taxable","14":"shipping-taxable","15":"purchasable","16":"product-type-simple"},"acf":{"autor":"CERRO CHAVES, FRANCISCO","codart":"842856970","libros-coleccion":"","ediciones":"1","encuadernacion":"R\u00fastica","fecha_de_publicacion":"14\/09\/1983","novedad":"1","paginas":"616","subtitulo":"ORACIONES PARA EL A\u00d1O LIT\u00daRGICO","orden":"0","portada":"1","idioma":"spa","editorial":[{"ID":6356,"post_author":"3","post_date":"2022-07-28 17:50:26","post_date_gmt":"2022-07-28 15:50:26","post_content":"","post_title":"SAN PABLO COMUNICACI\u00d3N","post_excerpt":"","post_status":"publish","comment_status":"closed","ping_status":"closed","post_password":"","post_name":"san-pablo-comunicacion","to_ping":"","pinged":"","post_modified":"2022-07-28 17:50:26","post_modified_gmt":"2022-07-28 15:50:26","post_content_filtered":"","post_parent":0,"guid":"http:\/\/dev.claret.cat\/editorial\/san-pablo-comunicacion\/","menu_order":0,"post_type":"editorial","post_mime_type":"","comment_count":"0","filter":"raw"}],"autores-libros":[{"ID":156229,"post_author":"3","post_date":"2022-10-14 15:19:08","post_date_gmt":"2022-10-14 13:19:08","post_content":"","post_title":"FRANCISCO CERRO CHAVES","post_excerpt":"","post_status":"publish","comment_status":"closed","ping_status":"closed","post_password":"","post_name":"francisco-cerro-chaves","to_ping":"","pinged":"","post_modified":"2022-10-14 15:19:08","post_modified_gmt":"2022-10-14 13:19:08","post_content_filtered":"","post_parent":0,"guid":"http:\/\/dev.claret.cat\/autor\/francisco-cerro-chaves\/","menu_order":0,"post_type":"autor","post_mime_type":"","comment_count":"0","filter":"raw"}]},"aioseo_notices":[],"_links":{"self":[{"href":"https:\/\/www.claret.cat\/es\/wp-json\/wp\/v2\/product\/735172","targetHints":{"allow":["GET"]}}],"collection":[{"href":"https:\/\/www.claret.cat\/es\/wp-json\/wp\/v2\/product"}],"about":[{"href":"https:\/\/www.claret.cat\/es\/wp-json\/wp\/v2\/types\/product"}],"wp:featuredmedia":[{"embeddable":true,"href":"https:\/\/www.claret.cat\/es\/wp-json\/wp\/v2\/media\/747666"}],"wp:attachment":[{"href":"https:\/\/www.claret.cat\/es\/wp-json\/wp\/v2\/media?parent=735172"}],"wp:term":[{"taxonomy":"product_brand","embeddable":true,"href":"https:\/\/www.claret.cat\/es\/wp-json\/wp\/v2\/product_brand?post=735172"},{"taxonomy":"product_cat","embeddable":true,"href":"https:\/\/www.claret.cat\/es\/wp-json\/wp\/v2\/product_cat?post=735172"},{"taxonomy":"product_tag","embeddable":true,"href":"https:\/\/www.claret.cat\/es\/wp-json\/wp\/v2\/product_tag?post=735172"}],"curies":[{"name":"wp","href":"https:\/\/api.w.org\/{rel}","templated":true}]}}