{"id":735251,"date":"2023-09-15T17:14:53","date_gmt":"2023-09-15T15:14:53","guid":{"rendered":"https:\/\/www.claret.cat\/llibre\/catequetica-9788428840439\/"},"modified":"2024-05-24T10:08:38","modified_gmt":"2024-05-24T08:08:38","slug":"catequetica-9788428840439","status":"publish","type":"product","link":"https:\/\/www.claret.cat\/es\/libro\/catequetica-9788428840439\/","title":{"rendered":"CATEQU\u00c9TICA"},"content":{"rendered":"<p class='ql-align-justify'><span>A lo largo del siglo pasado, la catequesis y su reflexi\u00f3n cient\u00edfica \u2013la catequ\u00e9tica\u2013 han buscado los senderos m\u00e1s correctos para colaborar en la conversi\u00f3n misionera. Una conversi\u00f3n exigida por la evidente transformaci\u00f3n del papel de la religi\u00f3n en las culturas actuales, principalmente en el viejo continente.<\/span><\/p>\n<p class='ql-align-justify'><span> En un principio, la catequesis evangelizadora se propuso con el fin de alimentar de nuevo la tradici\u00f3n y la vida de fe de las comunidades cristianas; despu\u00e9s se prefiri\u00f3 un sistema misional encaminado a dar apoyo a la nueva evangelizaci\u00f3n para fortalecer la demanda del sacramento. Actualmente buscamos una visi\u00f3n que se centre ante todo en los procesos espirituales e interiores de la persona a la que se dirige el mensaje cristiano.&nbsp;En la presente obra, Luciano Meddi aborda este recorrido de forma rigurosa y did\u00e1ctica.<\/span><\/p>\n","protected":false},"excerpt":{"rendered":"<p>MEDDI, LUCIANO<\/p>\n","protected":false},"featured_media":747880,"template":"","meta":{"_acf_changed":false,"om_disable_all_campaigns":false,"rs_blank_template":"","rs_page_bg_color":"","slide_template_v7":"","inline_featured_image":false,"_monsterinsights_skip_tracking":false,"_monsterinsights_sitenote_active":false,"_monsterinsights_sitenote_note":"","_monsterinsights_sitenote_category":0},"product_brand":[],"product_cat":[388,226],"product_tag":[],"class_list":{"0":"post-735251","1":"product","2":"type-product","3":"status-publish","4":"has-post-thumbnail","6":"product_cat-didactica-catequesis-1_espiritualidad","7":"product_cat-didactica","9":"first","10":"instock","11":"taxable","12":"shipping-taxable","13":"purchasable","14":"product-type-simple"},"acf":{"autor":"MEDDI, LUCIANO","codart":"842884043","libros-coleccion":"Didaj\u00e9","ediciones":"1","encuadernacion":"R\u00fastica","fecha_de_publicacion":"15\/09\/2023","novedad":"1","paginas":"232","subtitulo":"MANUAL DE CATEQU\u00c9TICA FUNDAMENTAL ","orden":"0","portada":"0","idioma":"spa","editorial":[{"ID":6335,"post_author":"3","post_date":"2022-07-28 17:49:59","post_date_gmt":"2022-07-28 15:49:59","post_content":"","post_title":"PPC altres","post_excerpt":"","post_status":"publish","comment_status":"closed","ping_status":"closed","post_password":"","post_name":"ppc-altres","to_ping":"","pinged":"","post_modified":"2022-07-28 17:49:59","post_modified_gmt":"2022-07-28 15:49:59","post_content_filtered":"","post_parent":0,"guid":"http:\/\/dev.claret.cat\/editorial\/ppc-altres\/","menu_order":0,"post_type":"editorial","post_mime_type":"","comment_count":"0","filter":"raw"}],"autores-libros":[{"ID":162598,"post_author":"3","post_date":"2022-10-14 17:32:17","post_date_gmt":"2022-10-14 15:32:17","post_content":"","post_title":"LUCIANO MEDDI","post_excerpt":"","post_status":"publish","comment_status":"closed","ping_status":"closed","post_password":"","post_name":"luciano-meddi","to_ping":"","pinged":"","post_modified":"2022-10-14 17:32:17","post_modified_gmt":"2022-10-14 15:32:17","post_content_filtered":"","post_parent":0,"guid":"http:\/\/dev.claret.cat\/autor\/luciano-meddi\/","menu_order":0,"post_type":"autor","post_mime_type":"","comment_count":"0","filter":"raw"}]},"aioseo_notices":[],"_links":{"self":[{"href":"https:\/\/www.claret.cat\/es\/wp-json\/wp\/v2\/product\/735251","targetHints":{"allow":["GET"]}}],"collection":[{"href":"https:\/\/www.claret.cat\/es\/wp-json\/wp\/v2\/product"}],"about":[{"href":"https:\/\/www.claret.cat\/es\/wp-json\/wp\/v2\/types\/product"}],"wp:featuredmedia":[{"embeddable":true,"href":"https:\/\/www.claret.cat\/es\/wp-json\/wp\/v2\/media\/747880"}],"wp:attachment":[{"href":"https:\/\/www.claret.cat\/es\/wp-json\/wp\/v2\/media?parent=735251"}],"wp:term":[{"taxonomy":"product_brand","embeddable":true,"href":"https:\/\/www.claret.cat\/es\/wp-json\/wp\/v2\/product_brand?post=735251"},{"taxonomy":"product_cat","embeddable":true,"href":"https:\/\/www.claret.cat\/es\/wp-json\/wp\/v2\/product_cat?post=735251"},{"taxonomy":"product_tag","embeddable":true,"href":"https:\/\/www.claret.cat\/es\/wp-json\/wp\/v2\/product_tag?post=735251"}],"curies":[{"name":"wp","href":"https:\/\/api.w.org\/{rel}","templated":true}]}}