{"id":735328,"date":"2023-09-15T17:23:55","date_gmt":"2023-09-15T15:23:55","guid":{"rendered":"https:\/\/www.claret.cat\/llibre\/pequeno-catecismo-9788419307910\/"},"modified":"2025-05-13T10:31:50","modified_gmt":"2025-05-13T08:31:50","slug":"pequeno-catecismo-9788419307910","status":"publish","type":"product","link":"https:\/\/www.claret.cat\/es\/libro\/pequeno-catecismo-9788419307910\/","title":{"rendered":"PEQUE\u00d1O CATECISMO"},"content":{"rendered":"<p><span>\u00abEste&nbsp;PEQUE\u00d1O CATECISMO&nbsp;tiene por objetivo contestar a las diversas peticiones de&nbsp;esclarecimiento&nbsp;realizadas por personas deseosas de imitar a santa Teresa del Ni\u00f1o Jes\u00fas en su&nbsp;<\/span><strong><em>\u201c<\/em><\/strong><em>Acto de Ofrenda al Amor Misericordioso del buen Dios<\/em><strong><em>\u201d<\/em><\/strong><span>.<\/span><\/p>\n<p><span> Ha parecido de utilidad, para consuelo y luz de un gran n\u00famero,&nbsp;fijar aqu\u00ed de una forma precisa, seg\u00fan los textos originales de la Santa y las ense\u00f1anzas que ella dio a sus novicias, el conjunto de sus reflexiones referentes a este Acto, nuevo en los anales de la Santa Iglesia, y que ha brotado espont\u00e1neamente de su coraz\u00f3n&nbsp;en el apogeo de su vida espiritual.<\/span><\/p>\n<p><span> <\/span><strong><em>\u201c<\/em><\/strong><em>Oc\u00e9anos de gracias<\/em><strong><em>\u201d<\/em><\/strong><span>, seg\u00fan propia confesi\u00f3n, vinieron a&nbsp;inundar su alma inmediatamente despu\u00e9s de esta donaci\u00f3n de 9 de junio de 1985. El sue\u00f1o de nuestra Santa era&nbsp;procurar el mismo beneficio a todas las almas de buena voluntad<\/span><strong>,<\/strong><span> sinceramente deseosas de amar a Dios y darle gusto\u2026\u00bb&nbsp;<\/span><em>(Carmelitas Descalzas de Lisieux)<\/em><span>.<\/span><\/p>\n","protected":false},"excerpt":{"rendered":"<p>CERVERA BARRANCO, PABLO<\/p>\n","protected":false},"featured_media":781540,"template":"","meta":{"_acf_changed":false,"om_disable_all_campaigns":false,"rs_blank_template":"","rs_page_bg_color":"","slide_template_v7":"","inline_featured_image":false,"_monsterinsights_skip_tracking":false,"_monsterinsights_sitenote_active":false,"_monsterinsights_sitenote_note":"","_monsterinsights_sitenote_category":0},"product_brand":[],"product_cat":[485,232,225,483],"product_tag":[],"class_list":{"0":"post-735328","1":"product","2":"type-product","3":"status-publish","4":"has-post-thumbnail","6":"product_cat-autores-espiritualidad-1_espiritualidad","7":"product_cat-autors-espiritualitat","8":"product_cat-catecismes","9":"product_cat-catecismos","11":"first","12":"instock","13":"taxable","14":"shipping-taxable","15":"purchasable","16":"product-type-simple"},"acf":{"autor":"CERVERA BARRANCO, PABLO","codart":"841930791","libros-coleccion":"Ediciones Populares","ediciones":"1","encuadernacion":"R\u00fastica","fecha_de_publicacion":"15\/09\/2023","novedad":"1","paginas":"120","subtitulo":" DEL ACTO DE OFRENDA DE SANTA TERESA DEL NI\u00d1O JES\u00daS COMO V\u00cdCTIMA DEL HOLOCAUSTO AL AMOR MISERICORDIOSO DEL BUEN DIOS ","orden":"0","portada":"0","idioma":"spa","editorial":[{"ID":6309,"post_author":"3","post_date":"2022-07-28 17:49:25","post_date_gmt":"2022-07-28 15:49:25","post_content":"","post_title":"Monte Carmelo","post_excerpt":"","post_status":"publish","comment_status":"closed","ping_status":"closed","post_password":"","post_name":"monte-carmelo","to_ping":"","pinged":"","post_modified":"2022-07-28 17:49:25","post_modified_gmt":"2022-07-28 15:49:25","post_content_filtered":"","post_parent":0,"guid":"http:\/\/dev.claret.cat\/editorial\/monte-carmelo\/","menu_order":0,"post_type":"editorial","post_mime_type":"","comment_count":"0","filter":"raw"}],"autores-libros":[{"ID":166400,"post_author":"3","post_date":"2022-10-14 18:02:52","post_date_gmt":"2022-10-14 16:02:52","post_content":"","post_title":"PABLO CERVERA BARRANCO","post_excerpt":"","post_status":"publish","comment_status":"closed","ping_status":"closed","post_password":"","post_name":"pablo-cervera-barranco","to_ping":"","pinged":"","post_modified":"2022-10-14 18:02:52","post_modified_gmt":"2022-10-14 16:02:52","post_content_filtered":"","post_parent":0,"guid":"http:\/\/dev.claret.cat\/autor\/pablo-cervera-barranco\/","menu_order":0,"post_type":"autor","post_mime_type":"","comment_count":"0","filter":"raw"}],"booktrailer":"","resenas":""},"aioseo_notices":[],"_links":{"self":[{"href":"https:\/\/www.claret.cat\/es\/wp-json\/wp\/v2\/product\/735328","targetHints":{"allow":["GET"]}}],"collection":[{"href":"https:\/\/www.claret.cat\/es\/wp-json\/wp\/v2\/product"}],"about":[{"href":"https:\/\/www.claret.cat\/es\/wp-json\/wp\/v2\/types\/product"}],"wp:featuredmedia":[{"embeddable":true,"href":"https:\/\/www.claret.cat\/es\/wp-json\/wp\/v2\/media\/781540"}],"wp:attachment":[{"href":"https:\/\/www.claret.cat\/es\/wp-json\/wp\/v2\/media?parent=735328"}],"wp:term":[{"taxonomy":"product_brand","embeddable":true,"href":"https:\/\/www.claret.cat\/es\/wp-json\/wp\/v2\/product_brand?post=735328"},{"taxonomy":"product_cat","embeddable":true,"href":"https:\/\/www.claret.cat\/es\/wp-json\/wp\/v2\/product_cat?post=735328"},{"taxonomy":"product_tag","embeddable":true,"href":"https:\/\/www.claret.cat\/es\/wp-json\/wp\/v2\/product_tag?post=735328"}],"curies":[{"name":"wp","href":"https:\/\/api.w.org\/{rel}","templated":true}]}}