{"id":735331,"date":"2023-09-15T17:25:03","date_gmt":"2023-09-15T15:25:03","guid":{"rendered":"https:\/\/www.claret.cat\/llibre\/memorias-de-otono-9788419307873\/"},"modified":"2024-05-02T15:53:58","modified_gmt":"2024-05-02T13:53:58","slug":"memorias-de-otono-9788419307873","status":"publish","type":"product","link":"https:\/\/www.claret.cat\/es\/libro\/memorias-de-otono-9788419307873\/","title":{"rendered":"MEMORIAS DE OTO\u00d1O"},"content":{"rendered":"<p><span>La poes\u00eda de Anna Duart es en todo momento un fascinante asombro, trate lo que trate o deje de tratar: el de la relaci\u00f3n de lo infinito a lo finito abierto, que en \u00faltima determinaci\u00f3n necesita descansar: \u2018Eresa la gota que en el mar culmina\u2019.<\/span><\/p>\n","protected":false},"excerpt":{"rendered":"<p>DUART, ANNA<\/p>\n","protected":false},"featured_media":801703,"template":"","meta":{"_acf_changed":false,"om_disable_all_campaigns":false,"rs_blank_template":"","rs_page_bg_color":"","slide_template_v7":"","inline_featured_image":false,"_monsterinsights_skip_tracking":false,"_monsterinsights_sitenote_active":false,"_monsterinsights_sitenote_note":"","_monsterinsights_sitenote_category":0},"product_brand":[],"product_cat":[485,232],"product_tag":[],"class_list":{"0":"post-735331","1":"product","2":"type-product","3":"status-publish","4":"has-post-thumbnail","6":"product_cat-autores-espiritualidad-1_espiritualidad","7":"product_cat-autors-espiritualitat","9":"first","10":"instock","11":"taxable","12":"shipping-taxable","13":"purchasable","14":"product-type-simple"},"acf":{"autor":"DUART, ANNA","codart":"841930787","libros-coleccion":"La Fonte","ediciones":"1","encuadernacion":"R\u00fastica","fecha_de_publicacion":"01\/07\/2023","novedad":"1","paginas":"106","subtitulo":"","orden":"0","portada":"0","idioma":"spa","editorial":[{"ID":6309,"post_author":"3","post_date":"2022-07-28 17:49:25","post_date_gmt":"2022-07-28 15:49:25","post_content":"","post_title":"Monte Carmelo","post_excerpt":"","post_status":"publish","comment_status":"closed","ping_status":"closed","post_password":"","post_name":"monte-carmelo","to_ping":"","pinged":"","post_modified":"2022-07-28 17:49:25","post_modified_gmt":"2022-07-28 15:49:25","post_content_filtered":"","post_parent":0,"guid":"http:\/\/dev.claret.cat\/editorial\/monte-carmelo\/","menu_order":0,"post_type":"editorial","post_mime_type":"","comment_count":"0","filter":"raw"}],"autores-libros":[{"ID":5250,"post_author":"3","post_date":"2022-07-28 17:20:03","post_date_gmt":"2022-07-28 15:20:03","post_content":"","post_title":"ANNA DUART","post_excerpt":"","post_status":"publish","comment_status":"closed","ping_status":"closed","post_password":"","post_name":"anna-duart","to_ping":"","pinged":"","post_modified":"2022-07-28 17:20:03","post_modified_gmt":"2022-07-28 15:20:03","post_content_filtered":"","post_parent":0,"guid":"http:\/\/dev.claret.cat\/autor\/anna-duart\/","menu_order":0,"post_type":"autor","post_mime_type":"","comment_count":"0","filter":"raw"}]},"aioseo_notices":[],"_links":{"self":[{"href":"https:\/\/www.claret.cat\/es\/wp-json\/wp\/v2\/product\/735331","targetHints":{"allow":["GET"]}}],"collection":[{"href":"https:\/\/www.claret.cat\/es\/wp-json\/wp\/v2\/product"}],"about":[{"href":"https:\/\/www.claret.cat\/es\/wp-json\/wp\/v2\/types\/product"}],"wp:featuredmedia":[{"embeddable":true,"href":"https:\/\/www.claret.cat\/es\/wp-json\/wp\/v2\/media\/801703"}],"wp:attachment":[{"href":"https:\/\/www.claret.cat\/es\/wp-json\/wp\/v2\/media?parent=735331"}],"wp:term":[{"taxonomy":"product_brand","embeddable":true,"href":"https:\/\/www.claret.cat\/es\/wp-json\/wp\/v2\/product_brand?post=735331"},{"taxonomy":"product_cat","embeddable":true,"href":"https:\/\/www.claret.cat\/es\/wp-json\/wp\/v2\/product_cat?post=735331"},{"taxonomy":"product_tag","embeddable":true,"href":"https:\/\/www.claret.cat\/es\/wp-json\/wp\/v2\/product_tag?post=735331"}],"curies":[{"name":"wp","href":"https:\/\/api.w.org\/{rel}","templated":true}]}}