{"id":735342,"date":"2023-09-15T17:30:18","date_gmt":"2023-09-15T15:30:18","guid":{"rendered":"https:\/\/www.claret.cat\/llibre\/san-juan-de-avila-leido-hoy-2-sermones-del-santisimo-sacramento-9788419307828\/"},"modified":"2025-12-18T11:00:40","modified_gmt":"2025-12-18T10:00:40","slug":"san-juan-de-avila-leido-hoy-2-sermones-del-santisimo-sacramento-9788419307828","status":"publish","type":"product","link":"https:\/\/www.claret.cat\/es\/libro\/san-juan-de-avila-leido-hoy-2-sermones-del-santisimo-sacramento-9788419307828\/","title":{"rendered":"SAN JUAN DE \u00c1VILA, LE\u00cdDO HOY &#8211; 2. SERMONES  DEL SANT\u00cdSIMO SACRAMENTO"},"content":{"rendered":"<p><span>\u201cPodemos decir que&nbsp;\u201cLos sermones del Sant\u00edsimo Sacramento\u201d&nbsp;son el conjunto de los&nbsp;escritos avilistas eucar\u00edsticos fundamentales. No son exclusivos, por supuesto, ya que todas las obras del santo maestro mantienen un tinte eucar\u00edstico propio de la vivencia espiritual del santo, pero son en definitiva&nbsp;los que mejor conservan la doctrina eucar\u00edstica.<\/span><\/p>\n<p><span> Son&nbsp;sermones&nbsp;y, por tanto, pertenecen al&nbsp;g\u00e9nero de la oratoria, pero aun as\u00ed, est\u00e1n&nbsp;redactados a modo de \u00abtratados Eucar\u00edsticos<\/span><strong>\u00bb<\/strong><span>. Los sermones van&nbsp;dirigidos al hombre concreto, en su momento cultural, hist\u00f3rico y sociol\u00f3gico.<\/span><\/p>\n<p><span> Poseen estos sermones un&nbsp;extenso contenido doctrinal dogm\u00e1tico y b\u00edblico y, a la vez, directo, pr\u00f3ximo y adaptado al pueblo que lo recibe\u201d&nbsp;<\/span><em>(Carlos Jes\u00fas gallardo Panadero)<\/em><span>.<\/span><\/p>\n<p><span> Pablo Cervera Barranco, sacerdote diocesano, ha puesto&nbsp;en castellano de nuestros d\u00edas&nbsp;este tesoro de doctrina que se encierra en los escritos de san Juan de \u00c1vila.<\/span><\/p>\n","protected":false},"excerpt":{"rendered":"<p>CERVERA BARRANCO, PABLO<\/p>\n","protected":false},"featured_media":1071231,"template":"","meta":{"_acf_changed":false,"om_disable_all_campaigns":false,"rs_blank_template":"","rs_page_bg_color":"","slide_template_v7":"","inline_featured_image":false,"_monsterinsights_skip_tracking":false,"_monsterinsights_sitenote_active":false,"_monsterinsights_sitenote_note":"","_monsterinsights_sitenote_category":0},"product_brand":[],"product_cat":[485,232],"product_tag":[],"class_list":{"0":"post-735342","1":"product","2":"type-product","3":"status-publish","4":"has-post-thumbnail","6":"product_cat-autores-espiritualidad-1_espiritualidad","7":"product_cat-autors-espiritualitat","9":"first","10":"instock","11":"taxable","12":"shipping-taxable","13":"purchasable","14":"product-type-simple"},"acf":{"autor":"CERVERA BARRANCO, PABLO","codart":"841930782","libros-coleccion":"MONTE CARMELO - FUERA DE COLECCI\u00d3N","ediciones":"1","encuadernacion":"R\u00fastica","fecha_de_publicacion":"15\/09\/2023","novedad":"1","paginas":"644","subtitulo":"SERMONES DEL SANT\u00cdSIMO SACRAMENTO","orden":"0","portada":"0","idioma":"spa","editorial":[{"ID":6309,"post_author":"3","post_date":"2022-07-28 17:49:25","post_date_gmt":"2022-07-28 15:49:25","post_content":"","post_title":"Monte Carmelo","post_excerpt":"","post_status":"publish","comment_status":"closed","ping_status":"closed","post_password":"","post_name":"monte-carmelo","to_ping":"","pinged":"","post_modified":"2022-07-28 17:49:25","post_modified_gmt":"2022-07-28 15:49:25","post_content_filtered":"","post_parent":0,"guid":"http:\/\/dev.claret.cat\/editorial\/monte-carmelo\/","menu_order":0,"post_type":"editorial","post_mime_type":"","comment_count":"0","filter":"raw"}],"autores-libros":[{"ID":166400,"post_author":"3","post_date":"2022-10-14 18:02:52","post_date_gmt":"2022-10-14 16:02:52","post_content":"","post_title":"PABLO CERVERA BARRANCO","post_excerpt":"","post_status":"publish","comment_status":"closed","ping_status":"closed","post_password":"","post_name":"pablo-cervera-barranco","to_ping":"","pinged":"","post_modified":"2022-10-14 18:02:52","post_modified_gmt":"2022-10-14 16:02:52","post_content_filtered":"","post_parent":0,"guid":"http:\/\/dev.claret.cat\/autor\/pablo-cervera-barranco\/","menu_order":0,"post_type":"autor","post_mime_type":"","comment_count":"0","filter":"raw"}],"booktrailer":"","resenas":""},"aioseo_notices":[],"_links":{"self":[{"href":"https:\/\/www.claret.cat\/es\/wp-json\/wp\/v2\/product\/735342","targetHints":{"allow":["GET"]}}],"collection":[{"href":"https:\/\/www.claret.cat\/es\/wp-json\/wp\/v2\/product"}],"about":[{"href":"https:\/\/www.claret.cat\/es\/wp-json\/wp\/v2\/types\/product"}],"wp:featuredmedia":[{"embeddable":true,"href":"https:\/\/www.claret.cat\/es\/wp-json\/wp\/v2\/media\/1071231"}],"wp:attachment":[{"href":"https:\/\/www.claret.cat\/es\/wp-json\/wp\/v2\/media?parent=735342"}],"wp:term":[{"taxonomy":"product_brand","embeddable":true,"href":"https:\/\/www.claret.cat\/es\/wp-json\/wp\/v2\/product_brand?post=735342"},{"taxonomy":"product_cat","embeddable":true,"href":"https:\/\/www.claret.cat\/es\/wp-json\/wp\/v2\/product_cat?post=735342"},{"taxonomy":"product_tag","embeddable":true,"href":"https:\/\/www.claret.cat\/es\/wp-json\/wp\/v2\/product_tag?post=735342"}],"curies":[{"name":"wp","href":"https:\/\/api.w.org\/{rel}","templated":true}]}}