{"id":736,"date":"2022-07-27T15:30:59","date_gmt":"2022-07-27T13:30:59","guid":{"rendered":"http:\/\/dev.claret.cat\/producto\/tierra-santa-guia-interior-y-exterior-9788428838870\/"},"modified":"2024-05-02T05:27:01","modified_gmt":"2024-05-02T03:27:01","slug":"tierra-santa-guia-interior-y-exterior-9788428838870","status":"publish","type":"product","link":"https:\/\/www.claret.cat\/es\/libro\/tierra-santa-guia-interior-y-exterior-9788428838870\/","title":{"rendered":"TIERRA SANTA: GU\u00cdA INTERIOR Y EXTERIOR"},"content":{"rendered":"<p>Entre los peregrinos se abre un gran abanico de expectativas. Unos buscan la tierra de Jesucristo, contemplar sus paisajes y rezar all\u00ed donde or\u00f3 el Se\u00f1or. Otros van con el anhelo, no siempre confesado, de recorrer los escenarios de las narraciones de su ni\u00f1ez y juventud, aunque en su madurez se hayan distanciado de la fe. No faltan quienes \u00fanicamente buscan historia, informaci\u00f3n, datos para aumentar sus conocimientos. Cada uno viene con su \u00abmochila\u00bb. Unos la vac\u00edan, otros la llenan, otros admiten que lo que llevaban en ella estaba caducado, otros la incorporan con un sentido nuevo a su equipaje. Esta gu\u00eda es exterior, porque sigue recorridos hist\u00f3ricos, geogr\u00e1ficos y culturales. Pero adem\u00e1s es interior, porque nace de una experiencia creyente, en la Iglesia cat\u00f3lica, y se ofrece como instrumento a peregrinos que busquen renovar o contemplar su fe en Jes\u00fas como el Cristo de Dios.<\/p>\n","protected":false},"excerpt":{"rendered":"<p>FRAILE Y\u00c9CORA, PEDRO<\/p>\n","protected":false},"featured_media":338449,"template":"","meta":{"_acf_changed":false,"om_disable_all_campaigns":false,"rs_blank_template":"","rs_page_bg_color":"","slide_template_v7":"","inline_featured_image":false,"_monsterinsights_skip_tracking":false,"_monsterinsights_sitenote_active":false,"_monsterinsights_sitenote_note":"","_monsterinsights_sitenote_category":0},"product_brand":[],"product_cat":[472,213],"product_tag":[],"class_list":{"0":"post-736","1":"product","2":"type-product","3":"status-publish","4":"has-post-thumbnail","6":"product_cat-manuales-y-guias","7":"product_cat-manuals-i-guies","9":"first","10":"instock","11":"taxable","12":"shipping-taxable","13":"purchasable","14":"product-type-simple"},"acf":{"autor":"FRAILE Y\u00c9CORA, PEDRO","codart":"842883887","ediciones":"1","encuadernacion":"R\u00fastica","fecha_de_publicacion":"14\/06\/2022","novedad":"1","paginas":"304","subtitulo":"","orden":"0","portada":"0","idioma":"spa","libros-coleccion":"FUERA DE COLECCI\u00d3N","autores-libros":[{"ID":5930,"post_author":"3","post_date":"2022-07-28 17:34:32","post_date_gmt":"2022-07-28 15:34:32","post_content":"","post_title":"PEDRO FRAILE Y\u00c9CORA","post_excerpt":"","post_status":"publish","comment_status":"closed","ping_status":"closed","post_password":"","post_name":"pedro-fraile-yecora","to_ping":"","pinged":"","post_modified":"2022-07-28 17:34:32","post_modified_gmt":"2022-07-28 15:34:32","post_content_filtered":"","post_parent":0,"guid":"http:\/\/dev.claret.cat\/autor\/pedro-fraile-yecora\/","menu_order":0,"post_type":"autor","post_mime_type":"","comment_count":"0","filter":"raw"}],"editorial":[{"ID":6335,"post_author":"3","post_date":"2022-07-28 17:49:59","post_date_gmt":"2022-07-28 15:49:59","post_content":"","post_title":"PPC altres","post_excerpt":"","post_status":"publish","comment_status":"closed","ping_status":"closed","post_password":"","post_name":"ppc-altres","to_ping":"","pinged":"","post_modified":"2022-07-28 17:49:59","post_modified_gmt":"2022-07-28 15:49:59","post_content_filtered":"","post_parent":0,"guid":"http:\/\/dev.claret.cat\/editorial\/ppc-altres\/","menu_order":0,"post_type":"editorial","post_mime_type":"","comment_count":"0","filter":"raw"}]},"aioseo_notices":[],"_links":{"self":[{"href":"https:\/\/www.claret.cat\/es\/wp-json\/wp\/v2\/product\/736","targetHints":{"allow":["GET"]}}],"collection":[{"href":"https:\/\/www.claret.cat\/es\/wp-json\/wp\/v2\/product"}],"about":[{"href":"https:\/\/www.claret.cat\/es\/wp-json\/wp\/v2\/types\/product"}],"wp:featuredmedia":[{"embeddable":true,"href":"https:\/\/www.claret.cat\/es\/wp-json\/wp\/v2\/media\/338449"}],"wp:attachment":[{"href":"https:\/\/www.claret.cat\/es\/wp-json\/wp\/v2\/media?parent=736"}],"wp:term":[{"taxonomy":"product_brand","embeddable":true,"href":"https:\/\/www.claret.cat\/es\/wp-json\/wp\/v2\/product_brand?post=736"},{"taxonomy":"product_cat","embeddable":true,"href":"https:\/\/www.claret.cat\/es\/wp-json\/wp\/v2\/product_cat?post=736"},{"taxonomy":"product_tag","embeddable":true,"href":"https:\/\/www.claret.cat\/es\/wp-json\/wp\/v2\/product_tag?post=736"}],"curies":[{"name":"wp","href":"https:\/\/api.w.org\/{rel}","templated":true}]}}