{"id":7540,"date":"2022-09-16T12:06:49","date_gmt":"2022-09-16T10:06:49","guid":{"rendered":"http:\/\/dev.claret.cat\/producte\/ganchillo-guia-completa-paso-a-paso\/"},"modified":"2026-01-21T10:46:14","modified_gmt":"2026-01-21T09:46:14","slug":"ganchillo-guia-completa-paso-a-paso-9780241012482","status":"publish","type":"product","link":"https:\/\/www.claret.cat\/es\/libro\/ganchillo-guia-completa-paso-a-paso-9780241012482\/","title":{"rendered":"GANCHILLO GUIA COMPLETA PASO A PASO"},"content":{"rendered":"<p>Este libro est\u00e1 destinado a todos los amantes del ganchillo, tanto si carecen de experiencia previa como si poseen unos conocimientos m\u00e1s avanzados. Si no ha tejido jam\u00e1s con ganchillo, pero quiere aprender a hacerlo, este libro le ense\u00f1ar\u00e1 todos los puntos b\u00e1sicos, con los cuales podr\u00e1 crear preciosas labores, grandes y peque\u00f1as. Si ya sabe hacer ganchillo, encontrar\u00e1 en \u00e9l una maravillosa colecci\u00f3n de patrones con los que lucirse.<br \/>Ganchillo le ense\u00f1a las t\u00e9cnicas y los puntos b\u00e1sicos, expuestos de manera clara y sencilla mediante fotograf\u00edas paso a paso, con las abreviaturas y los s\u00edmbolos relevantes.<\/p>\n","protected":false},"excerpt":{"rendered":"<p>AA VV<\/p>\n","protected":false},"featured_media":1075430,"template":"","meta":{"_acf_changed":false,"om_disable_all_campaigns":false,"rs_blank_template":"","rs_page_bg_color":"","slide_template_v7":"","inline_featured_image":false,"_monsterinsights_skip_tracking":false,"_monsterinsights_sitenote_active":false,"_monsterinsights_sitenote_note":"","_monsterinsights_sitenote_category":0},"product_brand":[],"product_cat":[551,101],"product_tag":[],"class_list":{"0":"post-7540","1":"product","2":"type-product","3":"status-publish","4":"has-post-thumbnail","6":"product_cat-manualidades","7":"product_cat-manualitats","9":"first","10":"outofstock","11":"taxable","12":"shipping-taxable","13":"purchasable","14":"product-type-simple"},"acf":{"autor":"AA VV","codart":"024101248","libros-coleccion":"FORA DE COL.LECCI\u00d3","ediciones":"1","encuadernacion":"Carton\u00e9","fecha_de_publicacion":"01\/09\/2014","novedad":"0","paginas":"320","subtitulo":"","orden":"999","portada":"0","idioma":"spa","editorial":[{"ID":6187,"post_author":"3","post_date":"2022-07-28 17:46:46","post_date_gmt":"2022-07-28 15:46:46","post_content":"","post_title":"DORLING KINDERSLEY","post_excerpt":"","post_status":"publish","comment_status":"closed","ping_status":"closed","post_password":"","post_name":"dorling-kindersley","to_ping":"","pinged":"","post_modified":"2022-07-28 17:46:46","post_modified_gmt":"2022-07-28 15:46:46","post_content_filtered":"","post_parent":0,"guid":"http:\/\/dev.claret.cat\/editorial\/dorling-kindersley\/","menu_order":0,"post_type":"editorial","post_mime_type":"","comment_count":"0","filter":"raw"}],"autores-libros":[{"ID":8278,"post_author":"3","post_date":"2022-09-30 09:47:22","post_date_gmt":"2022-09-30 07:47:22","post_content":"","post_title":"AA VV","post_excerpt":"","post_status":"publish","comment_status":"closed","ping_status":"closed","post_password":"","post_name":"aa-vv-4","to_ping":"","pinged":"","post_modified":"2022-09-30 09:47:22","post_modified_gmt":"2022-09-30 07:47:22","post_content_filtered":"","post_parent":0,"guid":"http:\/\/dev.claret.cat\/autor\/aa-vv-4\/","menu_order":0,"post_type":"autor","post_mime_type":"","comment_count":"0","filter":"raw"}],"booktrailer":"","resenas":""},"aioseo_notices":[],"_links":{"self":[{"href":"https:\/\/www.claret.cat\/es\/wp-json\/wp\/v2\/product\/7540","targetHints":{"allow":["GET"]}}],"collection":[{"href":"https:\/\/www.claret.cat\/es\/wp-json\/wp\/v2\/product"}],"about":[{"href":"https:\/\/www.claret.cat\/es\/wp-json\/wp\/v2\/types\/product"}],"wp:featuredmedia":[{"embeddable":true,"href":"https:\/\/www.claret.cat\/es\/wp-json\/wp\/v2\/media\/1075430"}],"wp:attachment":[{"href":"https:\/\/www.claret.cat\/es\/wp-json\/wp\/v2\/media?parent=7540"}],"wp:term":[{"taxonomy":"product_brand","embeddable":true,"href":"https:\/\/www.claret.cat\/es\/wp-json\/wp\/v2\/product_brand?post=7540"},{"taxonomy":"product_cat","embeddable":true,"href":"https:\/\/www.claret.cat\/es\/wp-json\/wp\/v2\/product_cat?post=7540"},{"taxonomy":"product_tag","embeddable":true,"href":"https:\/\/www.claret.cat\/es\/wp-json\/wp\/v2\/product_tag?post=7540"}],"curies":[{"name":"wp","href":"https:\/\/api.w.org\/{rel}","templated":true}]}}