{"id":7614,"date":"2022-09-16T12:09:05","date_gmt":"2022-09-16T10:09:05","guid":{"rendered":"http:\/\/dev.claret.cat\/producte\/atlas-de-las-ciudades-perdidas\/"},"modified":"2023-01-28T16:50:21","modified_gmt":"2023-01-28T15:50:21","slug":"atlas-de-las-ciudades-perdidas-9788408145325","status":"publish","type":"product","link":"https:\/\/www.claret.cat\/es\/libro\/atlas-de-las-ciudades-perdidas-9788408145325\/","title":{"rendered":"ATLAS DE LAS CIUDADES PERDIDAS"},"content":{"rendered":"<p>A Aude de Tocqueville le gustan las ciudades, unos espacios a los que define como mundos abiertos en perpetua metamorfosis, y sobre todo le gustan las ciudades en silencio, aquellas donde la imaginaci\u00f3n puede desplegarse sin l\u00edmites.\u00a0Las ciudades, como si fueran personajes de una novela, nacen, crecen, viven, mueren y, por \u00faltimo, resucitan gracias a la presencia de los viajeros.Este atlas viaja hasta Sanzhi y Wanli, en Taiw\u00e1n, un delirio nacido de promotores fan\u00e1ticos del dise\u00f1o futurista, Sese\u00f1a, la ciudad que muri\u00f3 antes de vivir, o hasta Jeoffr\u00e9court, un simulacro de ciudad surrealista en plena llanura de la Picard\u00eda francesa.<\/p>\n","protected":false},"excerpt":{"rendered":"<p>TOCQUEVILLE, AUDE DE<\/p>\n","protected":false},"featured_media":76788,"template":"","meta":{"_acf_changed":false,"om_disable_all_campaigns":false,"rs_blank_template":"","rs_page_bg_color":"","slide_template_v7":"","inline_featured_image":false,"_monsterinsights_skip_tracking":false,"_monsterinsights_sitenote_active":false,"_monsterinsights_sitenote_note":"","_monsterinsights_sitenote_category":0},"product_brand":[],"product_cat":[524,300],"product_tag":[],"class_list":{"0":"post-7614","1":"product","2":"type-product","3":"status-publish","4":"has-post-thumbnail","6":"product_cat-guias-y-viajes","7":"product_cat-guies-i-viatges","9":"first","10":"instock","11":"taxable","12":"shipping-taxable","13":"purchasable","14":"product-type-simple"},"acf":{"autor":"TOCQUEVILLE, AUDE DE","codart":"840814532","libros-coleccion":"","ediciones":"1","encuadernacion":"R\u00fastica","fecha_de_publicacion":"01\/10\/2015","novedad":"0","paginas":"150","subtitulo":"","orden":"999","portada":"0","idioma":"spa","editorial":[{"ID":8244,"post_author":"3","post_date":"2022-09-30 09:21:26","post_date_gmt":"2022-09-30 07:21:26","post_content":"","post_title":"GEOPLANETA EDITORIAL","post_excerpt":"","post_status":"publish","comment_status":"closed","ping_status":"closed","post_password":"","post_name":"geoplaneta-editorial","to_ping":"","pinged":"","post_modified":"2022-09-30 09:21:26","post_modified_gmt":"2022-09-30 07:21:26","post_content_filtered":"","post_parent":0,"guid":"http:\/\/dev.claret.cat\/editorial\/geoplaneta-editorial\/","menu_order":0,"post_type":"editorial","post_mime_type":"","comment_count":"0","filter":"raw"}],"autores-libros":[{"ID":8290,"post_author":"3","post_date":"2022-09-30 09:47:28","post_date_gmt":"2022-09-30 07:47:28","post_content":"","post_title":"AUDE DE TOCQUEVILLE","post_excerpt":"","post_status":"publish","comment_status":"closed","ping_status":"closed","post_password":"","post_name":"aude-de-tocqueville","to_ping":"","pinged":"","post_modified":"2022-09-30 09:47:28","post_modified_gmt":"2022-09-30 07:47:28","post_content_filtered":"","post_parent":0,"guid":"http:\/\/dev.claret.cat\/autor\/aude-de-tocqueville\/","menu_order":0,"post_type":"autor","post_mime_type":"","comment_count":"0","filter":"raw"}]},"aioseo_notices":[],"_links":{"self":[{"href":"https:\/\/www.claret.cat\/es\/wp-json\/wp\/v2\/product\/7614","targetHints":{"allow":["GET"]}}],"collection":[{"href":"https:\/\/www.claret.cat\/es\/wp-json\/wp\/v2\/product"}],"about":[{"href":"https:\/\/www.claret.cat\/es\/wp-json\/wp\/v2\/types\/product"}],"wp:featuredmedia":[{"embeddable":true,"href":"https:\/\/www.claret.cat\/es\/wp-json\/wp\/v2\/media\/76788"}],"wp:attachment":[{"href":"https:\/\/www.claret.cat\/es\/wp-json\/wp\/v2\/media?parent=7614"}],"wp:term":[{"taxonomy":"product_brand","embeddable":true,"href":"https:\/\/www.claret.cat\/es\/wp-json\/wp\/v2\/product_brand?post=7614"},{"taxonomy":"product_cat","embeddable":true,"href":"https:\/\/www.claret.cat\/es\/wp-json\/wp\/v2\/product_cat?post=7614"},{"taxonomy":"product_tag","embeddable":true,"href":"https:\/\/www.claret.cat\/es\/wp-json\/wp\/v2\/product_tag?post=7614"}],"curies":[{"name":"wp","href":"https:\/\/api.w.org\/{rel}","templated":true}]}}