{"id":762,"date":"2022-07-27T15:32:08","date_gmt":"2022-07-27T13:32:08","guid":{"rendered":"http:\/\/dev.claret.cat\/producto\/dos-tratados-averroistas-sobre-la-eternidad-del-mundo-9788431337629\/"},"modified":"2026-01-19T11:50:21","modified_gmt":"2026-01-19T10:50:21","slug":"dos-tratados-averroistas-sobre-la-eternidad-del-mundo-9788431337629","status":"publish","type":"product","link":"https:\/\/www.claret.cat\/es\/libro\/dos-tratados-averroistas-sobre-la-eternidad-del-mundo-9788431337629\/","title":{"rendered":"DOS TRATADOS AVERRO\u00cdSTAS SOBRE LA ETERNIDAD DEL MUNDO"},"content":{"rendered":"<p>?Dicen que estas son verdaderas de acuerdo a la filosof\u00eda, pero no seg\u00fan la fe cat\u00f3lica, como si hubiera dos verdades contrarias y como si, contra la verdad de la sagrada Escritura, estuviera la verdad en los dichos de las gentes da\u00f1inas?, reza el inicio del syllabus de las condenas proclamadas por Esteban Tempier en 1277. Encontramos compilaciones medievales que se refieren a ellas en su conjunto como los errores de Boecio de Dacia y de Siger de Brabante, autores cuyas obras presentamos aqu\u00ed.<br \/> La cuesti\u00f3n de la eternidad del mundo es uno de los problemas filos\u00f3ficos m\u00e1s relevantes del siglo XIII. Su origen lo encontramos en la recepci\u00f3n de la filosof\u00eda aristot\u00e9lica, con la que se inicia un nuevo pensamiento que abogar\u00eda por la autonom\u00eda de la raz\u00f3n y que extender\u00eda la tarea del fil\u00f3sofo a todos los \u00e1mbitos del saber humano, dado que, como Arist\u00f3teles dice en Metaf\u00edsica IV, es propio del fil\u00f3sofo poder especular acerca de todas las cosas.<\/p>\n","protected":false},"excerpt":{"rendered":"<p>HERR\u00c1IZ OLIVA, PILAR<\/p>\n","protected":false},"featured_media":52793,"template":"","meta":{"_acf_changed":false,"om_disable_all_campaigns":false,"rs_blank_template":"","rs_page_bg_color":"","slide_template_v7":"","inline_featured_image":false,"_monsterinsights_skip_tracking":false,"_monsterinsights_sitenote_active":false,"_monsterinsights_sitenote_note":"","_monsterinsights_sitenote_category":0},"product_brand":[],"product_cat":[415,277,275,413],"product_tag":[],"class_list":{"0":"post-762","1":"product","2":"type-product","3":"status-publish","4":"has-post-thumbnail","6":"product_cat-dogmatica-teologia-1_espiritualidad","7":"product_cat-dogmatica","8":"product_cat-fonamental","9":"product_cat-fundamental","11":"first","12":"instock","13":"taxable","14":"shipping-taxable","15":"purchasable","16":"product-type-simple"},"acf":{"autor":"HERR\u00c1IZ OLIVA, PILAR","codart":"843133762","ediciones":"1","encuadernacion":"R\u00fastica","fecha_de_publicacion":"01\/06\/2022","novedad":"1","paginas":"0","subtitulo":"SIGER DE BRABANTE Y BOECIO DE DACIA","orden":"0","portada":"0","idioma":"spa","libros-coleccion":"","autores-libros":[{"ID":5949,"post_author":"3","post_date":"2022-07-28 17:34:57","post_date_gmt":"2022-07-28 15:34:57","post_content":"","post_title":"PILAR HERR\u00c1IZ OLIVA","post_excerpt":"","post_status":"publish","comment_status":"closed","ping_status":"closed","post_password":"","post_name":"pilar-herraiz-oliva","to_ping":"","pinged":"","post_modified":"2022-07-28 17:34:57","post_modified_gmt":"2022-07-28 15:34:57","post_content_filtered":"","post_parent":0,"guid":"http:\/\/dev.claret.cat\/autor\/pilar-herraiz-oliva\/","menu_order":0,"post_type":"autor","post_mime_type":"","comment_count":"0","filter":"raw"}],"editorial":[{"ID":6251,"post_author":"3","post_date":"2022-07-28 17:48:11","post_date_gmt":"2022-07-28 15:48:11","post_content":"","post_title":"EUNSA. EDICIONES UNIVERSIDAD DE NAVARRA","post_excerpt":"","post_status":"publish","comment_status":"closed","ping_status":"closed","post_password":"","post_name":"eunsa-ediciones-universidad-de-navarra","to_ping":"","pinged":"","post_modified":"2022-07-28 17:48:11","post_modified_gmt":"2022-07-28 15:48:11","post_content_filtered":"","post_parent":0,"guid":"http:\/\/dev.claret.cat\/editorial\/eunsa-ediciones-universidad-de-navarra\/","menu_order":0,"post_type":"editorial","post_mime_type":"","comment_count":"0","filter":"raw"}],"booktrailer":"","resenas":""},"aioseo_notices":[],"_links":{"self":[{"href":"https:\/\/www.claret.cat\/es\/wp-json\/wp\/v2\/product\/762","targetHints":{"allow":["GET"]}}],"collection":[{"href":"https:\/\/www.claret.cat\/es\/wp-json\/wp\/v2\/product"}],"about":[{"href":"https:\/\/www.claret.cat\/es\/wp-json\/wp\/v2\/types\/product"}],"wp:featuredmedia":[{"embeddable":true,"href":"https:\/\/www.claret.cat\/es\/wp-json\/wp\/v2\/media\/52793"}],"wp:attachment":[{"href":"https:\/\/www.claret.cat\/es\/wp-json\/wp\/v2\/media?parent=762"}],"wp:term":[{"taxonomy":"product_brand","embeddable":true,"href":"https:\/\/www.claret.cat\/es\/wp-json\/wp\/v2\/product_brand?post=762"},{"taxonomy":"product_cat","embeddable":true,"href":"https:\/\/www.claret.cat\/es\/wp-json\/wp\/v2\/product_cat?post=762"},{"taxonomy":"product_tag","embeddable":true,"href":"https:\/\/www.claret.cat\/es\/wp-json\/wp\/v2\/product_tag?post=762"}],"curies":[{"name":"wp","href":"https:\/\/api.w.org\/{rel}","templated":true}]}}