{"id":7626,"date":"2022-09-16T12:09:52","date_gmt":"2022-09-16T10:09:52","guid":{"rendered":"http:\/\/dev.claret.cat\/producte\/com-el-riu-que-flueix\/"},"modified":"2024-01-31T19:18:19","modified_gmt":"2024-01-31T18:18:19","slug":"com-el-riu-que-flueix-9788416334568","status":"publish","type":"product","link":"https:\/\/www.claret.cat\/es\/libro\/com-el-riu-que-flueix-9788416334568\/","title":{"rendered":"COM EL RIU QUE FLUEIX"},"content":{"rendered":"<p>El curs de la vida, la hist\u00f2ria personal, la creaci\u00f3 liter\u00e0ria, observacions sobre la natura humana i apreciacions est\u00e8tiques conformen el magn\u00edfic ventall que Paulo Coelho presenta en aquest volum. A Com el riu que flueix, l&#8221;escriptor brasiler reuneix una tria de relats tan breus com intensos on \u00e9s possible navegar a trav\u00e9s de la mirada i el pensament del seu creador. El lector hi descobrir\u00e0 l&#8221;ess\u00e8ncia d&#8221;una filosofia que es fa literatura.<\/p>\n","protected":false},"excerpt":{"rendered":"<p>COELHO, PAULO<\/p>\n","protected":false},"featured_media":76736,"template":"","meta":{"_acf_changed":false,"om_disable_all_campaigns":false,"rs_blank_template":"","rs_page_bg_color":"","slide_template_v7":"","inline_featured_image":false,"_monsterinsights_skip_tracking":false,"_monsterinsights_sitenote_active":false,"_monsterinsights_sitenote_note":"","_monsterinsights_sitenote_category":0},"product_brand":[],"product_cat":[126,356],"product_tag":[],"class_list":{"0":"post-7626","1":"product","2":"type-product","3":"status-publish","4":"has-post-thumbnail","6":"product_cat-modernisme","7":"product_cat-modernismo","9":"first","10":"instock","11":"taxable","12":"shipping-taxable","13":"purchasable","14":"product-type-simple"},"acf":{"autor":"COELHO, PAULO","codart":"841633456","libros-coleccion":"","ediciones":"1","encuadernacion":"R\u00fastica","fecha_de_publicacion":"01\/10\/2015","novedad":"0","paginas":"218","subtitulo":"","orden":"999","portada":"0","idioma":"cat","editorial":[{"ID":6281,"post_author":"3","post_date":"2022-07-28 17:48:50","post_date_gmt":"2022-07-28 15:48:50","post_content":"","post_title":"LABUTXACA","post_excerpt":"","post_status":"publish","comment_status":"closed","ping_status":"closed","post_password":"","post_name":"labutxaca","to_ping":"","pinged":"","post_modified":"2022-07-28 17:48:50","post_modified_gmt":"2022-07-28 15:48:50","post_content_filtered":"","post_parent":0,"guid":"http:\/\/dev.claret.cat\/editorial\/labutxaca\/","menu_order":0,"post_type":"editorial","post_mime_type":"","comment_count":"0","filter":"raw"}],"autores-libros":[{"ID":8416,"post_author":"3","post_date":"2022-09-30 09:48:25","post_date_gmt":"2022-09-30 07:48:25","post_content":"","post_title":"PAULO COELHO","post_excerpt":"","post_status":"publish","comment_status":"closed","ping_status":"closed","post_password":"","post_name":"paulo-coelho","to_ping":"","pinged":"","post_modified":"2022-09-30 09:48:25","post_modified_gmt":"2022-09-30 07:48:25","post_content_filtered":"","post_parent":0,"guid":"http:\/\/dev.claret.cat\/autor\/paulo-coelho\/","menu_order":0,"post_type":"autor","post_mime_type":"","comment_count":"0","filter":"raw"}]},"aioseo_notices":[],"_links":{"self":[{"href":"https:\/\/www.claret.cat\/es\/wp-json\/wp\/v2\/product\/7626","targetHints":{"allow":["GET"]}}],"collection":[{"href":"https:\/\/www.claret.cat\/es\/wp-json\/wp\/v2\/product"}],"about":[{"href":"https:\/\/www.claret.cat\/es\/wp-json\/wp\/v2\/types\/product"}],"wp:featuredmedia":[{"embeddable":true,"href":"https:\/\/www.claret.cat\/es\/wp-json\/wp\/v2\/media\/76736"}],"wp:attachment":[{"href":"https:\/\/www.claret.cat\/es\/wp-json\/wp\/v2\/media?parent=7626"}],"wp:term":[{"taxonomy":"product_brand","embeddable":true,"href":"https:\/\/www.claret.cat\/es\/wp-json\/wp\/v2\/product_brand?post=7626"},{"taxonomy":"product_cat","embeddable":true,"href":"https:\/\/www.claret.cat\/es\/wp-json\/wp\/v2\/product_cat?post=7626"},{"taxonomy":"product_tag","embeddable":true,"href":"https:\/\/www.claret.cat\/es\/wp-json\/wp\/v2\/product_tag?post=7626"}],"curies":[{"name":"wp","href":"https:\/\/api.w.org\/{rel}","templated":true}]}}