{"id":7644,"date":"2022-09-16T12:11:14","date_gmt":"2022-09-16T10:11:14","guid":{"rendered":"http:\/\/dev.claret.cat\/producte\/el-padrenuestro\/"},"modified":"2024-05-02T11:25:09","modified_gmt":"2024-05-02T09:25:09","slug":"el-padrenuestro-9788428528795","status":"publish","type":"product","link":"https:\/\/www.claret.cat\/es\/libro\/el-padrenuestro-9788428528795\/","title":{"rendered":"EL PADRENUESTRO"},"content":{"rendered":"<p>\u00bfC\u00f3mo rezar\u00eda Dios con su hijo Jes\u00fas, todav\u00eda ni\u00f1o, y le explicar\u00eda el sentido del Padrenuestro?<br \/>Este libro, lleno de dulzura y sensibilidad, recupera cada una de las preciosas frases del Padrenuestro y ofrece a los ni\u00f1os la posibilidad de dirigirse a Dios como lo har\u00edan con su pap\u00e1, con plena y total confianza.<\/p>\n","protected":false},"excerpt":{"rendered":"<p>BUS, SABRINA; DENEUX, XAVIER (il)<\/p>\n","protected":false},"featured_media":0,"template":"","meta":{"_acf_changed":false,"om_disable_all_campaigns":false,"rs_blank_template":"","rs_page_bg_color":"","slide_template_v7":"","inline_featured_image":false,"_monsterinsights_skip_tracking":false,"_monsterinsights_sitenote_active":false,"_monsterinsights_sitenote_note":"","_monsterinsights_sitenote_category":0},"product_brand":[],"product_cat":[481,223,267,405,478,219],"product_tag":[],"class_list":{"0":"post-7644","1":"product","2":"type-product","3":"status-publish","5":"product_cat-biblias-infantiles","6":"product_cat-biblies-infantils","7":"product_cat-infantil-pastoral","8":"product_cat-infantil-pastoral-1_espiritualidad","9":"product_cat-infantil-catequesis-1_espiritualidad","10":"product_cat-infantil-catequesi","12":"first","13":"outofstock","14":"taxable","15":"shipping-taxable","16":"purchasable","17":"product-type-simple"},"acf":{"autor":"BUS, SABRINA; DENEUX, XAVIER (il)","codart":"842852879","libros-coleccion":"Mis primeros libros","ediciones":"1","encuadernacion":"Carton\u00e9","fecha_de_publicacion":"14\/09\/2006","novedad":"0","paginas":"12","subtitulo":"","orden":"999","portada":"0","idioma":"spa","editorial":[{"ID":6356,"post_author":"3","post_date":"2022-07-28 17:50:26","post_date_gmt":"2022-07-28 15:50:26","post_content":"","post_title":"SAN PABLO COMUNICACI\u00d3N","post_excerpt":"","post_status":"publish","comment_status":"closed","ping_status":"closed","post_password":"","post_name":"san-pablo-comunicacion","to_ping":"","pinged":"","post_modified":"2022-07-28 17:50:26","post_modified_gmt":"2022-07-28 15:50:26","post_content_filtered":"","post_parent":0,"guid":"http:\/\/dev.claret.cat\/editorial\/san-pablo-comunicacion\/","menu_order":0,"post_type":"editorial","post_mime_type":"","comment_count":"0","filter":"raw"}],"autores-libros":[{"ID":8454,"post_author":"3","post_date":"2022-09-30 09:48:42","post_date_gmt":"2022-09-30 07:48:42","post_content":"","post_title":"XAVIER (il) DENEUX","post_excerpt":"","post_status":"publish","comment_status":"closed","ping_status":"closed","post_password":"","post_name":"xavier-il-deneux","to_ping":"","pinged":"","post_modified":"2022-09-30 09:48:42","post_modified_gmt":"2022-09-30 07:48:42","post_content_filtered":"","post_parent":0,"guid":"http:\/\/dev.claret.cat\/autor\/xavier-il-deneux\/","menu_order":0,"post_type":"autor","post_mime_type":"","comment_count":"0","filter":"raw"},{"ID":8435,"post_author":"3","post_date":"2022-09-30 09:48:33","post_date_gmt":"2022-09-30 07:48:33","post_content":"","post_title":"SABRINA BUS","post_excerpt":"","post_status":"publish","comment_status":"closed","ping_status":"closed","post_password":"","post_name":"sabrina-bus","to_ping":"","pinged":"","post_modified":"2022-09-30 09:48:33","post_modified_gmt":"2022-09-30 07:48:33","post_content_filtered":"","post_parent":0,"guid":"http:\/\/dev.claret.cat\/autor\/sabrina-bus\/","menu_order":0,"post_type":"autor","post_mime_type":"","comment_count":"0","filter":"raw"}]},"aioseo_notices":[],"_links":{"self":[{"href":"https:\/\/www.claret.cat\/es\/wp-json\/wp\/v2\/product\/7644","targetHints":{"allow":["GET"]}}],"collection":[{"href":"https:\/\/www.claret.cat\/es\/wp-json\/wp\/v2\/product"}],"about":[{"href":"https:\/\/www.claret.cat\/es\/wp-json\/wp\/v2\/types\/product"}],"wp:attachment":[{"href":"https:\/\/www.claret.cat\/es\/wp-json\/wp\/v2\/media?parent=7644"}],"wp:term":[{"taxonomy":"product_brand","embeddable":true,"href":"https:\/\/www.claret.cat\/es\/wp-json\/wp\/v2\/product_brand?post=7644"},{"taxonomy":"product_cat","embeddable":true,"href":"https:\/\/www.claret.cat\/es\/wp-json\/wp\/v2\/product_cat?post=7644"},{"taxonomy":"product_tag","embeddable":true,"href":"https:\/\/www.claret.cat\/es\/wp-json\/wp\/v2\/product_tag?post=7644"}],"curies":[{"name":"wp","href":"https:\/\/api.w.org\/{rel}","templated":true}]}}