{"id":7651,"date":"2022-09-16T12:11:25","date_gmt":"2022-09-16T10:11:25","guid":{"rendered":"http:\/\/dev.claret.cat\/producte\/mi-primera-biblia\/"},"modified":"2024-05-02T11:21:18","modified_gmt":"2024-05-02T09:21:18","slug":"mi-primera-biblia-9788428530170","status":"publish","type":"product","link":"https:\/\/www.claret.cat\/es\/libro\/mi-primera-biblia-9788428530170\/","title":{"rendered":"MI PRIMERA BIBLIA"},"content":{"rendered":"<p>Esta Biblia es una magn\u00edfica iniciaci\u00f3n de los ni\u00f1os a los relatos b\u00edblicos, sobre todo para aquellos que comienzan a leer sus primeros libros.<br \/>Est\u00e1 compuesta por las historias m\u00e1s conocidas y representativas del Antiguo y Nuevo Testamento: Los Diez Mandamientos, David y Goliat, Daniel y los leones, El nacimiento de Jes\u00fas, Jes\u00fas y los disc\u00edpulos, La oraci\u00f3n del Padrenuestro\u2026<br \/>Sus textos sencillos y adaptados a las edades a las que se dirige, sus atractivas ilustraciones y sus p\u00e1ginas realizadas en cart\u00f3n duro hacen que esta sea una obra ideal para ser manejada por los m\u00e1s peque\u00f1os.<\/p>\n","protected":false},"excerpt":{"rendered":"<p>LANE,LEENA; LEWIS,JAN<\/p>\n","protected":false},"featured_media":333749,"template":"","meta":{"_acf_changed":false,"om_disable_all_campaigns":false,"rs_blank_template":"","rs_page_bg_color":"","slide_template_v7":"","inline_featured_image":false,"_monsterinsights_skip_tracking":false,"_monsterinsights_sitenote_active":false,"_monsterinsights_sitenote_note":"","_monsterinsights_sitenote_category":0},"product_brand":[],"product_cat":[132,481,223,400,254,362,216,475],"product_tag":[],"class_list":{"0":"post-7651","1":"product","2":"type-product","3":"status-publish","4":"has-post-thumbnail","6":"product_cat-lectures-per-preadolescents-6-12-anys","7":"product_cat-biblias-infantiles","8":"product_cat-biblies-infantils","9":"product_cat-leccionarios","10":"product_cat-leccionaris","11":"product_cat-libros-preadolescentes-6-12-anos","12":"product_cat-primera-comunio-catequesi-1_espiritualitat","13":"product_cat-primera-comunion","15":"first","16":"outofstock","17":"taxable","18":"shipping-taxable","19":"purchasable","20":"product-type-simple"},"acf":{"autor":"LANE,LEENA; LEWIS,JAN","codart":"842853017","libros-coleccion":"La Biblia y los ni\u00f1os","ediciones":"1","encuadernacion":"Carton\u00e9","fecha_de_publicacion":"11\/04\/2007","novedad":"0","paginas":"50","subtitulo":"PARA LOS M\u00c1S PEQUE\u00d1OS","orden":"999","portada":"0","idioma":"spa","editorial":[{"ID":6356,"post_author":"3","post_date":"2022-07-28 17:50:26","post_date_gmt":"2022-07-28 15:50:26","post_content":"","post_title":"SAN PABLO COMUNICACI\u00d3N","post_excerpt":"","post_status":"publish","comment_status":"closed","ping_status":"closed","post_password":"","post_name":"san-pablo-comunicacion","to_ping":"","pinged":"","post_modified":"2022-07-28 17:50:26","post_modified_gmt":"2022-07-28 15:50:26","post_content_filtered":"","post_parent":0,"guid":"http:\/\/dev.claret.cat\/editorial\/san-pablo-comunicacion\/","menu_order":0,"post_type":"editorial","post_mime_type":"","comment_count":"0","filter":"raw"}],"autores-libros":[{"ID":8378,"post_author":"3","post_date":"2022-09-30 09:48:07","post_date_gmt":"2022-09-30 07:48:07","post_content":"","post_title":"LEENA LANE","post_excerpt":"","post_status":"publish","comment_status":"closed","ping_status":"closed","post_password":"","post_name":"leena-lane","to_ping":"","pinged":"","post_modified":"2022-09-30 09:48:07","post_modified_gmt":"2022-09-30 07:48:07","post_content_filtered":"","post_parent":0,"guid":"http:\/\/dev.claret.cat\/autor\/leena-lane\/","menu_order":0,"post_type":"autor","post_mime_type":"","comment_count":"0","filter":"raw"},{"ID":8347,"post_author":"3","post_date":"2022-09-30 09:47:53","post_date_gmt":"2022-09-30 07:47:53","post_content":"","post_title":"JAN (il) LEWIS","post_excerpt":"","post_status":"publish","comment_status":"closed","ping_status":"closed","post_password":"","post_name":"jan-il-lewis","to_ping":"","pinged":"","post_modified":"2022-09-30 09:47:53","post_modified_gmt":"2022-09-30 07:47:53","post_content_filtered":"","post_parent":0,"guid":"http:\/\/dev.claret.cat\/autor\/jan-il-lewis\/","menu_order":0,"post_type":"autor","post_mime_type":"","comment_count":"0","filter":"raw"}],"traductores-libros":"","ilustradores-libros":"","formato":"","linkebook":"","precioebook":"","ebookportada":false,"ficha":"","muestra":"","presentacion":"","booktrailer":"","resenas":"","recomendamos":"","mas_vendido":""},"aioseo_notices":[],"_links":{"self":[{"href":"https:\/\/www.claret.cat\/es\/wp-json\/wp\/v2\/product\/7651","targetHints":{"allow":["GET"]}}],"collection":[{"href":"https:\/\/www.claret.cat\/es\/wp-json\/wp\/v2\/product"}],"about":[{"href":"https:\/\/www.claret.cat\/es\/wp-json\/wp\/v2\/types\/product"}],"wp:featuredmedia":[{"embeddable":true,"href":"https:\/\/www.claret.cat\/es\/wp-json\/wp\/v2\/media\/333749"}],"wp:attachment":[{"href":"https:\/\/www.claret.cat\/es\/wp-json\/wp\/v2\/media?parent=7651"}],"wp:term":[{"taxonomy":"product_brand","embeddable":true,"href":"https:\/\/www.claret.cat\/es\/wp-json\/wp\/v2\/product_brand?post=7651"},{"taxonomy":"product_cat","embeddable":true,"href":"https:\/\/www.claret.cat\/es\/wp-json\/wp\/v2\/product_cat?post=7651"},{"taxonomy":"product_tag","embeddable":true,"href":"https:\/\/www.claret.cat\/es\/wp-json\/wp\/v2\/product_tag?post=7651"}],"curies":[{"name":"wp","href":"https:\/\/api.w.org\/{rel}","templated":true}]}}