{"id":7665,"date":"2022-09-16T12:11:46","date_gmt":"2022-09-16T10:11:46","guid":{"rendered":"http:\/\/dev.claret.cat\/producte\/100-preguntas-y-respuestas\/"},"modified":"2024-05-02T11:07:37","modified_gmt":"2024-05-02T09:07:37","slug":"100-preguntas-y-respuestas-9788428533959","status":"publish","type":"product","link":"https:\/\/www.claret.cat\/es\/libro\/100-preguntas-y-respuestas-9788428533959\/","title":{"rendered":"100 PREGUNTAS Y RESPUESTAS"},"content":{"rendered":"<p>\u00bfC\u00f3mo debe ser la presencia p\u00fablica de la fe en la Espa\u00f1a de hoy? \u00bfHa vuelto a renacer la lucha clericalismo-anticlericalismo? \u00bfPuede la religi\u00f3n ayudar a fortalecer la convivencia? \u00bfPor qu\u00e9 se habla de retorno de lo religioso en el siglo XXI?<br \/>Estas y otras muchas preguntas, hasta llegar a 100, trata de responder Ra\u00fal Berzosa en este libro, intentando satisfacer las dudas de los cat\u00f3licos de hoy. Sirvi\u00e9ndose de la forma epistolar, y apoyando sus conclusiones en la obra de otros pensadores, el autor analiza la relaci\u00f3n entre la Iglesia y la comunidad pol\u00edtica, las ra\u00edces cristianas de Europa y el fortalecimiento del hecho religioso en nuestros d\u00edas, con un enfoque optimista y dialogante.<\/p>\n","protected":false},"excerpt":{"rendered":"<p>BERZOSA, RA\u00daL<\/p>\n","protected":false},"featured_media":333899,"template":"","meta":{"_acf_changed":false,"om_disable_all_campaigns":false,"rs_blank_template":"","rs_page_bg_color":"","slide_template_v7":"","inline_featured_image":false,"_monsterinsights_skip_tracking":false,"_monsterinsights_sitenote_active":false,"_monsterinsights_sitenote_note":"","_monsterinsights_sitenote_category":0},"product_brand":[],"product_cat":[291,517,506,264,437,163],"product_tag":[],"class_list":{"0":"post-7665","1":"product","2":"type-product","3":"status-publish","4":"has-post-thumbnail","6":"product_cat-moral-social-i-politica","7":"product_cat-moral-social-y-politica","8":"product_cat-sociales-y-obrera","9":"product_cat-socials-i-obrera","10":"product_cat-valores-y-convivencia","11":"product_cat-valors-i-convivencia","13":"first","14":"instock","15":"taxable","16":"shipping-taxable","17":"purchasable","18":"product-type-simple"},"acf":{"autor":"BERZOSA, RA\u00daL","codart":"842853395","libros-coleccion":"Pensar y creer","ediciones":"1","encuadernacion":"Carton\u00e9","fecha_de_publicacion":"28\/10\/2008","novedad":"0","paginas":"216","subtitulo":"SOBRE TEMAS SOCIALES Y POL\u00cdTICOS DE HOY","orden":"999","portada":"0","idioma":"spa","editorial":[{"ID":6356,"post_author":"3","post_date":"2022-07-28 17:50:26","post_date_gmt":"2022-07-28 15:50:26","post_content":"","post_title":"SAN PABLO COMUNICACI\u00d3N","post_excerpt":"","post_status":"publish","comment_status":"closed","ping_status":"closed","post_password":"","post_name":"san-pablo-comunicacion","to_ping":"","pinged":"","post_modified":"2022-07-28 17:50:26","post_modified_gmt":"2022-07-28 15:50:26","post_content_filtered":"","post_parent":0,"guid":"http:\/\/dev.claret.cat\/editorial\/san-pablo-comunicacion\/","menu_order":0,"post_type":"editorial","post_mime_type":"","comment_count":"0","filter":"raw"}],"autores-libros":[{"ID":8426,"post_author":"3","post_date":"2022-09-30 09:48:29","post_date_gmt":"2022-09-30 07:48:29","post_content":"","post_title":"RAUL BERZOSA","post_excerpt":"","post_status":"publish","comment_status":"closed","ping_status":"closed","post_password":"","post_name":"raul-berzosa","to_ping":"","pinged":"","post_modified":"2022-09-30 09:48:29","post_modified_gmt":"2022-09-30 07:48:29","post_content_filtered":"","post_parent":0,"guid":"http:\/\/dev.claret.cat\/autor\/raul-berzosa\/","menu_order":0,"post_type":"autor","post_mime_type":"","comment_count":"0","filter":"raw"}]},"aioseo_notices":[],"_links":{"self":[{"href":"https:\/\/www.claret.cat\/es\/wp-json\/wp\/v2\/product\/7665","targetHints":{"allow":["GET"]}}],"collection":[{"href":"https:\/\/www.claret.cat\/es\/wp-json\/wp\/v2\/product"}],"about":[{"href":"https:\/\/www.claret.cat\/es\/wp-json\/wp\/v2\/types\/product"}],"wp:featuredmedia":[{"embeddable":true,"href":"https:\/\/www.claret.cat\/es\/wp-json\/wp\/v2\/media\/333899"}],"wp:attachment":[{"href":"https:\/\/www.claret.cat\/es\/wp-json\/wp\/v2\/media?parent=7665"}],"wp:term":[{"taxonomy":"product_brand","embeddable":true,"href":"https:\/\/www.claret.cat\/es\/wp-json\/wp\/v2\/product_brand?post=7665"},{"taxonomy":"product_cat","embeddable":true,"href":"https:\/\/www.claret.cat\/es\/wp-json\/wp\/v2\/product_cat?post=7665"},{"taxonomy":"product_tag","embeddable":true,"href":"https:\/\/www.claret.cat\/es\/wp-json\/wp\/v2\/product_tag?post=7665"}],"curies":[{"name":"wp","href":"https:\/\/api.w.org\/{rel}","templated":true}]}}